{"id":14700,"date":"2025-12-18T12:29:53","date_gmt":"2025-12-18T12:29:53","guid":{"rendered":"https:\/\/sabanadelamartours.com\/?post_type=product&#038;p=14700"},"modified":"2025-12-18T12:39:39","modified_gmt":"2025-12-18T12:39:39","slug":"desde-punta-cana-o-la-romana-excursion-cultural-de-un-dia-a-santo-domingo","status":"publish","type":"product","link":"https:\/\/sabanadelamartours.com\/es\/visita\/desde-punta-cana-o-la-romana-excursion-cultural-de-un-dia-a-santo-domingo\/","title":{"rendered":"Desde Punta Cana o La Romana: Excursi\u00f3n cultural de un d\u00eda a Santo Domingo"},"content":{"rendered":"<p>Comience la aventura con una visita a la gruta de Los Tres Ojos, con impresionantes lagos de agua dulce dentro de una cautivadora cueva. Explora el exterior del Faro de Col\u00f3n, donde se dice que descansan los restos del explorador.<\/p>\n<p>Marav\u00edllese ante la arquitectura neocl\u00e1sica del Palacio Presidencial y ad\u00e9ntrese en el coraz\u00f3n de la historia de Santo Domingo en la Ciudad Colonial. Destacan la Catedral Primada de Am\u00e9rica, la calle de Las Damas y el Pante\u00f3n Nacional. La Plaza de Espa\u00f1a ofrece impresionantes vistas del r\u00edo Ozama y alberga el Alc\u00e1zar de Col\u00f3n, antigua residencia del Almirante.<\/p>\n<p>Visite una tienda de recuerdos para descubrir la singular piedra Larimar, exclusiva de la Rep\u00fablica Dominicana. Disfrute de tiempo libre para tomar un caf\u00e9 y pasear por la calle El Conde. Reponga fuerzas con un delicioso almuerzo buffet con platos t\u00edpicos.<\/p>\n<p>Rel\u00e1jate en el Malec\u00f3n para admirar el mar Caribe tambi\u00e9n desde la capital.<\/p>","protected":false},"excerpt":{"rendered":"<div data-track=\"overview\" data-v-83a2b402=\"\">\n<section id=\"activity-overview\" class=\"activity-overview\" data-component=\"overview\" data-v-83a2b402=\"\" data-v-f3236c42=\"\">\n<p class=\"activity-overview__content\" data-test-id=\"activity-overview-content\" data-v-f3236c42=\"\">Explore las maravillas hist\u00f3ricas de Santo Domingo en una inmersiva excursi\u00f3n de un d\u00eda. Descubra el legado de la familia Col\u00f3n, visite lugares emblem\u00e1ticos y pasee por la encantadora Ciudad Colonial y la Gruta.<\/p>\n<\/section>\n<\/div>\n<div data-track=\"key-details\" data-v-83a2b402=\"\"><\/div>","protected":false},"featured_media":14911,"template":"","meta":[],"product_brand":[],"product_cat":[97],"product_tag":[101,102],"class_list":{"0":"post-14700","1":"product","2":"type-product","3":"status-publish","4":"has-post-thumbnail","6":"product_cat-dominican-republic","7":"product_tag-excursion","8":"product_tag-tour","10":"first","11":"instock","12":"shipping-taxable","13":"product-type-external"},"_links":{"self":[{"href":"https:\/\/sabanadelamartours.com\/es\/wp-json\/wp\/v2\/product\/14700","targetHints":{"allow":["GET"]}}],"collection":[{"href":"https:\/\/sabanadelamartours.com\/es\/wp-json\/wp\/v2\/product"}],"about":[{"href":"https:\/\/sabanadelamartours.com\/es\/wp-json\/wp\/v2\/types\/product"}],"version-history":[{"count":0,"href":"https:\/\/sabanadelamartours.com\/es\/wp-json\/wp\/v2\/product\/14700\/revisions"}],"wp:featuredmedia":[{"embeddable":true,"href":"https:\/\/sabanadelamartours.com\/es\/wp-json\/wp\/v2\/media\/14911"}],"wp:attachment":[{"href":"https:\/\/sabanadelamartours.com\/es\/wp-json\/wp\/v2\/media?parent=14700"}],"wp:term":[{"taxonomy":"product_brand","embeddable":true,"href":"https:\/\/sabanadelamartours.com\/es\/wp-json\/wp\/v2\/product_brand?post=14700"},{"taxonomy":"product_cat","embeddable":true,"href":"https:\/\/sabanadelamartours.com\/es\/wp-json\/wp\/v2\/product_cat?post=14700"},{"taxonomy":"product_tag","embeddable":true,"href":"https:\/\/sabanadelamartours.com\/es\/wp-json\/wp\/v2\/product_tag?post=14700"}],"curies":[{"name":"wp","href":"https:\/\/api.w.org\/{rel}","templated":true}]}}