{"id":14747,"date":"2025-12-18T12:32:20","date_gmt":"2025-12-18T12:32:20","guid":{"rendered":"https:\/\/sabanadelamartours.com\/?post_type=product&#038;p=14747"},"modified":"2026-02-11T10:53:38","modified_gmt":"2026-02-11T10:53:38","slug":"excursion-familiar-en-catamaran-a-punta-cana","status":"publish","type":"product","link":"https:\/\/sabanadelamartours.com\/es\/visita\/excursion-familiar-en-catamaran-a-punta-cana\/","title":{"rendered":"La mejor fiesta en barco en Punta Cana"},"content":{"rendered":"<p>Exploraci\u00f3n de islas:<\/p>\n<p>Mientras navegamos hacia impresionantes destinos de buceo, disfrute de las impresionantes vistas de paisajes costeros e islas lejanas. Nuestra experimentada tripulaci\u00f3n le proporcionar\u00e1 informaci\u00f3n interesante sobre la vida marina local y los lugares de inter\u00e9s, haciendo que el viaje sea tan informativo como entretenido.<\/p>\n<p>Para\u00edso del snorkel\/Vea los delfines:<\/p>\n<p>Eche el ancla en pr\u00edstinos lugares para practicar snorkel repletos de vibrantes arrecifes de coral y ex\u00f3tica vida marina. Sum\u00e9rjase en aguas cristalinas y descubra un mundo bajo la superficie. Le proporcionaremos el equipo de snorkel, para que tenga la oportunidad de contemplar el caleidoscopio de colores que habita bajo el agua. Contemple a los delfines mientras navegamos junto a la incre\u00edble Isla de los Delfines, construida por el hombre.<\/p>\n<p>Fiesta en la Piscina Natural:<\/p>\n<div class=\"toggle-content__content toggle-content__content--expanded toggle-content__content--packable\" data-v-59485d64=\"\">\n<div data-test-id=\"activity-full-description-text\" data-v-5835c99c=\"\">Nuestra experimentada tripulaci\u00f3n est\u00e1 dedicada a asegurar que su experiencia sea nada menos que incre\u00edble. Disfrute de m\u00fasica en directo, ritmos de DJ y un ambiente festivo mientras navegamos por la pintoresca costa. Si prefiere bailar en la cubierta o descansar con una bebida refrescante, nuestro barco de fiesta ofrece algo para todos.<\/div>\n<\/div>\n<div class=\"toggle-content__label-placeholder\" data-v-59485d64=\"\"><\/div>","protected":false},"excerpt":{"rendered":"<div data-track=\"overview\" data-v-83a2b402=\"\">\n<section id=\"activity-overview\" class=\"activity-overview\" data-component=\"overview\" data-v-83a2b402=\"\" data-v-f3236c42=\"\">\n<p class=\"activity-overview__content\" data-test-id=\"activity-overview-content\" data-v-f3236c42=\"\">Nuestro barco de fiesta es tu patio de recreo flotante. Baila al ritmo de un DJ en directo que pinchar\u00e1 m\u00fasica para todos, para que la fiesta no pare nunca.<\/p>\n<\/section>\n<\/div>\n<div data-track=\"key-details\" data-v-83a2b402=\"\"><\/div>","protected":false},"featured_media":13700,"template":"","meta":[],"product_brand":[],"product_cat":[97],"product_tag":[101,102],"class_list":{"0":"post-14747","1":"product","2":"type-product","3":"status-publish","4":"has-post-thumbnail","6":"product_cat-dominican-republic","7":"product_tag-excursion","8":"product_tag-tour","10":"first","11":"instock","12":"shipping-taxable","13":"product-type-external"},"_links":{"self":[{"href":"https:\/\/sabanadelamartours.com\/es\/wp-json\/wp\/v2\/product\/14747","targetHints":{"allow":["GET"]}}],"collection":[{"href":"https:\/\/sabanadelamartours.com\/es\/wp-json\/wp\/v2\/product"}],"about":[{"href":"https:\/\/sabanadelamartours.com\/es\/wp-json\/wp\/v2\/types\/product"}],"version-history":[{"count":1,"href":"https:\/\/sabanadelamartours.com\/es\/wp-json\/wp\/v2\/product\/14747\/revisions"}],"predecessor-version":[{"id":18962,"href":"https:\/\/sabanadelamartours.com\/es\/wp-json\/wp\/v2\/product\/14747\/revisions\/18962"}],"wp:featuredmedia":[{"embeddable":true,"href":"https:\/\/sabanadelamartours.com\/es\/wp-json\/wp\/v2\/media\/13700"}],"wp:attachment":[{"href":"https:\/\/sabanadelamartours.com\/es\/wp-json\/wp\/v2\/media?parent=14747"}],"wp:term":[{"taxonomy":"product_brand","embeddable":true,"href":"https:\/\/sabanadelamartours.com\/es\/wp-json\/wp\/v2\/product_brand?post=14747"},{"taxonomy":"product_cat","embeddable":true,"href":"https:\/\/sabanadelamartours.com\/es\/wp-json\/wp\/v2\/product_cat?post=14747"},{"taxonomy":"product_tag","embeddable":true,"href":"https:\/\/sabanadelamartours.com\/es\/wp-json\/wp\/v2\/product_tag?post=14747"}],"curies":[{"name":"wp","href":"https:\/\/api.w.org\/{rel}","templated":true}]}}