{"id":14759,"date":"2025-12-18T12:32:56","date_gmt":"2025-12-18T12:32:56","guid":{"rendered":"https:\/\/sabanadelamartours.com\/?post_type=product&#038;p=14759"},"modified":"2026-02-11T13:17:40","modified_gmt":"2026-02-11T13:17:40","slug":"isla-catalina-excursion-en-barco-estancia-en-la-playa-almuerzo-bebidas-gratis","status":"publish","type":"product","link":"https:\/\/sabanadelamartours.com\/es\/visita\/isla-catalina-excursion-en-barco-estancia-en-la-playa-almuerzo-bebidas-gratis\/","title":{"rendered":"Excursi\u00f3n a la Isla Catalina: Barco, estancia en la playa, almuerzo y bebidas gratis"},"content":{"rendered":"<p>El viaje a Punta Cana Isla Catalina incluye recogida y regreso desde cualquier hotel o zona de B\u00e1varo\/Punta Cana y transporte en modernos autobuses con conductores expertos, acompa\u00f1ados por un gu\u00eda profesional multiling\u00fce.<\/p>\n<p>Su aventura comienza cuando sube a bordo de un barco y se dirige al primer punto de inmersi\u00f3n. Nuestro equipo de buceo certificado por PADI le presentar\u00e1 los procedimientos de salud y seguridad a bordo y le ofrecer\u00e1 una sesi\u00f3n informativa sobre snorkel, ayud\u00e1ndole a encontrar el equipo que se adapte a usted. Tambi\u00e9n disfrutar\u00e1 de bebidas de un bar abierto y de m\u00fasica seleccionada por el equipo de entretenimiento para mantenerle con energ\u00eda durante el paseo en barco.<\/p>\n<p>Dirigi\u00e9ndose hacia el lado este de Punta Cana Isla Catalina, nuestro catamar\u00e1n le llevar\u00e1 a un sitio de snorkel conocido como la \u00abPared\u00bb, que atiende tanto a principiantes como a expertos snorkelistas. Los chalecos salvavidas est\u00e1n a disposici\u00f3n de cualquiera. snorkel que tambi\u00e9n da la oportunidad de observar fant\u00e1sticas especies marinas. El equipo est\u00e1 incluido. Durante una hora de snorkel, tendr\u00e1 la oportunidad de descubrir la belleza natural marina. Quedar\u00e1 fascinado por la incre\u00edble visibilidad del agua y un asombroso ecosistema submarino.<\/p>\n<p>Suba de nuevo a bordo del barco y disfrute de bebidas alcoh\u00f3licas y refrescos de camino a una playa privada de la isla Catalina. All\u00ed podr\u00e1 relajarse o pasear por la playa. En el bar dispondr\u00e1 de equipo de snorkel por si desea volver a bucear cerca de la isla. Adem\u00e1s, \u00a1no pierda la oportunidad de hacer las mejores fotos de su vida en la fabulosa Isla Catalina!<\/p>\n<p>Del\u00e9itese con la comida tradicional dominicana (carne, arroz, pasta, ensaladas, fruta local) preparada por un chef local de renombre. Por un pago adicional, podr\u00e1 disfrutar de una deliciosa langosta fresca. Por favor, h\u00e1ganos saber de antemano si desea una opci\u00f3n de almuerzo VIP.<\/p>\n<div class=\"toggle-content__content toggle-content__content--expanded toggle-content__content--packable\" data-v-59485d64=\"\">\n<div data-test-id=\"activity-full-description-text\" data-v-5835c99c=\"\">Despu\u00e9s de comer, puede seguir relaj\u00e1ndose en la playa. Podr\u00e1 relajarse, practicar snorkel o nadar de nuevo, disfrutar del bar abierto o simplemente escuchar las relajantes olas y abrazar la vigorizante brisa marina.<\/div>\n<\/div>\n<div class=\"toggle-content__label-placeholder\" data-v-59485d64=\"\"><\/div>","protected":false},"excerpt":{"rendered":"<div data-track=\"overview\" data-v-83a2b402=\"\">\n<section id=\"activity-overview\" class=\"activity-overview\" data-component=\"overview\" data-v-83a2b402=\"\" data-v-f3236c42=\"\">\n<p class=\"activity-overview__content\" data-test-id=\"activity-overview-content\" data-v-f3236c42=\"\">Viaje inolvidable a Isla Catalina desde Punta Cana. Practique snorkel en el cautivador mar azul, rel\u00e1jese en playas v\u00edrgenes y saboree un almuerzo tradicional dominicano. Entretenimiento, buena m\u00fasica y barra libre.<\/p>\n<\/section>\n<\/div>\n<div data-track=\"key-details\" data-v-83a2b402=\"\"><\/div>","protected":false},"featured_media":14972,"template":"","meta":[],"product_brand":[],"product_cat":[97],"product_tag":[101,102],"class_list":{"0":"post-14759","1":"product","2":"type-product","3":"status-publish","4":"has-post-thumbnail","6":"product_cat-dominican-republic","7":"product_tag-excursion","8":"product_tag-tour","10":"first","11":"instock","12":"shipping-taxable","13":"product-type-external"},"_links":{"self":[{"href":"https:\/\/sabanadelamartours.com\/es\/wp-json\/wp\/v2\/product\/14759","targetHints":{"allow":["GET"]}}],"collection":[{"href":"https:\/\/sabanadelamartours.com\/es\/wp-json\/wp\/v2\/product"}],"about":[{"href":"https:\/\/sabanadelamartours.com\/es\/wp-json\/wp\/v2\/types\/product"}],"version-history":[{"count":1,"href":"https:\/\/sabanadelamartours.com\/es\/wp-json\/wp\/v2\/product\/14759\/revisions"}],"predecessor-version":[{"id":19048,"href":"https:\/\/sabanadelamartours.com\/es\/wp-json\/wp\/v2\/product\/14759\/revisions\/19048"}],"wp:featuredmedia":[{"embeddable":true,"href":"https:\/\/sabanadelamartours.com\/es\/wp-json\/wp\/v2\/media\/14972"}],"wp:attachment":[{"href":"https:\/\/sabanadelamartours.com\/es\/wp-json\/wp\/v2\/media?parent=14759"}],"wp:term":[{"taxonomy":"product_brand","embeddable":true,"href":"https:\/\/sabanadelamartours.com\/es\/wp-json\/wp\/v2\/product_brand?post=14759"},{"taxonomy":"product_cat","embeddable":true,"href":"https:\/\/sabanadelamartours.com\/es\/wp-json\/wp\/v2\/product_cat?post=14759"},{"taxonomy":"product_tag","embeddable":true,"href":"https:\/\/sabanadelamartours.com\/es\/wp-json\/wp\/v2\/product_tag?post=14759"}],"curies":[{"name":"wp","href":"https:\/\/api.w.org\/{rel}","templated":true}]}}