{"id":14783,"date":"2025-12-18T12:34:07","date_gmt":"2025-12-18T12:34:07","guid":{"rendered":"https:\/\/sabanadelamartours.com\/?post_type=product&#038;p=14783"},"modified":"2026-02-12T01:34:14","modified_gmt":"2026-02-12T01:34:14","slug":"tour-buggy-de-medio-dia-playa-macao","status":"publish","type":"product","link":"https:\/\/sabanadelamartours.com\/es\/visita\/tour-buggy-de-medio-dia-playa-macao\/","title":{"rendered":"Tour Buggy de Medio d\u00eda Playa Macao"},"content":{"rendered":"<p>El Macau Buggy Tour es una de las excursiones m\u00e1s populares en Punta Cana, es esta inolvidable aventura de medio d\u00eda, conduciremos un Buggy por las carreteras del interior dominicano. Una excursi\u00f3n de pura diversi\u00f3n, adrenalina, barro y agua, donde tendr\u00e1s la oportunidad de descubrir un poco de la verdadera Rep\u00fablica Dominicana.<\/p>\n<p>Conduciremos campo a trav\u00e9s hasta llegar a una impresionante vista de la playa de Macao, donde pararemos para darnos un ba\u00f1o en sus hipnotizantes aguas azules.<\/p>","protected":false},"excerpt":{"rendered":"<div data-track=\"overview\" data-v-83a2b402=\"\">\n<section id=\"activity-overview\" class=\"activity-overview\" data-component=\"overview\" data-v-83a2b402=\"\" data-v-f3236c42=\"\">\n<p class=\"activity-overview__content\" data-test-id=\"activity-overview-content\" data-v-f3236c42=\"\">Disfrute de un d\u00eda lleno de acci\u00f3n en el campo a bordo de un quad o buggies. Visite algunos de los lugares m\u00e1s bellos de Punta Cana, como la singular playa de Macao y el cenote Taina.<\/p>\n<\/section>\n<\/div>\n<div data-track=\"key-details\" data-v-83a2b402=\"\"><\/div>","protected":false},"featured_media":15001,"template":"","meta":[],"product_brand":[],"product_cat":[97],"product_tag":[101,102],"class_list":{"0":"post-14783","1":"product","2":"type-product","3":"status-publish","4":"has-post-thumbnail","6":"product_cat-dominican-republic","7":"product_tag-excursion","8":"product_tag-tour","10":"first","11":"instock","12":"shipping-taxable","13":"product-type-external"},"_links":{"self":[{"href":"https:\/\/sabanadelamartours.com\/es\/wp-json\/wp\/v2\/product\/14783","targetHints":{"allow":["GET"]}}],"collection":[{"href":"https:\/\/sabanadelamartours.com\/es\/wp-json\/wp\/v2\/product"}],"about":[{"href":"https:\/\/sabanadelamartours.com\/es\/wp-json\/wp\/v2\/types\/product"}],"version-history":[{"count":1,"href":"https:\/\/sabanadelamartours.com\/es\/wp-json\/wp\/v2\/product\/14783\/revisions"}],"predecessor-version":[{"id":19051,"href":"https:\/\/sabanadelamartours.com\/es\/wp-json\/wp\/v2\/product\/14783\/revisions\/19051"}],"wp:featuredmedia":[{"embeddable":true,"href":"https:\/\/sabanadelamartours.com\/es\/wp-json\/wp\/v2\/media\/15001"}],"wp:attachment":[{"href":"https:\/\/sabanadelamartours.com\/es\/wp-json\/wp\/v2\/media?parent=14783"}],"wp:term":[{"taxonomy":"product_brand","embeddable":true,"href":"https:\/\/sabanadelamartours.com\/es\/wp-json\/wp\/v2\/product_brand?post=14783"},{"taxonomy":"product_cat","embeddable":true,"href":"https:\/\/sabanadelamartours.com\/es\/wp-json\/wp\/v2\/product_cat?post=14783"},{"taxonomy":"product_tag","embeddable":true,"href":"https:\/\/sabanadelamartours.com\/es\/wp-json\/wp\/v2\/product_tag?post=14783"}],"curies":[{"name":"wp","href":"https:\/\/api.w.org\/{rel}","templated":true}]}}