{"id":14851,"date":"2025-12-18T12:37:01","date_gmt":"2025-12-18T12:37:01","guid":{"rendered":"https:\/\/sabanadelamartours.com\/?post_type=product&#038;p=14851"},"modified":"2026-02-11T10:58:58","modified_gmt":"2026-02-11T10:58:58","slug":"punta-cana-emocionantes-paseos-en-buggy-por-la-playa-con-guia","status":"publish","type":"product","link":"https:\/\/sabanadelamartours.com\/es\/visita\/punta-cana-emocionantes-paseos-en-buggy-por-la-playa-con-guia\/","title":{"rendered":"Excursi\u00f3n a las Delicias de la Isla Saona desde Punta Cana \/ B\u00e1varo"},"content":{"rendered":"<p>Excursi\u00f3n a las Delicias de la Isla Saona desde Punta Cana \/ B\u00e1varo<\/p>\n<p>Emb\u00e1rquese en una inolvidable excursi\u00f3n a la isla Saona, un para\u00edso tropical en el coraz\u00f3n del mar Caribe. Esta excursi\u00f3n le llevar\u00e1 a explorar algunas de las playas m\u00e1s hermosas de la Rep\u00fablica Dominicana, conocidas por su arena blanca y sus aguas cristalinas.<\/p>\n<p>Su aventura comienza con un emocionante paseo en lancha r\u00e1pida, donde parar\u00e1 en las famosas piscinas naturales de la isla. Aqu\u00ed podr\u00e1 nadar y relajarse en aguas poco profundas, rodeado de estrellas de mar y una incre\u00edble vista del oc\u00e9ano.<\/p>\n<p>A su llegada a la Isla Saona, tendr\u00e1 tiempo para relajarse en la playa, tomar el sol y disfrutar del entorno paradis\u00edaco. Para almorzar, le espera un delicioso buf\u00e9 con platos t\u00edpicos dominicanos, como pescado fresco, pollo a la parrilla, arroz, ensaladas y frutas tropicales, Saona Island Delights.<\/p>\n<p>Despu\u00e9s de comer, tendr\u00e1 tiempo libre para explorar la isla, hacer fotos o simplemente relajarse bajo las palmeras. Para el viaje de vuelta, cambiar\u00e1 el ritmo con un tranquilo paseo en catamar\u00e1n, donde podr\u00e1 disfrutar de m\u00fasica, bebidas y un ambiente festivo mientras navega de vuelta a tierra firme.<\/p>\n<p>Esta excursi\u00f3n es perfecta para aquellos que buscan una combinaci\u00f3n de relajaci\u00f3n, aventura y la belleza natural de la Rep\u00fablica Dominicana, Saona Island Delights.<\/p>","protected":false},"excerpt":{"rendered":"<div data-track=\"overview\" data-v-83a2b402=\"\">\n<section id=\"activity-overview\" class=\"activity-overview\" data-component=\"overview\" data-v-83a2b402=\"\" data-v-f3236c42=\"\">\n<p class=\"activity-overview__content\" data-test-id=\"activity-overview-content\" data-v-f3236c42=\"\">Disfrute de un d\u00eda en la isla Saona: rel\u00e1jese en playas de arena blanca, b\u00e1\u00f1ese en aguas cristalinas, nade en piscinas naturales y disfrute de un almuerzo t\u00edpico dominicano en un para\u00edso tropical.<\/p>\n<\/section>\n<\/div>\n<div data-track=\"key-details\" data-v-83a2b402=\"\"><\/div>","protected":false},"featured_media":13811,"template":"","meta":[],"product_brand":[],"product_cat":[97,98],"product_tag":[101,102],"class_list":{"0":"post-14851","1":"product","2":"type-product","3":"status-publish","4":"has-post-thumbnail","6":"product_cat-dominican-republic","7":"product_cat-saona-island","8":"product_tag-excursion","9":"product_tag-tour","11":"first","12":"instock","13":"shipping-taxable","14":"product-type-external"},"_links":{"self":[{"href":"https:\/\/sabanadelamartours.com\/es\/wp-json\/wp\/v2\/product\/14851","targetHints":{"allow":["GET"]}}],"collection":[{"href":"https:\/\/sabanadelamartours.com\/es\/wp-json\/wp\/v2\/product"}],"about":[{"href":"https:\/\/sabanadelamartours.com\/es\/wp-json\/wp\/v2\/types\/product"}],"version-history":[{"count":2,"href":"https:\/\/sabanadelamartours.com\/es\/wp-json\/wp\/v2\/product\/14851\/revisions"}],"predecessor-version":[{"id":18969,"href":"https:\/\/sabanadelamartours.com\/es\/wp-json\/wp\/v2\/product\/14851\/revisions\/18969"}],"wp:featuredmedia":[{"embeddable":true,"href":"https:\/\/sabanadelamartours.com\/es\/wp-json\/wp\/v2\/media\/13811"}],"wp:attachment":[{"href":"https:\/\/sabanadelamartours.com\/es\/wp-json\/wp\/v2\/media?parent=14851"}],"wp:term":[{"taxonomy":"product_brand","embeddable":true,"href":"https:\/\/sabanadelamartours.com\/es\/wp-json\/wp\/v2\/product_brand?post=14851"},{"taxonomy":"product_cat","embeddable":true,"href":"https:\/\/sabanadelamartours.com\/es\/wp-json\/wp\/v2\/product_cat?post=14851"},{"taxonomy":"product_tag","embeddable":true,"href":"https:\/\/sabanadelamartours.com\/es\/wp-json\/wp\/v2\/product_tag?post=14851"}],"curies":[{"name":"wp","href":"https:\/\/api.w.org\/{rel}","templated":true}]}}