{"id":14869,"date":"2025-12-18T12:37:37","date_gmt":"2025-12-18T12:37:37","guid":{"rendered":"https:\/\/sabanadelamartours.com\/?post_type=product&#038;p=14869"},"modified":"2026-01-09T03:21:52","modified_gmt":"2026-01-09T03:21:52","slug":"desde-punta-cana-samana-excursion-de-dia-completo-en-bus-y-barco","status":"publish","type":"product","link":"https:\/\/sabanadelamartours.com\/es\/visita\/desde-punta-cana-samana-excursion-de-dia-completo-en-bus-y-barco\/","title":{"rendered":"Desde Punta Cana: Excursi\u00f3n de d\u00eda completo a Saman\u00e1 en autob\u00fas y barco"},"content":{"rendered":"<p>Benef\u00edciese de la recogida en el hotel en las zonas de Punta Cana, B\u00e1varo, Uvero Alto y Bayahibe y, a continuaci\u00f3n, experimente la incre\u00edble campi\u00f1a de la Rep\u00fablica Dominicana desde m\u00faltiples perspectivas. Recorra carreteras rurales y obtenga un sinf\u00edn de oportunidades fotogr\u00e1ficas.<\/p>\n<p>Comience con una hora de trayecto por la carretera de El Seybo desde B\u00e1varo hasta Miches. Dir\u00edjase al muelle para embarcar en una lancha r\u00e1pida hasta Santa B\u00e1rbara de Saman\u00e1. A su llegada, suba a bordo de un cami\u00f3n tipo safari y viaje hasta El Lim\u00f3n. Visite una casa isle\u00f1a y pruebe frutas aut\u00f3ctonas y org\u00e1nicas de la plantaci\u00f3n.<\/p>\n<p>Contin\u00fae hasta la majestuosa Cascada de El Lim\u00f3n con un corto paseo a caballo por la selva tropical. Obtenga una vista \u00fanica de las aguas cristalinas desde la monta\u00f1a antes de despedirse de los caballos y caminar junto al r\u00edo para darse un refrescante chapuz\u00f3n en la cascada.<\/p>\n<p>Reponga fuerzas con una comida t\u00edpica tipo buffet en el Rancho T\u00edpico y disfrute de un breve descanso antes de regresar al muelle de Saman\u00e1.<\/p>\n<div class=\"toggle-content__content toggle-content__content--expanded toggle-content__content--packable\" data-v-59485d64=\"\">\n<div data-test-id=\"activity-full-description-text\" data-v-5835c99c=\"\">Viaje en lancha r\u00e1pida hasta la isla Bacard\u00ed o Cayo Levantado y b\u00e1\u00f1ese en sus aguas turquesas a su llegada. A continuaci\u00f3n, embarque en su lancha r\u00e1pida para un \u00faltimo viaje a Miches, donde le esperar\u00e1 un autob\u00fas para llevarle de vuelta a su hotel.<\/div>\n<\/div>\n<div class=\"toggle-content__label-placeholder\" data-v-59485d64=\"\"><\/div>","protected":false},"excerpt":{"rendered":"<div data-track=\"overview\" data-v-83a2b402=\"\">\n<section id=\"activity-overview\" class=\"activity-overview\" data-component=\"overview\" data-v-83a2b402=\"\" data-v-f3236c42=\"\">\n<p class=\"activity-overview__content\" data-test-id=\"activity-overview-content\" data-v-f3236c42=\"\">Conozca la Rep\u00fablica Dominicana en una excursi\u00f3n de Punta Cana a Saman\u00e1. Cabalgue hasta la cascada del Lim\u00f3n, visite Cayo Levantado, la isla de Bacard\u00ed, una casa t\u00edpica y disfrute de una comida tipo buf\u00e9.<\/p>\n<\/section>\n<\/div>\n<div data-track=\"key-details\" data-v-83a2b402=\"\"><\/div>","protected":false},"featured_media":15085,"template":"","meta":[],"product_brand":[],"product_cat":[77],"product_tag":[101,102],"class_list":{"0":"post-14869","1":"product","2":"type-product","3":"status-publish","4":"has-post-thumbnail","6":"product_cat-uncategorized","7":"product_tag-excursion","8":"product_tag-tour","10":"first","11":"instock","12":"shipping-taxable","13":"product-type-external"},"_links":{"self":[{"href":"https:\/\/sabanadelamartours.com\/es\/wp-json\/wp\/v2\/product\/14869","targetHints":{"allow":["GET"]}}],"collection":[{"href":"https:\/\/sabanadelamartours.com\/es\/wp-json\/wp\/v2\/product"}],"about":[{"href":"https:\/\/sabanadelamartours.com\/es\/wp-json\/wp\/v2\/types\/product"}],"version-history":[{"count":1,"href":"https:\/\/sabanadelamartours.com\/es\/wp-json\/wp\/v2\/product\/14869\/revisions"}],"predecessor-version":[{"id":18661,"href":"https:\/\/sabanadelamartours.com\/es\/wp-json\/wp\/v2\/product\/14869\/revisions\/18661"}],"wp:featuredmedia":[{"embeddable":true,"href":"https:\/\/sabanadelamartours.com\/es\/wp-json\/wp\/v2\/media\/15085"}],"wp:attachment":[{"href":"https:\/\/sabanadelamartours.com\/es\/wp-json\/wp\/v2\/media?parent=14869"}],"wp:term":[{"taxonomy":"product_brand","embeddable":true,"href":"https:\/\/sabanadelamartours.com\/es\/wp-json\/wp\/v2\/product_brand?post=14869"},{"taxonomy":"product_cat","embeddable":true,"href":"https:\/\/sabanadelamartours.com\/es\/wp-json\/wp\/v2\/product_cat?post=14869"},{"taxonomy":"product_tag","embeddable":true,"href":"https:\/\/sabanadelamartours.com\/es\/wp-json\/wp\/v2\/product_tag?post=14869"}],"curies":[{"name":"wp","href":"https:\/\/api.w.org\/{rel}","templated":true}]}}