{"id":14938,"date":"2025-12-18T12:40:42","date_gmt":"2025-12-18T12:40:42","guid":{"rendered":"https:\/\/sabanadelamartours.com\/?post_type=product&#038;p=14938"},"modified":"2026-01-09T03:27:44","modified_gmt":"2026-01-09T03:27:44","slug":"aventura-en-buggy-en-punta-cana-con-bano-privado-en-cenote-caverna","status":"publish","type":"product","link":"https:\/\/sabanadelamartours.com\/es\/visita\/aventura-en-buggy-en-punta-cana-con-bano-privado-en-cenote-caverna\/","title":{"rendered":"Aventura en buggy en Punta Cana con ba\u00f1o privado en cenote cavernario"},"content":{"rendered":"<p>Prep\u00e1rese para embarcarse en una emocionante aventura que le llevar\u00e1 de viaje por el escarpado terreno de Macao. Podr\u00e1s explorar senderos ocultos y rec\u00f3nditos paisajes selv\u00e1ticos que te dejar\u00e1n hipnotizado.<\/p>\n<p>La aventura comenzar\u00e1 con un servicio de recogida en su complejo tur\u00edstico de Punta Cana. A continuaci\u00f3n, se subir\u00e1 a un emocionante paseo en buggy que est\u00e1 ampliamente considerado como el mejor de la zona. Durante todo el trayecto, le acompa\u00f1ar\u00e1n gu\u00edas amables y biling\u00fces que le proporcionar\u00e1n el equipo necesario y una sesi\u00f3n informativa sobre seguridad para garantizar que est\u00e9 totalmente preparado para la aventura que le espera.<\/p>\n<p>Puede personalizar su aventura seg\u00fan sus preferencias, con dos horarios de recorrido y tres tipos de veh\u00edculos para elegir. Si quieres divertirte solo, compartir la experiencia con un amigo o llevar a toda la familia, hay algo para todos.<\/p>\n<div class=\"toggle-content__content toggle-content__content--expanded toggle-content__content--packable\" data-v-59485d64=\"\">\n<div data-test-id=\"activity-full-description-text\" data-v-5835c99c=\"\">Prep\u00e1rese para un viaje inolvidable que le dejar\u00e1 recuerdos para toda la vida.<\/div>\n<\/div>\n<div class=\"toggle-content__label-placeholder\" data-v-59485d64=\"\"><\/div>","protected":false},"excerpt":{"rendered":"<div data-track=\"overview\" data-v-83a2b402=\"\">\n<section id=\"activity-overview\" class=\"activity-overview\" data-component=\"overview\" data-v-83a2b402=\"\" data-v-f3236c42=\"\">\n<p class=\"activity-overview__content\" data-test-id=\"activity-overview-content\" data-v-f3236c42=\"\">Prep\u00e1rate para una emocionante aventura en buggy Off-Road. Tendr\u00e1s la oportunidad de explorar una cantera abandonada y nadar en un Cenote Caverna subterr\u00e1neo privado que te dejar\u00e1 hipnotizado.<\/p>\n<\/section>\n<\/div>\n<div data-track=\"key-details\" data-v-83a2b402=\"\"><\/div>","protected":false},"featured_media":15156,"template":"","meta":[],"product_brand":[],"product_cat":[77],"product_tag":[101,102],"class_list":{"0":"post-14938","1":"product","2":"type-product","3":"status-publish","4":"has-post-thumbnail","6":"product_cat-uncategorized","7":"product_tag-excursion","8":"product_tag-tour","10":"first","11":"instock","12":"shipping-taxable","13":"product-type-external"},"_links":{"self":[{"href":"https:\/\/sabanadelamartours.com\/es\/wp-json\/wp\/v2\/product\/14938","targetHints":{"allow":["GET"]}}],"collection":[{"href":"https:\/\/sabanadelamartours.com\/es\/wp-json\/wp\/v2\/product"}],"about":[{"href":"https:\/\/sabanadelamartours.com\/es\/wp-json\/wp\/v2\/types\/product"}],"version-history":[{"count":1,"href":"https:\/\/sabanadelamartours.com\/es\/wp-json\/wp\/v2\/product\/14938\/revisions"}],"predecessor-version":[{"id":18665,"href":"https:\/\/sabanadelamartours.com\/es\/wp-json\/wp\/v2\/product\/14938\/revisions\/18665"}],"wp:featuredmedia":[{"embeddable":true,"href":"https:\/\/sabanadelamartours.com\/es\/wp-json\/wp\/v2\/media\/15156"}],"wp:attachment":[{"href":"https:\/\/sabanadelamartours.com\/es\/wp-json\/wp\/v2\/media?parent=14938"}],"wp:term":[{"taxonomy":"product_brand","embeddable":true,"href":"https:\/\/sabanadelamartours.com\/es\/wp-json\/wp\/v2\/product_brand?post=14938"},{"taxonomy":"product_cat","embeddable":true,"href":"https:\/\/sabanadelamartours.com\/es\/wp-json\/wp\/v2\/product_cat?post=14938"},{"taxonomy":"product_tag","embeddable":true,"href":"https:\/\/sabanadelamartours.com\/es\/wp-json\/wp\/v2\/product_tag?post=14938"}],"curies":[{"name":"wp","href":"https:\/\/api.w.org\/{rel}","templated":true}]}}