{"id":14984,"date":"2025-12-18T12:42:38","date_gmt":"2025-12-18T12:42:38","guid":{"rendered":"https:\/\/sabanadelamartours.com\/?post_type=product&#038;p=14984"},"modified":"2026-02-12T03:10:35","modified_gmt":"2026-02-12T03:10:35","slug":"sosua-fiesta-al-atardecer-en-barco-y-snorkeling","status":"publish","type":"product","link":"https:\/\/sabanadelamartours.com\/es\/visita\/sosua-fiesta-al-atardecer-en-barco-y-snorkeling\/","title":{"rendered":"Sosua Atardecer Fiesta en Barco y Snorkeling"},"content":{"rendered":"<p>Un crucero en catamar\u00e1n totalmente privado y relajante con un gu\u00eda personal y profesional.<\/p>\n<p>\u00a1Navegamos hacia una aventura inolvidable! Aproveche la oportunidad de vivir una de las m\u00e1s bellas puestas de sol a bordo de un catamar\u00e1n que zarpa de la Bah\u00eda de Sos\u00faa.<\/p>\n<p>La primera parada consistir\u00e1 en un hermoso recorrido submarino. El gu\u00eda marino practicar\u00e1 snorkel con usted, mostr\u00e1ndole todos los peces y variedades que ofrece el lugar. Despu\u00e9s de 25 minutos, volver\u00e1s al barco y disfrutar\u00e1s de un bar abierto con bebidas locales.<\/p>\n<p>Otro gran lugar es Tres Rocas, Los Cabezos (tambi\u00e9n llamado ca\u00f1\u00f3n) que cuenta con 3 grandes rocas verticales donde se encuentran muchos peces.<\/p>\n<p>Se incluye un completo almuerzo a la barbacoa, refrescos y alcohol. Disfrute de esta aventura durante medio d\u00eda y luego tenga el resto del d\u00eda libre. Dispone de un buen equipo de m\u00fasica<\/p>","protected":false},"excerpt":{"rendered":"<div data-track=\"overview\" data-v-83a2b402=\"\">\n<section id=\"activity-overview\" class=\"activity-overview\" data-component=\"overview\" data-v-83a2b402=\"\" data-v-f3236c42=\"\">\n<p class=\"activity-overview__content\" data-test-id=\"activity-overview-content\" data-v-f3236c42=\"\">Venga con nosotros y disfrute de la excursi\u00f3n de snorkel m\u00e1s espectacular. Podr\u00e1s alimentar con tus propias manos a los innumerables tipos de peces multicolores y corales tropicales.<\/p>\n<\/section>\n<\/div>\n<div data-track=\"key-details\" data-v-83a2b402=\"\"><\/div>","protected":false},"featured_media":15196,"template":"","meta":[],"product_brand":[],"product_cat":[97],"product_tag":[101,102],"class_list":{"0":"post-14984","1":"product","2":"type-product","3":"status-publish","4":"has-post-thumbnail","6":"product_cat-dominican-republic","7":"product_tag-excursion","8":"product_tag-tour","10":"first","11":"instock","12":"shipping-taxable","13":"product-type-external"},"_links":{"self":[{"href":"https:\/\/sabanadelamartours.com\/es\/wp-json\/wp\/v2\/product\/14984","targetHints":{"allow":["GET"]}}],"collection":[{"href":"https:\/\/sabanadelamartours.com\/es\/wp-json\/wp\/v2\/product"}],"about":[{"href":"https:\/\/sabanadelamartours.com\/es\/wp-json\/wp\/v2\/types\/product"}],"version-history":[{"count":1,"href":"https:\/\/sabanadelamartours.com\/es\/wp-json\/wp\/v2\/product\/14984\/revisions"}],"predecessor-version":[{"id":19068,"href":"https:\/\/sabanadelamartours.com\/es\/wp-json\/wp\/v2\/product\/14984\/revisions\/19068"}],"wp:featuredmedia":[{"embeddable":true,"href":"https:\/\/sabanadelamartours.com\/es\/wp-json\/wp\/v2\/media\/15196"}],"wp:attachment":[{"href":"https:\/\/sabanadelamartours.com\/es\/wp-json\/wp\/v2\/media?parent=14984"}],"wp:term":[{"taxonomy":"product_brand","embeddable":true,"href":"https:\/\/sabanadelamartours.com\/es\/wp-json\/wp\/v2\/product_brand?post=14984"},{"taxonomy":"product_cat","embeddable":true,"href":"https:\/\/sabanadelamartours.com\/es\/wp-json\/wp\/v2\/product_cat?post=14984"},{"taxonomy":"product_tag","embeddable":true,"href":"https:\/\/sabanadelamartours.com\/es\/wp-json\/wp\/v2\/product_tag?post=14984"}],"curies":[{"name":"wp","href":"https:\/\/api.w.org\/{rel}","templated":true}]}}