{"id":15038,"date":"2025-12-18T12:44:45","date_gmt":"2025-12-18T12:44:45","guid":{"rendered":"https:\/\/sabanadelamartours.com\/?post_type=product&#038;p=15038"},"modified":"2026-02-12T03:14:11","modified_gmt":"2026-02-12T03:14:11","slug":"punta-cana-3-tour-tirolina-buggy-y-paseo-a-caballo","status":"publish","type":"product","link":"https:\/\/sabanadelamartours.com\/es\/visita\/punta-cana-3-tour-tirolina-buggy-y-paseo-a-caballo\/","title":{"rendered":"Punta cana: 3 tour tirolina, buggy y paseo a caballo."},"content":{"rendered":"<p>Sum\u00e9rjase en un oasis de aventura perfecto para toda la familia.<\/p>\n<p>Desde paseos a caballo, emocionantes rutas en buggy y safaris, hasta deslizarse por una tirolina \u00fanica en la Rep\u00fablica Dominicana y deleitarse con la aut\u00e9ntica cocina dominicana.<\/p>\n<p>Disfrute de tres actividades inolvidables por el precio de una, garantizando calidad y seguridad.<\/p>\n<p>Aventura en Buggie: Enciende tu adrenalina y explora las pintorescas carreteras dominicanas.<\/p>\n<p>Paseos a caballo: Conecte con la naturaleza montando a caballo en un entorno inolvidable.<\/p>\n<p>Tirolina: Experimente la \u00fanica tirolesa del pa\u00eds y sienta la emoci\u00f3n en el aire.<\/p>","protected":false},"excerpt":{"rendered":"<div data-track=\"overview\" data-v-83a2b402=\"\">\n<section id=\"activity-overview\" class=\"activity-overview\" data-component=\"overview\" data-v-83a2b402=\"\" data-v-f3236c42=\"\">\n<p class=\"activity-overview__content\" data-test-id=\"activity-overview-content\" data-v-f3236c42=\"\">Disfrute de un d\u00eda en un rancho de Punta Cana con tirolina, buggy y caballos, para terminar con una aut\u00e9ntica degustaci\u00f3n de comida dominicana.<\/p>\n<\/section>\n<\/div>\n<div data-track=\"key-details\" data-v-83a2b402=\"\"><\/div>","protected":false},"featured_media":15240,"template":"","meta":[],"product_brand":[],"product_cat":[97],"product_tag":[101,102],"class_list":{"0":"post-15038","1":"product","2":"type-product","3":"status-publish","4":"has-post-thumbnail","6":"product_cat-dominican-republic","7":"product_tag-excursion","8":"product_tag-tour","10":"first","11":"instock","12":"shipping-taxable","13":"product-type-external"},"_links":{"self":[{"href":"https:\/\/sabanadelamartours.com\/es\/wp-json\/wp\/v2\/product\/15038","targetHints":{"allow":["GET"]}}],"collection":[{"href":"https:\/\/sabanadelamartours.com\/es\/wp-json\/wp\/v2\/product"}],"about":[{"href":"https:\/\/sabanadelamartours.com\/es\/wp-json\/wp\/v2\/types\/product"}],"version-history":[{"count":1,"href":"https:\/\/sabanadelamartours.com\/es\/wp-json\/wp\/v2\/product\/15038\/revisions"}],"predecessor-version":[{"id":19073,"href":"https:\/\/sabanadelamartours.com\/es\/wp-json\/wp\/v2\/product\/15038\/revisions\/19073"}],"wp:featuredmedia":[{"embeddable":true,"href":"https:\/\/sabanadelamartours.com\/es\/wp-json\/wp\/v2\/media\/15240"}],"wp:attachment":[{"href":"https:\/\/sabanadelamartours.com\/es\/wp-json\/wp\/v2\/media?parent=15038"}],"wp:term":[{"taxonomy":"product_brand","embeddable":true,"href":"https:\/\/sabanadelamartours.com\/es\/wp-json\/wp\/v2\/product_brand?post=15038"},{"taxonomy":"product_cat","embeddable":true,"href":"https:\/\/sabanadelamartours.com\/es\/wp-json\/wp\/v2\/product_cat?post=15038"},{"taxonomy":"product_tag","embeddable":true,"href":"https:\/\/sabanadelamartours.com\/es\/wp-json\/wp\/v2\/product_tag?post=15038"}],"curies":[{"name":"wp","href":"https:\/\/api.w.org\/{rel}","templated":true}]}}