{"id":15134,"date":"2025-12-18T12:49:26","date_gmt":"2025-12-18T12:49:26","guid":{"rendered":"https:\/\/sabanadelamartours.com\/?post_type=product&#038;p=15134"},"modified":"2026-02-12T03:23:58","modified_gmt":"2026-02-12T03:23:58","slug":"excursion-de-medio-dia-a-altos-de-chavon-desde-punta-cana","status":"publish","type":"product","link":"https:\/\/sabanadelamartours.com\/es\/visita\/excursion-de-medio-dia-a-altos-de-chavon-desde-punta-cana\/","title":{"rendered":"Altos De Chav\u00f3n: Excursi\u00f3n de medio d\u00eda desde Punta Cana"},"content":{"rendered":"<p>Emb\u00e1rquese en un enriquecedor viaje a Altos de Chav\u00f3n, un pintoresco pueblo enclavado en la campi\u00f1a dominicana. Su aventura comienza con un c\u00f3modo transporte de ida y vuelta desde Punta Cana, preparando el escenario para un d\u00eda lleno de exploraci\u00f3n y descubrimiento.<\/p>\n<p>A su llegada, ser\u00e1 recibido por las encantadoras calles empedradas y la arquitectura de inspiraci\u00f3n mediterr\u00e1nea de Altos de Chav\u00f3n. Acompa\u00f1ado por su gu\u00eda experto, emb\u00e1rquese en una visita guiada por este cautivador pueblo, donde cada rinc\u00f3n cuenta una historia de siglos pasados.<\/p>\n<p>Su primera parada ser\u00e1 la emblem\u00e1tica Iglesia de San Estanislao, un impresionante templo con vistas panor\u00e1micas de la campi\u00f1a circundante. Aqu\u00ed conocer\u00e1s la historia y el significado de esta joya arquitect\u00f3nica, impregnada de cultura y tradici\u00f3n dominicanas.<\/p>\n<p>A continuaci\u00f3n, ad\u00e9ntrese en el fascinante mundo de la arqueolog\u00eda en el Museo Arqueol\u00f3gico, donde antiguos artefactos y exposiciones arrojan luz sobre la cultura ind\u00edgena ta\u00edna y el rico patrimonio de la isla. Sum\u00e9rjase en el pasado mientras explora las colecciones del museo y descubre los secretos de la historia dominicana.<\/p>\n<p>Contin\u00fae su viaje con una visita al Museo del \u00c1mbar y Larimar Dominicano, donde descubrir\u00e1 los tesoros geol\u00f3gicos \u00fanicos que dan fama a la Rep\u00fablica Dominicana. Aprenda sobre la extracci\u00f3n y la artesan\u00eda del \u00e1mbar y el larimar, dos piedras preciosas que se encuentran exclusivamente en el Caribe.<\/p>\n<p>Mientras pasea por Altos de Chav\u00f3n, no se pierda la oportunidad de admirar las impresionantes vistas desde el Mirador al R\u00edo Chav\u00f3n, un mirador que ofrece vistas panor\u00e1micas del r\u00edo Chav\u00f3n serpenteando por el exuberante paisaje de abajo.<\/p>\n<p>Experimente la magia de la escena cultural de Altos de Chav\u00f3n con una visita al Anfiteatro, un impresionante anfiteatro por el que han pasado artistas e int\u00e9rpretes de fama mundial. Marav\u00edllese con la belleza arquitect\u00f3nica de este recinto al aire libre mientras imagina los vibrantes conciertos y eventos que han tenido lugar aqu\u00ed.<\/p>\n<p>Antes de concluir su visita, t\u00f3mese un tiempo para recorrer las tiendas de regalos locales, donde encontrar\u00e1 recuerdos y artesan\u00edas \u00fanicos para conmemorar su visita a Altos de Chav\u00f3n. Desde cer\u00e1mica hecha a mano hasta tejidos intrincados, hay algo para todos los gustos.<\/p>\n<p>A medida que el d\u00eda llega a su fin, reflexione sobre la belleza y la historia que ha experimentado durante su estancia en Altos de Chav\u00f3n. Embarque en su transporte de regreso a Punta Cana, lleno de recuerdos de un viaje inolvidable por el coraz\u00f3n de la Rep\u00fablica Dominicana.<\/p>","protected":false},"excerpt":{"rendered":"<div data-track=\"overview\" data-v-83a2b402=\"\">\n<section id=\"activity-overview\" class=\"activity-overview\" data-component=\"overview\" data-v-83a2b402=\"\" data-v-f3236c42=\"\">\n<p class=\"activity-overview__content\" data-test-id=\"activity-overview-content\" data-v-f3236c42=\"\">Explore la rica historia y los impresionantes paisajes de Altos de Chav\u00f3n con visitas guiadas por expertos a lugares emblem\u00e1ticos, museos y miradores panor\u00e1micos, entre otros.<\/p>\n<\/section>\n<\/div>\n<div data-track=\"key-details\" data-v-83a2b402=\"\"><\/div>","protected":false},"featured_media":15358,"template":"","meta":[],"product_brand":[],"product_cat":[97],"product_tag":[101,102],"class_list":{"0":"post-15134","1":"product","2":"type-product","3":"status-publish","4":"has-post-thumbnail","6":"product_cat-dominican-republic","7":"product_tag-excursion","8":"product_tag-tour","10":"first","11":"instock","12":"shipping-taxable","13":"product-type-external"},"_links":{"self":[{"href":"https:\/\/sabanadelamartours.com\/es\/wp-json\/wp\/v2\/product\/15134","targetHints":{"allow":["GET"]}}],"collection":[{"href":"https:\/\/sabanadelamartours.com\/es\/wp-json\/wp\/v2\/product"}],"about":[{"href":"https:\/\/sabanadelamartours.com\/es\/wp-json\/wp\/v2\/types\/product"}],"version-history":[{"count":2,"href":"https:\/\/sabanadelamartours.com\/es\/wp-json\/wp\/v2\/product\/15134\/revisions"}],"predecessor-version":[{"id":19086,"href":"https:\/\/sabanadelamartours.com\/es\/wp-json\/wp\/v2\/product\/15134\/revisions\/19086"}],"wp:featuredmedia":[{"embeddable":true,"href":"https:\/\/sabanadelamartours.com\/es\/wp-json\/wp\/v2\/media\/15358"}],"wp:attachment":[{"href":"https:\/\/sabanadelamartours.com\/es\/wp-json\/wp\/v2\/media?parent=15134"}],"wp:term":[{"taxonomy":"product_brand","embeddable":true,"href":"https:\/\/sabanadelamartours.com\/es\/wp-json\/wp\/v2\/product_brand?post=15134"},{"taxonomy":"product_cat","embeddable":true,"href":"https:\/\/sabanadelamartours.com\/es\/wp-json\/wp\/v2\/product_cat?post=15134"},{"taxonomy":"product_tag","embeddable":true,"href":"https:\/\/sabanadelamartours.com\/es\/wp-json\/wp\/v2\/product_tag?post=15134"}],"curies":[{"name":"wp","href":"https:\/\/api.w.org\/{rel}","templated":true}]}}