{"id":15176,"date":"2025-12-18T12:51:05","date_gmt":"2025-12-18T12:51:05","guid":{"rendered":"https:\/\/sabanadelamartours.com\/?post_type=product&#038;p=15176"},"modified":"2026-01-09T03:58:17","modified_gmt":"2026-01-09T03:58:17","slug":"los-haitises-4-cuevas-expedicion-selva-tropical-paseo","status":"publish","type":"product","link":"https:\/\/sabanadelamartours.com\/es\/visita\/los-haitises-4-cuevas-expedicion-selva-tropical-paseo\/","title":{"rendered":"Expedici\u00f3n Los Haitises 4 Cuevas y paseo por la selva tropical"},"content":{"rendered":"<p>Parque Nacional Los Haitises Este viaje se centrar\u00e1 en la expedici\u00f3n a las cuevas y la selva tropical.<\/p>\n<p>El Parque Nacional de Los Haitises (cuyo nombre significa \u201ctierra alta\u201d o \u201cmonta\u00f1a\u201d en la lengua de los antiguos ta\u00ednos) es uno de los paisajes naturales protegidos m\u00e1s importantes de la Rep\u00fablica Dominicana. Abarca una superficie de unos 1.600 km2, que forma parte de un vasto sistema c\u00e1rstico creado hace 50 millones de a\u00f1os, y comprende un rico mosaico de ecosistemas marinos y terrestres: estuarios, ensenadas, bah\u00edas, cayos y mogotes -las curiosas formaciones rocosas en forma de cono que caracterizan el paisaje de la zona-, as\u00ed como dolinas, manglares, etc. Es decir, un inmenso parque repleto de atractivos naturales donde vivir aventuras \u00fanicas.<\/p>\n<p>Adem\u00e1s de su indiscutible riqueza, este gran Parque Nacional es tambi\u00e9n un lugar ideal para descubrir el rico patrimonio cultural (tanto actual como prehisp\u00e1nico) de la Rep\u00fablica Dominicana Lugares como Sabana de la Mar muestran el encanto moderno de la Rep\u00fablica Dominicana, pero en casi 100 cuevas repartidas por todo el Parque se puede descubrir la mayor colecci\u00f3n de pinturas prehist\u00f3ricas del pa\u00eds, un legado de incalculable valor de las antiguas civilizaciones precolombinas.<\/p>\n<p>Los Haitises ofrece todo tipo de experiencias, desde emocionantes aventuras hasta visitas centradas en apreciar las maravillas naturales de la zona o sus tesoros arqueol\u00f3gicos. Por supuesto, siempre se puede hacer una mezcla de todas ellas, y as\u00ed apreciar mucho mejor la riqueza del Parque en general.<\/p>\n<p>Una de las caracter\u00edsticas del paisaje k\u00e1rstico del Parque -rocas calizas erosionadas por el agua- es la formaci\u00f3n de cuevas de muy diversos tama\u00f1os, que constituyen uno de los principales atractivos de Los Haiteses. Atraen a los visitantes por dos razones: en primer lugar, su inmensa riqueza natural y la belleza de sus formaciones rocosas. La segunda raz\u00f3n, y quiz\u00e1s la m\u00e1s importante, es que muchas de estas cuevas contienen sorprendentes colecciones de pictograf\u00edas y petroglifos creados hace cientos (incluso miles) de a\u00f1os por los habitantes originales de la isla de La Espa\u00f1ola. Lugares como las cuevas de La Reyna, La Arena, San Gabriel, Willi y La L\u00ednea son aut\u00e9nticas galer\u00edas de pinturas rupestres tremendamente impresionantes que ning\u00fan visitante deber\u00eda perderse.<\/p>\n<p>El Parque Nacional de Los Haitises est\u00e1 abierto todo el a\u00f1o, pero si quiere extremar la precauci\u00f3n, minimizar las posibilidades de lluvia y disfrutar de menos temperaturas extremas, planifique su visita entre noviembre y abril. El verano aqu\u00ed es m\u00e1s caluroso y h\u00famedo.<\/p>","protected":false},"excerpt":{"rendered":"<div data-track=\"overview\" data-v-83a2b402=\"\">\n<section id=\"activity-overview\" class=\"activity-overview\" data-component=\"overview\" data-v-83a2b402=\"\" data-v-f3236c42=\"\">\n<p class=\"activity-overview__content\" data-test-id=\"activity-overview-content\" data-v-f3236c42=\"\">Visita a 4 Cuevas en el Parque Nacional Los Haitises. Enfoque en la cultura Taino y la vida salvaje del parque nacional los haitises. Manglares, Cuevas e Islas.<\/p>\n<\/section>\n<\/div>\n<div data-track=\"key-details\" data-v-83a2b402=\"\"><\/div>","protected":false},"featured_media":15401,"template":"","meta":[],"product_brand":[],"product_cat":[97],"product_tag":[101,102],"class_list":{"0":"post-15176","1":"product","2":"type-product","3":"status-publish","4":"has-post-thumbnail","6":"product_cat-dominican-republic","7":"product_tag-excursion","8":"product_tag-tour","10":"first","11":"instock","12":"shipping-taxable","13":"product-type-external"},"_links":{"self":[{"href":"https:\/\/sabanadelamartours.com\/es\/wp-json\/wp\/v2\/product\/15176","targetHints":{"allow":["GET"]}}],"collection":[{"href":"https:\/\/sabanadelamartours.com\/es\/wp-json\/wp\/v2\/product"}],"about":[{"href":"https:\/\/sabanadelamartours.com\/es\/wp-json\/wp\/v2\/types\/product"}],"version-history":[{"count":1,"href":"https:\/\/sabanadelamartours.com\/es\/wp-json\/wp\/v2\/product\/15176\/revisions"}],"predecessor-version":[{"id":18678,"href":"https:\/\/sabanadelamartours.com\/es\/wp-json\/wp\/v2\/product\/15176\/revisions\/18678"}],"wp:featuredmedia":[{"embeddable":true,"href":"https:\/\/sabanadelamartours.com\/es\/wp-json\/wp\/v2\/media\/15401"}],"wp:attachment":[{"href":"https:\/\/sabanadelamartours.com\/es\/wp-json\/wp\/v2\/media?parent=15176"}],"wp:term":[{"taxonomy":"product_brand","embeddable":true,"href":"https:\/\/sabanadelamartours.com\/es\/wp-json\/wp\/v2\/product_brand?post=15176"},{"taxonomy":"product_cat","embeddable":true,"href":"https:\/\/sabanadelamartours.com\/es\/wp-json\/wp\/v2\/product_cat?post=15176"},{"taxonomy":"product_tag","embeddable":true,"href":"https:\/\/sabanadelamartours.com\/es\/wp-json\/wp\/v2\/product_tag?post=15176"}],"curies":[{"name":"wp","href":"https:\/\/api.w.org\/{rel}","templated":true}]}}