{"id":15204,"date":"2025-12-18T12:52:22","date_gmt":"2025-12-18T12:52:22","guid":{"rendered":"https:\/\/sabanadelamartours.com\/?post_type=product&#038;p=15204"},"modified":"2026-02-12T04:17:07","modified_gmt":"2026-02-12T04:17:07","slug":"vip-puerto-plata-city-tour-privado-y-personalizable","status":"publish","type":"product","link":"https:\/\/sabanadelamartours.com\/es\/visita\/vip-puerto-plata-city-tour-privado-y-personalizable\/","title":{"rendered":"VIP Puerto Plata city tour privado y personalizable."},"content":{"rendered":"<div class=\"toggle-content__content toggle-content__content--expanded toggle-content__content--packable\" data-v-59485d64=\"\">\n<div data-test-id=\"activity-full-description-text\" data-v-5835c99c=\"\">Se entretendr\u00e1 con la historia dominicana, bebidas nacionales y un delicioso almuerzo t\u00edpico incluido, visitar\u00e1 el fuerte de San Felipe construido en 1577 para proteger el puerto de los piratas, visitar\u00e1 una f\u00e1brica de cigarros, un museo del \u00e1mbar y del larimar donde podr\u00e1 adquirir informaci\u00f3n sobre estas piedras milenarias. Tendr\u00e1 la oportunidad de ver la calle de los paraguas y la famosa calle rosa en honor a Do\u00f1a Blanca, la calle de las chichiguas, una visita al mercado nacional para ver y disfrutar de la vida cotidiana de los lugare\u00f1os. Tambi\u00e9n visitar\u00e1 el parque central rodeado de casas victorianas y la catedral de San Felipe, fundada en 1502. Adem\u00e1s del lugar de souvenirs para regalos y para recordar su visita, una \u00faltima parada en la playa para recordarle nos permite sumergirse en los hermosos colores de nuestra ciudad .<\/div>\n<\/div>\n<div class=\"toggle-content__label-placeholder\" data-v-59485d64=\"\"><\/div>","protected":false},"excerpt":{"rendered":"<div data-track=\"overview\" data-v-83a2b402=\"\">\n<section id=\"activity-overview\" class=\"activity-overview\" data-component=\"overview\" data-v-83a2b402=\"\" data-v-f3236c42=\"\">\n<p class=\"activity-overview__content\" data-test-id=\"activity-overview-content\" data-v-f3236c42=\"\">T\u00fa eliges qu\u00e9 lugares visitar para disfrutar al m\u00e1ximo de cada parada. Tambi\u00e9n decides la hora de inicio, este es un tour para que conozcas la ciudad y vivas una experiencia inolvidable.<\/p>\n<\/section>\n<\/div>\n<div data-track=\"key-details\" data-v-83a2b402=\"\"><\/div>","protected":false},"featured_media":15437,"template":"","meta":[],"product_brand":[],"product_cat":[216],"product_tag":[101,102],"class_list":{"0":"post-15204","1":"product","2":"type-product","3":"status-publish","4":"has-post-thumbnail","6":"product_cat-dominican","7":"product_tag-excursion","8":"product_tag-tour","10":"first","11":"instock","12":"shipping-taxable","13":"product-type-external"},"_links":{"self":[{"href":"https:\/\/sabanadelamartours.com\/es\/wp-json\/wp\/v2\/product\/15204","targetHints":{"allow":["GET"]}}],"collection":[{"href":"https:\/\/sabanadelamartours.com\/es\/wp-json\/wp\/v2\/product"}],"about":[{"href":"https:\/\/sabanadelamartours.com\/es\/wp-json\/wp\/v2\/types\/product"}],"version-history":[{"count":2,"href":"https:\/\/sabanadelamartours.com\/es\/wp-json\/wp\/v2\/product\/15204\/revisions"}],"predecessor-version":[{"id":19092,"href":"https:\/\/sabanadelamartours.com\/es\/wp-json\/wp\/v2\/product\/15204\/revisions\/19092"}],"wp:featuredmedia":[{"embeddable":true,"href":"https:\/\/sabanadelamartours.com\/es\/wp-json\/wp\/v2\/media\/15437"}],"wp:attachment":[{"href":"https:\/\/sabanadelamartours.com\/es\/wp-json\/wp\/v2\/media?parent=15204"}],"wp:term":[{"taxonomy":"product_brand","embeddable":true,"href":"https:\/\/sabanadelamartours.com\/es\/wp-json\/wp\/v2\/product_brand?post=15204"},{"taxonomy":"product_cat","embeddable":true,"href":"https:\/\/sabanadelamartours.com\/es\/wp-json\/wp\/v2\/product_cat?post=15204"},{"taxonomy":"product_tag","embeddable":true,"href":"https:\/\/sabanadelamartours.com\/es\/wp-json\/wp\/v2\/product_tag?post=15204"}],"curies":[{"name":"wp","href":"https:\/\/api.w.org\/{rel}","templated":true}]}}