{"id":15233,"date":"2025-12-18T12:53:31","date_gmt":"2025-12-18T12:53:31","guid":{"rendered":"https:\/\/sabanadelamartours.com\/?post_type=product&#038;p=15233"},"modified":"2026-02-12T04:20:16","modified_gmt":"2026-02-12T04:20:16","slug":"aventuras-nocturnas-en-atv","status":"publish","type":"product","link":"https:\/\/sabanadelamartours.com\/es\/visita\/aventuras-nocturnas-en-atv\/","title":{"rendered":"Aventuras nocturnas en quad"},"content":{"rendered":"<p>Descripci\u00f3n<\/p>\n<p>Viva la emoci\u00f3n de la aventura y la historia en nuestra exclusiva excursi\u00f3n nocturna en Punta Canal Power a trav\u00e9s de la campi\u00f1a dominicana por nuestras pistas de tierra privadas mientras el paisaje cambia del d\u00eda a la noche, ofreciendo una transformaci\u00f3n hipnotizadora.<\/p>\n<p>Pero la emoci\u00f3n no acaba aqu\u00ed. Retrocede en el tiempo al entrar en el PARQUE DOMIATI, sum\u00e9rgete en la historia de los antepasados de la isla con un TAINO SHOW y saborea productos ecol\u00f3gicos directamente de la tierra.<\/p>\n<p>Despu\u00e9s, refr\u00e9scate en nuestro exclusivo CENOTE subterr\u00e1neo con un DJ en directo que pondr\u00e1 el ambiente. Una vez que te hayas secado, del\u00e9itate con una cena 100% t\u00edpica dominicana en nuestro restaurante antes de concluir la noche con un vibrante SHOW DE CARNAVAL.<\/p>\n<p>\u00danase a nosotros en esta aventura \u00fanica y descubra la magia de la Rep\u00fablica Dominicana bajo las estrellas.<\/p>","protected":false},"excerpt":{"rendered":"<div data-track=\"overview\" data-v-83a2b402=\"\">\n<section id=\"activity-overview\" class=\"activity-overview\" data-component=\"overview\" data-v-83a2b402=\"\" data-v-f3236c42=\"\">\n<p class=\"activity-overview__content\" data-test-id=\"activity-overview-content\" data-v-f3236c42=\"\">Ven a disfrutar del \u00fanico tour nocturno de Aventura en ATV disponible en Punta Cana<\/p>\n<\/section>\n<\/div>\n<div data-track=\"key-details\" data-v-83a2b402=\"\"><\/div>","protected":false},"featured_media":15460,"template":"","meta":[],"product_brand":[],"product_cat":[216],"product_tag":[101,102],"class_list":{"0":"post-15233","1":"product","2":"type-product","3":"status-publish","4":"has-post-thumbnail","6":"product_cat-dominican","7":"product_tag-excursion","8":"product_tag-tour","10":"first","11":"instock","12":"shipping-taxable","13":"product-type-external"},"_links":{"self":[{"href":"https:\/\/sabanadelamartours.com\/es\/wp-json\/wp\/v2\/product\/15233","targetHints":{"allow":["GET"]}}],"collection":[{"href":"https:\/\/sabanadelamartours.com\/es\/wp-json\/wp\/v2\/product"}],"about":[{"href":"https:\/\/sabanadelamartours.com\/es\/wp-json\/wp\/v2\/types\/product"}],"version-history":[{"count":1,"href":"https:\/\/sabanadelamartours.com\/es\/wp-json\/wp\/v2\/product\/15233\/revisions"}],"predecessor-version":[{"id":19095,"href":"https:\/\/sabanadelamartours.com\/es\/wp-json\/wp\/v2\/product\/15233\/revisions\/19095"}],"wp:featuredmedia":[{"embeddable":true,"href":"https:\/\/sabanadelamartours.com\/es\/wp-json\/wp\/v2\/media\/15460"}],"wp:attachment":[{"href":"https:\/\/sabanadelamartours.com\/es\/wp-json\/wp\/v2\/media?parent=15233"}],"wp:term":[{"taxonomy":"product_brand","embeddable":true,"href":"https:\/\/sabanadelamartours.com\/es\/wp-json\/wp\/v2\/product_brand?post=15233"},{"taxonomy":"product_cat","embeddable":true,"href":"https:\/\/sabanadelamartours.com\/es\/wp-json\/wp\/v2\/product_cat?post=15233"},{"taxonomy":"product_tag","embeddable":true,"href":"https:\/\/sabanadelamartours.com\/es\/wp-json\/wp\/v2\/product_tag?post=15233"}],"curies":[{"name":"wp","href":"https:\/\/api.w.org\/{rel}","templated":true}]}}