{"id":15482,"date":"2025-12-18T13:07:15","date_gmt":"2025-12-18T13:07:15","guid":{"rendered":"https:\/\/sabanadelamartours.com\/?post_type=product&#038;p=15482"},"modified":"2026-02-11T11:30:13","modified_gmt":"2026-02-11T11:30:13","slug":"visita-guiada-a-la-ciudad-de-higuey-desde-punta-cana","status":"publish","type":"product","link":"https:\/\/sabanadelamartours.com\/es\/visita\/visita-guiada-a-la-ciudad-de-higuey-desde-punta-cana\/","title":{"rendered":"Cala \u00c1mbar-Bah\u00eda Ta\u00edna 7 Cascadas Damajaguas + Comida Local."},"content":{"rendered":"<p>Bienvenido a Damajaguas, la m\u00e1s espectacular serie de cascadas y ca\u00f1ones en Puerto Plata. 7 Cataratas es para toda la Familia. Despu\u00e9s de una caminata moderada de 25 minutos a trav\u00e9s de un paisaje de selva incre\u00edble, nos dirigimos de nuevo hacia abajo del r\u00edo donde se puede utilizar el Hooden<\/p>\n<p>Escaleras, Saltar, nadar y deslizarse a trav\u00e9s de hermosas cascadas de agua y piscinas naturales del r\u00edo. Tambi\u00e9n podr\u00e1 disfrutar de nuestras especies de plantas aut\u00f3ctonas, ver algunos \u00e1rboles locales y explorar nuestra selva tropical.<\/p>\n<p>Terminamos el tour con un delicioso y autentico almuerzo dominicano, con una visita a una fabrica de refrescos, cervezas y chocolates.<\/p>","protected":false},"excerpt":{"rendered":"<div data-track=\"overview\" data-v-83a2b402=\"\">\n<section id=\"activity-overview\" class=\"activity-overview\" data-component=\"overview\" data-v-83a2b402=\"\" data-v-f3236c42=\"\">\n<p class=\"activity-overview__content\" data-test-id=\"activity-overview-content\" data-v-f3236c42=\"\">Explore nuestra selva tropical Experimente nuestras incre\u00edbles cataratas Disfrute de saltos y toboganes Tour<\/p>\n<\/section>\n<\/div>\n<div data-track=\"key-details\" data-v-83a2b402=\"\"><\/div>","protected":false},"featured_media":14330,"template":"","meta":[],"product_brand":[],"product_cat":[97],"product_tag":[101,102],"class_list":{"0":"post-15482","1":"product","2":"type-product","3":"status-publish","4":"has-post-thumbnail","6":"product_cat-dominican-republic","7":"product_tag-excursion","8":"product_tag-tour","10":"first","11":"instock","12":"shipping-taxable","13":"product-type-external"},"_links":{"self":[{"href":"https:\/\/sabanadelamartours.com\/es\/wp-json\/wp\/v2\/product\/15482","targetHints":{"allow":["GET"]}}],"collection":[{"href":"https:\/\/sabanadelamartours.com\/es\/wp-json\/wp\/v2\/product"}],"about":[{"href":"https:\/\/sabanadelamartours.com\/es\/wp-json\/wp\/v2\/types\/product"}],"version-history":[{"count":1,"href":"https:\/\/sabanadelamartours.com\/es\/wp-json\/wp\/v2\/product\/15482\/revisions"}],"predecessor-version":[{"id":19009,"href":"https:\/\/sabanadelamartours.com\/es\/wp-json\/wp\/v2\/product\/15482\/revisions\/19009"}],"wp:featuredmedia":[{"embeddable":true,"href":"https:\/\/sabanadelamartours.com\/es\/wp-json\/wp\/v2\/media\/14330"}],"wp:attachment":[{"href":"https:\/\/sabanadelamartours.com\/es\/wp-json\/wp\/v2\/media?parent=15482"}],"wp:term":[{"taxonomy":"product_brand","embeddable":true,"href":"https:\/\/sabanadelamartours.com\/es\/wp-json\/wp\/v2\/product_brand?post=15482"},{"taxonomy":"product_cat","embeddable":true,"href":"https:\/\/sabanadelamartours.com\/es\/wp-json\/wp\/v2\/product_cat?post=15482"},{"taxonomy":"product_tag","embeddable":true,"href":"https:\/\/sabanadelamartours.com\/es\/wp-json\/wp\/v2\/product_tag?post=15482"}],"curies":[{"name":"wp","href":"https:\/\/api.w.org\/{rel}","templated":true}]}}