{"id":15557,"date":"2025-12-18T13:10:50","date_gmt":"2025-12-18T13:10:50","guid":{"rendered":"https:\/\/sabanadelamartours.com\/?post_type=product&#038;p=15557"},"modified":"2026-01-09T04:18:11","modified_gmt":"2026-01-09T04:18:11","slug":"punta-cana-bavaro-adventure-park-paseos-a-caballo-cascadas","status":"publish","type":"product","link":"https:\/\/sabanadelamartours.com\/es\/visita\/punta-cana-bavaro-adventure-park-paseos-a-caballo-cascadas\/","title":{"rendered":"Punta Cana: B\u00e1varo Adventure Park Paseos a Caballo y Cascadas"},"content":{"rendered":"<p>Disfrute de cuatro horas de abundante naturaleza y aventura en el emocionante Parque de Aventuras de B\u00e1varo en una excursi\u00f3n a caballo y Waterfall Pool. Elija reunirse con su grupo directamente en el parque o disfrute de un traslado compartido gratuito desde su hotel.<\/p>\n<p>Comience su d\u00eda de diversi\u00f3n saliendo de los caminos trillados en una excursi\u00f3n a caballo. Contemple la exuberante naturaleza y la vida salvaje del parque desde una perspectiva diferente mientras gu\u00eda a su caballo por una tranquila ruta.<\/p>\n<p>A continuaci\u00f3n, dir\u00edjase a la Piscina de la Cascada, donde podr\u00e1 relajarse y remojarse en sus frescas aguas rodeado de frondosos \u00e1rboles y una exquisita selva antes de saborear los sabores locales dominicanos durante el almuerzo.<\/p>\n<div class=\"toggle-content__content toggle-content__content--expanded toggle-content__content--packable\" data-v-59485d64=\"\">\n<div data-test-id=\"activity-full-description-text\" data-v-5835c99c=\"\">Det\u00e9ngase para tomar fotos dignas de Instagram a lo largo de su viaje, y mezcle adrenalina con relajaci\u00f3n.<\/div>\n<\/div>\n<div class=\"toggle-content__label-placeholder\" data-v-59485d64=\"\"><\/div>","protected":false},"excerpt":{"rendered":"<div data-track=\"overview\" data-v-83a2b402=\"\">\n<section id=\"activity-overview\" class=\"activity-overview\" data-component=\"overview\" data-v-83a2b402=\"\" data-v-f3236c42=\"\">\n<p class=\"activity-overview__content\" data-test-id=\"activity-overview-content\" data-v-f3236c42=\"\">Sum\u00e9rjase en la naturaleza y la aventura en una excursi\u00f3n \u00fanica de equitaci\u00f3n y piscina con cascada en el Parque de Aventuras de B\u00e1varo.<\/p>\n<\/section>\n<\/div>\n<div data-track=\"key-details\" data-v-83a2b402=\"\"><\/div>","protected":false},"featured_media":15684,"template":"","meta":[],"product_brand":[],"product_cat":[97],"product_tag":[101,102],"class_list":{"0":"post-15557","1":"product","2":"type-product","3":"status-publish","4":"has-post-thumbnail","6":"product_cat-dominican-republic","7":"product_tag-excursion","8":"product_tag-tour","10":"first","11":"instock","12":"shipping-taxable","13":"product-type-external"},"_links":{"self":[{"href":"https:\/\/sabanadelamartours.com\/es\/wp-json\/wp\/v2\/product\/15557","targetHints":{"allow":["GET"]}}],"collection":[{"href":"https:\/\/sabanadelamartours.com\/es\/wp-json\/wp\/v2\/product"}],"about":[{"href":"https:\/\/sabanadelamartours.com\/es\/wp-json\/wp\/v2\/types\/product"}],"version-history":[{"count":1,"href":"https:\/\/sabanadelamartours.com\/es\/wp-json\/wp\/v2\/product\/15557\/revisions"}],"predecessor-version":[{"id":18691,"href":"https:\/\/sabanadelamartours.com\/es\/wp-json\/wp\/v2\/product\/15557\/revisions\/18691"}],"wp:featuredmedia":[{"embeddable":true,"href":"https:\/\/sabanadelamartours.com\/es\/wp-json\/wp\/v2\/media\/15684"}],"wp:attachment":[{"href":"https:\/\/sabanadelamartours.com\/es\/wp-json\/wp\/v2\/media?parent=15557"}],"wp:term":[{"taxonomy":"product_brand","embeddable":true,"href":"https:\/\/sabanadelamartours.com\/es\/wp-json\/wp\/v2\/product_brand?post=15557"},{"taxonomy":"product_cat","embeddable":true,"href":"https:\/\/sabanadelamartours.com\/es\/wp-json\/wp\/v2\/product_cat?post=15557"},{"taxonomy":"product_tag","embeddable":true,"href":"https:\/\/sabanadelamartours.com\/es\/wp-json\/wp\/v2\/product_tag?post=15557"}],"curies":[{"name":"wp","href":"https:\/\/api.w.org\/{rel}","templated":true}]}}