{"id":15620,"date":"2025-12-18T13:13:49","date_gmt":"2025-12-18T13:13:49","guid":{"rendered":"https:\/\/sabanadelamartours.com\/?post_type=product&#038;p=15620"},"modified":"2026-02-14T02:28:32","modified_gmt":"2026-02-14T02:28:32","slug":"punta-cana-barco-privado-bbq-max","status":"publish","type":"product","link":"https:\/\/sabanadelamartours.com\/es\/visita\/punta-cana-barco-privado-bbq-max\/","title":{"rendered":"Barbacoa privada en barco en Punta Cana (MAX)"},"content":{"rendered":"<p>Disfrutar\u00e1 de una experiencia \u00fanica en un c\u00f3modo catamar\u00e1n exclusivo para su grupo, escuchando buena m\u00fasica y navegando en aguas cristalinas por la costa de Punta Cana.<\/p>\n<p>Llegaremos a una zona protegida, donde hay un hermoso arrecife de coral, uno de nuestro personal le dar\u00e1 una r\u00e1pida formaci\u00f3n sobre c\u00f3mo utilizar su equipo y c\u00f3mo comportarse durante la actividad y podr\u00e1 disfrutar de nuestro divertido tobog\u00e1n. Una vez finalizado el snorkel, nos dirigiremos a una playa virgen, donde nuestro chef empezar\u00e1 a cocinar para todos. Mientras esper\u00e1is la comida podr\u00e9is disfrutar de la playa, donde habr\u00e1 una sesi\u00f3n de fotograf\u00eda y podr\u00e9is relajaros.<\/p>\n<p>Una vez hayamos terminado de comer, nos dirigiremos hacia la piscina natural, donde pondremos a vuestra disposici\u00f3n un bar flotante para serviros nuestra bebida tropical. Tendr\u00e9is servicios personalizados de fotograf\u00eda y divertidos juegos en un ambiente de fiesta, sol y mucho m\u00e1s... Para finalizar la excursi\u00f3n regresamos al punto de partida.<\/p>","protected":false},"excerpt":{"rendered":"<div data-track=\"overview\" data-v-83a2b402=\"\">\n<section id=\"activity-overview\" class=\"activity-overview\" data-component=\"overview\" data-v-83a2b402=\"\" data-v-f3236c42=\"\">\n<p class=\"activity-overview__content\" data-test-id=\"activity-overview-content\" data-v-f3236c42=\"\">Disfrutar\u00e1s de la experiencia en catamar\u00e1n Tobog\u00e1n con barbacoa a bordo, exclusiva s\u00f3lo para tu grupo. Precio v\u00e1lido para hasta 25 personas para alquilar el barco. Cada viajero adicional pagar 85$ 4 horas.<\/p>\n<\/section>\n<\/div>\n<div data-track=\"key-details\" data-v-83a2b402=\"\"><\/div>","protected":false},"featured_media":15794,"template":"","meta":[],"product_brand":[],"product_cat":[97],"product_tag":[101,102],"class_list":{"0":"post-15620","1":"product","2":"type-product","3":"status-publish","4":"has-post-thumbnail","6":"product_cat-dominican-republic","7":"product_tag-excursion","8":"product_tag-tour","10":"first","11":"instock","12":"shipping-taxable","13":"product-type-external"},"_links":{"self":[{"href":"https:\/\/sabanadelamartours.com\/es\/wp-json\/wp\/v2\/product\/15620","targetHints":{"allow":["GET"]}}],"collection":[{"href":"https:\/\/sabanadelamartours.com\/es\/wp-json\/wp\/v2\/product"}],"about":[{"href":"https:\/\/sabanadelamartours.com\/es\/wp-json\/wp\/v2\/types\/product"}],"version-history":[{"count":1,"href":"https:\/\/sabanadelamartours.com\/es\/wp-json\/wp\/v2\/product\/15620\/revisions"}],"predecessor-version":[{"id":19153,"href":"https:\/\/sabanadelamartours.com\/es\/wp-json\/wp\/v2\/product\/15620\/revisions\/19153"}],"wp:featuredmedia":[{"embeddable":true,"href":"https:\/\/sabanadelamartours.com\/es\/wp-json\/wp\/v2\/media\/15794"}],"wp:attachment":[{"href":"https:\/\/sabanadelamartours.com\/es\/wp-json\/wp\/v2\/media?parent=15620"}],"wp:term":[{"taxonomy":"product_brand","embeddable":true,"href":"https:\/\/sabanadelamartours.com\/es\/wp-json\/wp\/v2\/product_brand?post=15620"},{"taxonomy":"product_cat","embeddable":true,"href":"https:\/\/sabanadelamartours.com\/es\/wp-json\/wp\/v2\/product_cat?post=15620"},{"taxonomy":"product_tag","embeddable":true,"href":"https:\/\/sabanadelamartours.com\/es\/wp-json\/wp\/v2\/product_tag?post=15620"}],"curies":[{"name":"wp","href":"https:\/\/api.w.org\/{rel}","templated":true}]}}