{"id":15621,"date":"2025-12-18T13:13:49","date_gmt":"2025-12-18T13:13:49","guid":{"rendered":"https:\/\/sabanadelamartours.com\/?post_type=product&#038;p=15621"},"modified":"2026-01-09T04:31:04","modified_gmt":"2026-01-09T04:31:04","slug":"punta-cana-clases-particulares-de-surf-en-la-playa-de-macao","status":"publish","type":"product","link":"https:\/\/sabanadelamartours.com\/es\/visita\/punta-cana-clases-particulares-de-surf-en-la-playa-de-macao\/","title":{"rendered":"Punta Cana: Clase individual de surf en la playa de Macao"},"content":{"rendered":"<p>Descubra el placer de surfear con esta clase de surf en las arenas blancas y aguas cristalinas de la impresionante playa de Macao. Disfrute de la comodidad de un traslado de ida y vuelta entre su alojamiento en Punta Cana.<\/p>\n<p>Le recogeremos en la comodidad de su alojamiento en Punta Cana. Rel\u00e1jese y disfrute del paisaje durante el trayecto hasta la playa de Macao. Llegue a la playa y comience con una sesi\u00f3n informativa sobre seguridad en el agua. Aumente su confianza con instrucciones y pr\u00e1cticas en tierra firme.<\/p>\n<p>Ponga a prueba sus nuevas habilidades mientras se sumerge en las aguas turquesas. Surca las olas y practica tus brazadas. Progresa r\u00e1pidamente con instrucciones pr\u00e1cticas y f\u00e1ciles de seguir. Disponga de todo el equipo necesario para surfear, incluida una lycra.<\/p>\n<p>Reserve una clase de surf adaptada a todos los niveles. Regrese a su alojamiento en Punta Cana al final de la clase.<\/p>","protected":false},"excerpt":{"rendered":"<div data-track=\"overview\" data-v-83a2b402=\"\">\n<section id=\"activity-overview\" class=\"activity-overview\" data-component=\"overview\" data-v-83a2b402=\"\" data-v-f3236c42=\"\">\n<p class=\"activity-overview__content\" data-test-id=\"activity-overview-content\" data-v-f3236c42=\"\">Disfrute de 2 horas de clases pr\u00e1cticas de surf en la playa de Macao con esta excursi\u00f3n que incluye el traslado desde su alojamiento en Punta Cana. Aprende a surfear con material de surf de alta calidad.<\/p>\n<\/section>\n<\/div>\n<div data-track=\"key-details\" data-v-83a2b402=\"\"><\/div>","protected":false},"featured_media":15798,"template":"","meta":[],"product_brand":[],"product_cat":[97],"product_tag":[101,102],"class_list":{"0":"post-15621","1":"product","2":"type-product","3":"status-publish","4":"has-post-thumbnail","6":"product_cat-dominican-republic","7":"product_tag-excursion","8":"product_tag-tour","10":"first","11":"instock","12":"shipping-taxable","13":"product-type-external"},"_links":{"self":[{"href":"https:\/\/sabanadelamartours.com\/es\/wp-json\/wp\/v2\/product\/15621","targetHints":{"allow":["GET"]}}],"collection":[{"href":"https:\/\/sabanadelamartours.com\/es\/wp-json\/wp\/v2\/product"}],"about":[{"href":"https:\/\/sabanadelamartours.com\/es\/wp-json\/wp\/v2\/types\/product"}],"version-history":[{"count":1,"href":"https:\/\/sabanadelamartours.com\/es\/wp-json\/wp\/v2\/product\/15621\/revisions"}],"predecessor-version":[{"id":18700,"href":"https:\/\/sabanadelamartours.com\/es\/wp-json\/wp\/v2\/product\/15621\/revisions\/18700"}],"wp:featuredmedia":[{"embeddable":true,"href":"https:\/\/sabanadelamartours.com\/es\/wp-json\/wp\/v2\/media\/15798"}],"wp:attachment":[{"href":"https:\/\/sabanadelamartours.com\/es\/wp-json\/wp\/v2\/media?parent=15621"}],"wp:term":[{"taxonomy":"product_brand","embeddable":true,"href":"https:\/\/sabanadelamartours.com\/es\/wp-json\/wp\/v2\/product_brand?post=15621"},{"taxonomy":"product_cat","embeddable":true,"href":"https:\/\/sabanadelamartours.com\/es\/wp-json\/wp\/v2\/product_cat?post=15621"},{"taxonomy":"product_tag","embeddable":true,"href":"https:\/\/sabanadelamartours.com\/es\/wp-json\/wp\/v2\/product_tag?post=15621"}],"curies":[{"name":"wp","href":"https:\/\/api.w.org\/{rel}","templated":true}]}}