{"id":15664,"date":"2025-12-18T13:15:31","date_gmt":"2025-12-18T13:15:31","guid":{"rendered":"https:\/\/sabanadelamartours.com\/?post_type=product&#038;p=15664"},"modified":"2026-02-14T02:30:36","modified_gmt":"2026-02-14T02:30:36","slug":"traslado-privado-del-aeropuerto-de-santo-domingo-al-centro-de-la-ciudad","status":"publish","type":"product","link":"https:\/\/sabanadelamartours.com\/es\/visita\/traslado-privado-del-aeropuerto-de-santo-domingo-al-centro-de-la-ciudad\/","title":{"rendered":"Aeropuerto de Santo Domingo: Traslado privado desde\/hacia el centro de la ciudad"},"content":{"rendered":"<p>Disfrute de un c\u00f3modo traslado privado desde el aeropuerto de Santo Domingo al centro de la ciudad de Santo Domingo, o viceversa. Evite las molestias de las colas de los taxis y rel\u00e1jese en la comodidad del aire acondicionado durante el trayecto a su destino.<\/p>\n<p>Para los traslados de llegada, su conductor le esperar\u00e1 en el vest\u00edbulo de llegadas con una placa identificativa. Le ayudar\u00e1n con el equipaje de camino al veh\u00edculo y luego podr\u00e1 relajarse durante el trayecto hasta el hotel.<\/p>\n<p>Para los traslados de salida, re\u00fanase con su conductor en su alojamiento y disfrute de un traslado sin complicaciones a tiempo para su vuelo de salida.<\/p>\n<div class=\"toggle-content__content toggle-content__content--expanded toggle-content__content--packable\" data-v-59485d64=\"\">\n<div data-test-id=\"activity-full-description-text\" data-v-5835c99c=\"\">No dudes en preguntar de antemano por las fijaciones adicionales para el equipamiento deportivo y de otro tipo, y comunica al proveedor de la actividad si necesitas alguna silla para ni\u00f1os.<\/div>\n<\/div>\n<div class=\"toggle-content__label-placeholder\" data-v-59485d64=\"\"><\/div>","protected":false},"excerpt":{"rendered":"<div data-track=\"overview\" data-v-83a2b402=\"\">\n<section id=\"activity-overview\" class=\"activity-overview\" data-component=\"overview\" data-v-83a2b402=\"\" data-v-f3236c42=\"\">\n<p class=\"activity-overview__content\" data-test-id=\"activity-overview-content\" data-v-f3236c42=\"\">Reserve un traslado privado desde el Aeropuerto de Santo Domingo (SDQ) hasta\/desde Santo Domingo. Viaje seguro en un veh\u00edculo con aire acondicionado y un conductor profesional.<\/p>\n<\/section>\n<\/div>\n<div data-track=\"key-details\" data-v-83a2b402=\"\"><\/div>","protected":false},"featured_media":15837,"template":"","meta":[],"product_brand":[],"product_cat":[97],"product_tag":[101,102],"class_list":{"0":"post-15664","1":"product","2":"type-product","3":"status-publish","4":"has-post-thumbnail","6":"product_cat-dominican-republic","7":"product_tag-excursion","8":"product_tag-tour","10":"first","11":"instock","12":"shipping-taxable","13":"product-type-external"},"_links":{"self":[{"href":"https:\/\/sabanadelamartours.com\/es\/wp-json\/wp\/v2\/product\/15664","targetHints":{"allow":["GET"]}}],"collection":[{"href":"https:\/\/sabanadelamartours.com\/es\/wp-json\/wp\/v2\/product"}],"about":[{"href":"https:\/\/sabanadelamartours.com\/es\/wp-json\/wp\/v2\/types\/product"}],"version-history":[{"count":1,"href":"https:\/\/sabanadelamartours.com\/es\/wp-json\/wp\/v2\/product\/15664\/revisions"}],"predecessor-version":[{"id":19157,"href":"https:\/\/sabanadelamartours.com\/es\/wp-json\/wp\/v2\/product\/15664\/revisions\/19157"}],"wp:featuredmedia":[{"embeddable":true,"href":"https:\/\/sabanadelamartours.com\/es\/wp-json\/wp\/v2\/media\/15837"}],"wp:attachment":[{"href":"https:\/\/sabanadelamartours.com\/es\/wp-json\/wp\/v2\/media?parent=15664"}],"wp:term":[{"taxonomy":"product_brand","embeddable":true,"href":"https:\/\/sabanadelamartours.com\/es\/wp-json\/wp\/v2\/product_brand?post=15664"},{"taxonomy":"product_cat","embeddable":true,"href":"https:\/\/sabanadelamartours.com\/es\/wp-json\/wp\/v2\/product_cat?post=15664"},{"taxonomy":"product_tag","embeddable":true,"href":"https:\/\/sabanadelamartours.com\/es\/wp-json\/wp\/v2\/product_tag?post=15664"}],"curies":[{"name":"wp","href":"https:\/\/api.w.org\/{rel}","templated":true}]}}