{"id":15730,"date":"2025-12-18T13:18:50","date_gmt":"2025-12-18T13:18:50","guid":{"rendered":"https:\/\/sabanadelamartours.com\/?post_type=product&#038;p=15730"},"modified":"2026-01-09T05:15:52","modified_gmt":"2026-01-09T05:15:52","slug":"excursion-a-la-isla-saona-con-todo-incluido-desde-punta-cana-o-bayahibe","status":"publish","type":"product","link":"https:\/\/sabanadelamartours.com\/es\/visita\/excursion-a-la-isla-saona-con-todo-incluido-desde-punta-cana-o-bayahibe\/","title":{"rendered":"Cano Hondo Pozas Naturales y excursi\u00f3n en barco a Los Haitises"},"content":{"rendered":"<p>Visita al Parque Nacional de Los Haitises en peque\u00f1os grupos para disfrutar de las imprescindibles piscinas naturales de este parque nacional.<\/p>\n<p>El almuerzo se cocinar\u00e1 a partir de la cocina local y el viaje en barco a las cuevas ser\u00e1 \u00fanico.<\/p>\n<p>\u00a1Un gran mosaico natural y cultural!<\/p>\n<p>El Parque Nacional de Los Haitises (cuyo nombre significa \u201ctierra alta\u201d o \u201cmonta\u00f1a\u201d en la lengua de los antiguos ta\u00ednos) es uno de los paisajes naturales protegidos m\u00e1s importantes de la Rep\u00fablica Dominicana. Abarca una superficie de unos 1.600 km2, que forma parte de un vasto sistema c\u00e1rstico creado hace 50 millones de a\u00f1os, y comprende un rico mosaico de ecosistemas marinos y terrestres: estuarios, ensenadas, bah\u00edas, cayos y mogotes -las curiosas formaciones rocosas en forma de cono que caracterizan el paisaje de la zona-, as\u00ed como dolinas, manglares, etc. Es decir, un inmenso parque repleto de atractivos naturales donde vivir aventuras \u00fanicas.<\/p>\n<div class=\"toggle-content__content toggle-content__content--expanded toggle-content__content--packable\" data-v-59485d64=\"\">\n<div data-test-id=\"activity-full-description-text\" data-v-5835c99c=\"\">Despu\u00e9s de Visitar Los Haitises nos centramos en un almuerzo Local con tiempo libre para Piscinas Naturales en los Hoteles Cano hondo.<\/div>\n<\/div>\n<div class=\"toggle-content__label-placeholder\" data-v-59485d64=\"\"><\/div>","protected":false},"excerpt":{"rendered":"<div data-track=\"overview\" data-v-83a2b402=\"\">\n<section id=\"activity-overview\" class=\"activity-overview\" data-component=\"overview\" data-v-83a2b402=\"\" data-v-f3236c42=\"\">\n<p class=\"activity-overview__content\" data-test-id=\"activity-overview-content\" data-v-f3236c42=\"\">\u00a1Explore el parque nacional Los Haitises con un viaje en barco a las cuevas rodeando la magn\u00edfica vegetaci\u00f3n de los manglares y Rocky Island! Experimente las Cuevas de los Ta\u00ednos y Disfrute de las Piscinas Naturales en Cano Hondo<\/p>\n<\/section>\n<\/div>\n<div data-track=\"key-details\" data-v-83a2b402=\"\"><\/div>","protected":false},"featured_media":14561,"template":"","meta":[],"product_brand":[],"product_cat":[97],"product_tag":[101,102],"class_list":{"0":"post-15730","1":"product","2":"type-product","3":"status-publish","4":"has-post-thumbnail","6":"product_cat-dominican-republic","7":"product_tag-excursion","8":"product_tag-tour","10":"first","11":"instock","12":"shipping-taxable","13":"product-type-external"},"_links":{"self":[{"href":"https:\/\/sabanadelamartours.com\/es\/wp-json\/wp\/v2\/product\/15730","targetHints":{"allow":["GET"]}}],"collection":[{"href":"https:\/\/sabanadelamartours.com\/es\/wp-json\/wp\/v2\/product"}],"about":[{"href":"https:\/\/sabanadelamartours.com\/es\/wp-json\/wp\/v2\/types\/product"}],"version-history":[{"count":1,"href":"https:\/\/sabanadelamartours.com\/es\/wp-json\/wp\/v2\/product\/15730\/revisions"}],"predecessor-version":[{"id":18709,"href":"https:\/\/sabanadelamartours.com\/es\/wp-json\/wp\/v2\/product\/15730\/revisions\/18709"}],"wp:featuredmedia":[{"embeddable":true,"href":"https:\/\/sabanadelamartours.com\/es\/wp-json\/wp\/v2\/media\/14561"}],"wp:attachment":[{"href":"https:\/\/sabanadelamartours.com\/es\/wp-json\/wp\/v2\/media?parent=15730"}],"wp:term":[{"taxonomy":"product_brand","embeddable":true,"href":"https:\/\/sabanadelamartours.com\/es\/wp-json\/wp\/v2\/product_brand?post=15730"},{"taxonomy":"product_cat","embeddable":true,"href":"https:\/\/sabanadelamartours.com\/es\/wp-json\/wp\/v2\/product_cat?post=15730"},{"taxonomy":"product_tag","embeddable":true,"href":"https:\/\/sabanadelamartours.com\/es\/wp-json\/wp\/v2\/product_tag?post=15730"}],"curies":[{"name":"wp","href":"https:\/\/api.w.org\/{rel}","templated":true}]}}