{"id":15744,"date":"2025-12-18T13:19:30","date_gmt":"2025-12-18T13:19:30","guid":{"rendered":"https:\/\/sabanadelamartours.com\/?post_type=product&#038;p=15744"},"modified":"2026-01-09T05:16:52","modified_gmt":"2026-01-09T05:16:52","slug":"desde-las-terrenas-visita-guiada-al-parque-nacional-de-los-haitises","status":"publish","type":"product","link":"https:\/\/sabanadelamartours.com\/es\/visita\/desde-las-terrenas-visita-guiada-al-parque-nacional-de-los-haitises\/","title":{"rendered":"Desde Las Terrenas: Visita guiada al Parque Nacional de Los Haitises"},"content":{"rendered":"<p>Salga de su zona de confort y sum\u00e9rjase en el impresionante entorno que ofrece el Parque Nacional de Los Haitises. Visite las localidades de S\u00e1nchez y Sabana de la Mar, situadas en el parque nacional, y explore la rica flora y fauna que componen Los Haitises.<\/p>\n<p>Zarpe de S\u00e1nchez rumbo a Los Haitises y dir\u00edjase a las cuevas con pictograf\u00edas y petroglifos, tesoros hist\u00f3ricos de la cultura ta\u00edna aut\u00f3ctona, que le mostrar\u00e1 su gu\u00eda.<\/p>\n<div class=\"toggle-content__content toggle-content__content--expanded toggle-content__content--packable\" data-v-59485d64=\"\">\n<div data-test-id=\"activity-full-description-text\" data-v-5835c99c=\"\">\n<p>Explore la inmensa biodiversidad de los manglares de Las Haitises, donde viven y deambulan libremente un gran n\u00famero de aves, peces y animales terrestres. El hecho de que los gu\u00edas sean lugare\u00f1os garantizar\u00e1 que su excursi\u00f3n en barco est\u00e9 repleta de los mejores consejos y destinos.<\/p>\n<\/div>\n<\/div>\n<div class=\"toggle-content__label-placeholder\" data-v-59485d64=\"\"><\/div>","protected":false},"excerpt":{"rendered":"<div data-track=\"overview\" data-v-83a2b402=\"\">\n<section id=\"activity-overview\" class=\"activity-overview\" data-component=\"overview\" data-v-83a2b402=\"\" data-v-f3236c42=\"\">\n<p class=\"activity-overview__content\" data-test-id=\"activity-overview-content\" data-v-f3236c42=\"\">Explore la rica biodiversidad y la espectacular belleza natural que ofrece el Parque Nacional de Los Haitises. Avent\u00farese en los manglares, cayos, cuevas e islas rocosas del parque.<\/p>\n<\/section>\n<\/div>\n<div data-track=\"key-details\" data-v-83a2b402=\"\"><\/div>","protected":false},"featured_media":15945,"template":"","meta":[],"product_brand":[],"product_cat":[97],"product_tag":[101,102],"class_list":{"0":"post-15744","1":"product","2":"type-product","3":"status-publish","4":"has-post-thumbnail","6":"product_cat-dominican-republic","7":"product_tag-excursion","8":"product_tag-tour","10":"first","11":"instock","12":"shipping-taxable","13":"product-type-external"},"_links":{"self":[{"href":"https:\/\/sabanadelamartours.com\/es\/wp-json\/wp\/v2\/product\/15744","targetHints":{"allow":["GET"]}}],"collection":[{"href":"https:\/\/sabanadelamartours.com\/es\/wp-json\/wp\/v2\/product"}],"about":[{"href":"https:\/\/sabanadelamartours.com\/es\/wp-json\/wp\/v2\/types\/product"}],"version-history":[{"count":1,"href":"https:\/\/sabanadelamartours.com\/es\/wp-json\/wp\/v2\/product\/15744\/revisions"}],"predecessor-version":[{"id":18710,"href":"https:\/\/sabanadelamartours.com\/es\/wp-json\/wp\/v2\/product\/15744\/revisions\/18710"}],"wp:featuredmedia":[{"embeddable":true,"href":"https:\/\/sabanadelamartours.com\/es\/wp-json\/wp\/v2\/media\/15945"}],"wp:attachment":[{"href":"https:\/\/sabanadelamartours.com\/es\/wp-json\/wp\/v2\/media?parent=15744"}],"wp:term":[{"taxonomy":"product_brand","embeddable":true,"href":"https:\/\/sabanadelamartours.com\/es\/wp-json\/wp\/v2\/product_brand?post=15744"},{"taxonomy":"product_cat","embeddable":true,"href":"https:\/\/sabanadelamartours.com\/es\/wp-json\/wp\/v2\/product_cat?post=15744"},{"taxonomy":"product_tag","embeddable":true,"href":"https:\/\/sabanadelamartours.com\/es\/wp-json\/wp\/v2\/product_tag?post=15744"}],"curies":[{"name":"wp","href":"https:\/\/api.w.org\/{rel}","templated":true}]}}