{"id":15745,"date":"2025-12-18T13:19:31","date_gmt":"2025-12-18T13:19:31","guid":{"rendered":"https:\/\/sabanadelamartours.com\/?post_type=product&#038;p=15745"},"modified":"2026-02-14T02:34:36","modified_gmt":"2026-02-14T02:34:36","slug":"punta-cana-maroca-club-vip-fit-entrada-bebidas-traslados","status":"publish","type":"product","link":"https:\/\/sabanadelamartours.com\/es\/visita\/punta-cana-maroca-club-vip-fit-entrada-bebidas-traslados\/","title":{"rendered":"Punta Cana: Maroca Club VIP Fit (Entrada, Bebidas y Traslados)"},"content":{"rendered":"<p>Si buscas una noche de diversi\u00f3n Maroca Club, en Punta Cana, encontrar\u00e1s la fiesta en la discoteca m\u00e1s exclusiva de Punta Cana y el Caribe Maroca Club es la opci\u00f3n ideal.<\/p>\n<p>Disfrutar\u00e1s de un espect\u00e1culo, \u00a1fiesta a otro nivel sumergi\u00e9ndote en la cueva de Maroca en nuestro cenote caribe\u00f1o!<\/p>\n<p>&nbsp;<\/p>\n<div class=\"toggle-content__content toggle-content__content--expanded toggle-content__content--packable\" data-v-59485d64=\"\">\n<div data-test-id=\"activity-full-description-text\" data-v-5835c99c=\"\">En este lugar encontrar\u00e1s un t\u00edpico cenote caribe\u00f1o donde disfrutar\u00e1s de un animado espect\u00e1culo nocturno. Podr\u00e1s bailar al ritmo de la m\u00fasica mientras te diviertes en un espacio al aire libre. \u00a1Ideal para pasar una de las mejores noches en Punta Cana!<\/div>\n<\/div>\n<div class=\"toggle-content__label-placeholder\" data-v-59485d64=\"\"><\/div>","protected":false},"excerpt":{"rendered":"<div data-track=\"overview\" data-v-83a2b402=\"\">\n<section id=\"activity-overview\" class=\"activity-overview\" data-component=\"overview\" data-v-83a2b402=\"\" data-v-f3236c42=\"\">\n<p class=\"activity-overview__content\" data-test-id=\"activity-overview-content\" data-v-f3236c42=\"\">Divi\u00e9rtete toda la noche en Maroca Club, el mejor club nocturno del Caribe. Disfruta de una noche diferente en la que bailar\u00e1s, escuchar\u00e1s al DJ y asistir\u00e1s al espect\u00e1culo, todo ello en un cenote.<\/p>\n<\/section>\n<\/div>\n<div data-track=\"key-details\" data-v-83a2b402=\"\"><\/div>","protected":false},"featured_media":15955,"template":"","meta":[],"product_brand":[],"product_cat":[97],"product_tag":[101,102],"class_list":{"0":"post-15745","1":"product","2":"type-product","3":"status-publish","4":"has-post-thumbnail","6":"product_cat-dominican-republic","7":"product_tag-excursion","8":"product_tag-tour","10":"first","11":"instock","12":"shipping-taxable","13":"product-type-external"},"_links":{"self":[{"href":"https:\/\/sabanadelamartours.com\/es\/wp-json\/wp\/v2\/product\/15745","targetHints":{"allow":["GET"]}}],"collection":[{"href":"https:\/\/sabanadelamartours.com\/es\/wp-json\/wp\/v2\/product"}],"about":[{"href":"https:\/\/sabanadelamartours.com\/es\/wp-json\/wp\/v2\/types\/product"}],"version-history":[{"count":1,"href":"https:\/\/sabanadelamartours.com\/es\/wp-json\/wp\/v2\/product\/15745\/revisions"}],"predecessor-version":[{"id":19163,"href":"https:\/\/sabanadelamartours.com\/es\/wp-json\/wp\/v2\/product\/15745\/revisions\/19163"}],"wp:featuredmedia":[{"embeddable":true,"href":"https:\/\/sabanadelamartours.com\/es\/wp-json\/wp\/v2\/media\/15955"}],"wp:attachment":[{"href":"https:\/\/sabanadelamartours.com\/es\/wp-json\/wp\/v2\/media?parent=15745"}],"wp:term":[{"taxonomy":"product_brand","embeddable":true,"href":"https:\/\/sabanadelamartours.com\/es\/wp-json\/wp\/v2\/product_brand?post=15745"},{"taxonomy":"product_cat","embeddable":true,"href":"https:\/\/sabanadelamartours.com\/es\/wp-json\/wp\/v2\/product_cat?post=15745"},{"taxonomy":"product_tag","embeddable":true,"href":"https:\/\/sabanadelamartours.com\/es\/wp-json\/wp\/v2\/product_tag?post=15745"}],"curies":[{"name":"wp","href":"https:\/\/api.w.org\/{rel}","templated":true}]}}