{"id":15762,"date":"2025-12-18T13:20:15","date_gmt":"2025-12-18T13:20:15","guid":{"rendered":"https:\/\/sabanadelamartours.com\/?post_type=product&#038;p=15762"},"modified":"2026-02-14T02:35:20","modified_gmt":"2026-02-14T02:35:20","slug":"nado-vip-con-delfines-en-ocean-world-puerto-plata","status":"publish","type":"product","link":"https:\/\/sabanadelamartours.com\/es\/visita\/nado-vip-con-delfines-en-ocean-world-puerto-plata\/","title":{"rendered":"Nado VIP con delfines en Ocean World Puerto Plata"},"content":{"rendered":"<p>\u00a1Hola amante de la aventura y la diversi\u00f3n acu\u00e1tica!<\/p>\n<p>Prep\u00e1rese para sumergirse en un d\u00eda lleno de emociones en nuestra emocionante excursi\u00f3n al parque acu\u00e1tico Ocean World. En esta excursi\u00f3n \u00fanica le espera una experiencia inolvidable llena de entretenimiento, naturaleza y relajaci\u00f3n.<\/p>\n<p>Comenzaremos nuestro viaje dej\u00e1ndonos sorprender por emocionantes espect\u00e1culos. Prep\u00e1rese para maravillarse ante la inteligencia y la gracia de los delfines, la simpat\u00eda de los leones marinos y el despliegue de color y destreza de las aves ex\u00f3ticas. Ser\u00e1 un momento m\u00e1gico que le conectar\u00e1 con la incre\u00edble diversidad de la vida marina.<\/p>\n<div class=\"toggle-content__content toggle-content__content--expanded toggle-content__content--packable\" data-v-59485d64=\"\">\n<div data-test-id=\"activity-full-description-text\" data-v-5835c99c=\"\">Despu\u00e9s, nos aventuraremos en una fascinante caminata por la exuberante selva tropical. En este para\u00edso verde, tendr\u00e1 la oportunidad \u00fanica de interactuar con las aves del amor, una experiencia que le llenar\u00e1 de alegr\u00eda y le acercar\u00e1 a la belleza natural que nos rodea. Descubra la vida salvaje en su h\u00e1bitat natural mientras observa peces e iguanas en su entorno natural.<\/div>\n<\/div>\n<div class=\"toggle-content__label-placeholder\" data-v-59485d64=\"\"><\/div>","protected":false},"excerpt":{"rendered":"<div data-track=\"overview\" data-v-83a2b402=\"\">\n<section id=\"activity-overview\" class=\"activity-overview\" data-component=\"overview\" data-v-83a2b402=\"\" data-v-f3236c42=\"\">\n<p class=\"activity-overview__content\" data-test-id=\"activity-overview-content\" data-v-f3236c42=\"\">Espect\u00e1culo de delfines, leones marinos y aves, paseo por la selva tropical: interact\u00fae con aves, vea peces e iguanas, practique snorkel y tambi\u00e9n nade con delfines.<\/p>\n<\/section>\n<\/div>\n<div data-track=\"key-details\" data-v-83a2b402=\"\"><\/div>","protected":false},"featured_media":15969,"template":"","meta":[],"product_brand":[],"product_cat":[97],"product_tag":[101,102],"class_list":{"0":"post-15762","1":"product","2":"type-product","3":"status-publish","4":"has-post-thumbnail","6":"product_cat-dominican-republic","7":"product_tag-excursion","8":"product_tag-tour","10":"first","11":"instock","12":"shipping-taxable","13":"product-type-external"},"_links":{"self":[{"href":"https:\/\/sabanadelamartours.com\/es\/wp-json\/wp\/v2\/product\/15762","targetHints":{"allow":["GET"]}}],"collection":[{"href":"https:\/\/sabanadelamartours.com\/es\/wp-json\/wp\/v2\/product"}],"about":[{"href":"https:\/\/sabanadelamartours.com\/es\/wp-json\/wp\/v2\/types\/product"}],"version-history":[{"count":1,"href":"https:\/\/sabanadelamartours.com\/es\/wp-json\/wp\/v2\/product\/15762\/revisions"}],"predecessor-version":[{"id":19164,"href":"https:\/\/sabanadelamartours.com\/es\/wp-json\/wp\/v2\/product\/15762\/revisions\/19164"}],"wp:featuredmedia":[{"embeddable":true,"href":"https:\/\/sabanadelamartours.com\/es\/wp-json\/wp\/v2\/media\/15969"}],"wp:attachment":[{"href":"https:\/\/sabanadelamartours.com\/es\/wp-json\/wp\/v2\/media?parent=15762"}],"wp:term":[{"taxonomy":"product_brand","embeddable":true,"href":"https:\/\/sabanadelamartours.com\/es\/wp-json\/wp\/v2\/product_brand?post=15762"},{"taxonomy":"product_cat","embeddable":true,"href":"https:\/\/sabanadelamartours.com\/es\/wp-json\/wp\/v2\/product_cat?post=15762"},{"taxonomy":"product_tag","embeddable":true,"href":"https:\/\/sabanadelamartours.com\/es\/wp-json\/wp\/v2\/product_tag?post=15762"}],"curies":[{"name":"wp","href":"https:\/\/api.w.org\/{rel}","templated":true}]}}