{"id":15763,"date":"2025-12-18T13:20:15","date_gmt":"2025-12-18T13:20:15","guid":{"rendered":"https:\/\/sabanadelamartours.com\/?post_type=product&#038;p=15763"},"modified":"2025-12-18T13:29:46","modified_gmt":"2025-12-18T13:29:46","slug":"isla-saona-desde-punta-cana-republica-dominicana-reserve-ahora","status":"publish","type":"product","link":"https:\/\/sabanadelamartours.com\/es\/visita\/isla-saona-desde-punta-cana-republica-dominicana-reserve-ahora\/","title":{"rendered":"Isla Saona Desde Punta Cana Rep\u00fablica Dominicana Reserve Ahora"},"content":{"rendered":"<h2>Aventura en la Isla Saona desde Punta Cana, Rep\u00fablica Dominicana<\/h2>\n<p>Emb\u00e1rquese en una emocionante excursi\u00f3n de un d\u00eda a la impresionante Isla Saona, que comenzar\u00e1 con una c\u00f3moda recogida por la ma\u00f1ana en el vest\u00edbulo de su hotel o apartamento alrededor de las 7:00 de la ma\u00f1ana. Al partir, disfrute del pintoresco trayecto de una hora hasta el puerto de Bayahibe, en La Romana, donde embarcar\u00e1 en un espacioso catamar\u00e1n para un viaje inolvidable por las resplandecientes aguas del Caribe.<\/p>\n<p>Mientras el catamar\u00e1n se desliza entre las olas, prep\u00e1rese para sumergirse en la vibrante atm\u00f3sfera. Baile al ritmo de animadas melod\u00edas de merengue y bachata, dirigidas por nuestra en\u00e9rgica tripulaci\u00f3n, asegur\u00e1ndose de que su \u00e1nimo est\u00e9 alto a medida que se acerca a la encantadora isla.<\/p>\n<p>A su llegada a la isla Saona, ser\u00e1 recibido por playas de arena virgen y exuberantes palmeras mecidas por la brisa. Participe en diversas actividades y juegos organizados por nuestro amable personal. Cuando el hambre apriete, disfrute de un delicioso almuerzo buf\u00e9 con especialidades locales, servido sobre las 16:00 horas. Saboree los sabores de la cocina tradicional dominicana mientras disfruta de las impresionantes vistas de la isla.<\/p>\n<p>Despu\u00e9s de comer, prep\u00e1rese para un emocionante viaje de vuelta en una lancha r\u00e1pida. Durante este tramo del viaje, haremos una parada especial en una impresionante piscina natural, donde podr\u00e1 vadear las aguas turquesas poco profundas y tomar fotos inolvidables junto a simp\u00e1ticas estrellas de mar.<\/p>\n<p>Por \u00faltimo, cuando su emocionante d\u00eda llegue a su fin, regresar\u00e1 a tierra firme para el traslado de vuelta a su hotel, lleno de recuerdos de un d\u00eda bien pasado en el para\u00edso.<\/p>","protected":false},"excerpt":{"rendered":"<div data-track=\"overview\" data-v-83a2b402=\"\">\n<section id=\"activity-overview\" class=\"activity-overview\" data-component=\"overview\" data-v-83a2b402=\"\" data-v-f3236c42=\"\">\n<p class=\"activity-overview__content\" data-test-id=\"activity-overview-content\" data-v-f3236c42=\"\">Disfrutar\u00e1 de un inolvidable y agradable d\u00eda de playa en este para\u00edso tropical<\/p>\n<\/section>\n<\/div>\n<div data-track=\"key-details\" data-v-83a2b402=\"\"><\/div>","protected":false},"featured_media":15978,"template":"","meta":[],"product_brand":[],"product_cat":[97,98],"product_tag":[101,102],"class_list":{"0":"post-15763","1":"product","2":"type-product","3":"status-publish","4":"has-post-thumbnail","6":"product_cat-dominican-republic","7":"product_cat-saona-island","8":"product_tag-excursion","9":"product_tag-tour","11":"first","12":"instock","13":"sale","14":"shipping-taxable","15":"product-type-external"},"_links":{"self":[{"href":"https:\/\/sabanadelamartours.com\/es\/wp-json\/wp\/v2\/product\/15763","targetHints":{"allow":["GET"]}}],"collection":[{"href":"https:\/\/sabanadelamartours.com\/es\/wp-json\/wp\/v2\/product"}],"about":[{"href":"https:\/\/sabanadelamartours.com\/es\/wp-json\/wp\/v2\/types\/product"}],"version-history":[{"count":0,"href":"https:\/\/sabanadelamartours.com\/es\/wp-json\/wp\/v2\/product\/15763\/revisions"}],"wp:featuredmedia":[{"embeddable":true,"href":"https:\/\/sabanadelamartours.com\/es\/wp-json\/wp\/v2\/media\/15978"}],"wp:attachment":[{"href":"https:\/\/sabanadelamartours.com\/es\/wp-json\/wp\/v2\/media?parent=15763"}],"wp:term":[{"taxonomy":"product_brand","embeddable":true,"href":"https:\/\/sabanadelamartours.com\/es\/wp-json\/wp\/v2\/product_brand?post=15763"},{"taxonomy":"product_cat","embeddable":true,"href":"https:\/\/sabanadelamartours.com\/es\/wp-json\/wp\/v2\/product_cat?post=15763"},{"taxonomy":"product_tag","embeddable":true,"href":"https:\/\/sabanadelamartours.com\/es\/wp-json\/wp\/v2\/product_tag?post=15763"}],"curies":[{"name":"wp","href":"https:\/\/api.w.org\/{rel}","templated":true}]}}