{"id":15835,"date":"2025-12-18T13:23:38","date_gmt":"2025-12-18T13:23:38","guid":{"rendered":"https:\/\/sabanadelamartours.com\/?post_type=product&#038;p=15835"},"modified":"2025-12-18T13:31:45","modified_gmt":"2025-12-18T13:31:45","slug":"traslado-privado-desde-riu-republica-al-aeropuerto-de-punta-cana","status":"publish","type":"product","link":"https:\/\/sabanadelamartours.com\/es\/visita\/traslado-privado-desde-riu-republica-al-aeropuerto-de-punta-cana\/","title":{"rendered":"Traslado privado desde Riu Republica al Aeropuerto de Punta Cana"},"content":{"rendered":"<p>Punta Cana Transfer es una empresa l\u00edder en la prestaci\u00f3n de transporte privado en todo Punta Cana. A Como empresa, tenemos m\u00e1s de 4 a\u00f1os de experiencia y m\u00e1s de 1000 comentarios de 5 estrellas en TripAdvisor. Disfrute de la facilidad que viene con ser atendido por su propio representante de servicio al cliente antes, durante y despu\u00e9s de su viaje. Sin tickets, esperando emails, ni largas colas, toda la comunicaci\u00f3n es inmediata y a trav\u00e9s de SMS. Su conductor le estar\u00e1 esperando con un cartel a su llegada y le llevar\u00e1 directamente a su complejo tur\u00edstico sin paradas ni sorpresas indeseadas. Reserve su viaje y vaya directamente desde el Aeropuerto de Punta Cana a Riu Republica o desde riu Republica al Aeropuerto de Punta Cana para coger su vuelo.<\/p>","protected":false},"excerpt":{"rendered":"<div data-track=\"overview\" data-v-83a2b402=\"\">\n<section id=\"activity-overview\" class=\"activity-overview\" data-component=\"overview\" data-v-83a2b402=\"\" data-v-f3236c42=\"\">\n<p class=\"activity-overview__content\" data-test-id=\"activity-overview-content\" data-v-f3236c42=\"\">Transporte sin preocupaciones, reserve ahora y su conductor estar\u00e1 a la hora acordada en el vest\u00edbulo con un cartel con su nombre para que pueda identificar r\u00e1pidamente su transporte y salir hacia el aeropuerto.<\/p>\n<\/section>\n<\/div>\n<div data-track=\"key-details\" data-v-83a2b402=\"\"><\/div>","protected":false},"featured_media":16029,"template":"","meta":[],"product_brand":[],"product_cat":[97],"product_tag":[101,102],"class_list":{"0":"post-15835","1":"product","2":"type-product","3":"status-publish","4":"has-post-thumbnail","6":"product_cat-dominican-republic","7":"product_tag-excursion","8":"product_tag-tour","10":"first","11":"instock","12":"shipping-taxable","13":"product-type-external"},"_links":{"self":[{"href":"https:\/\/sabanadelamartours.com\/es\/wp-json\/wp\/v2\/product\/15835","targetHints":{"allow":["GET"]}}],"collection":[{"href":"https:\/\/sabanadelamartours.com\/es\/wp-json\/wp\/v2\/product"}],"about":[{"href":"https:\/\/sabanadelamartours.com\/es\/wp-json\/wp\/v2\/types\/product"}],"version-history":[{"count":0,"href":"https:\/\/sabanadelamartours.com\/es\/wp-json\/wp\/v2\/product\/15835\/revisions"}],"wp:featuredmedia":[{"embeddable":true,"href":"https:\/\/sabanadelamartours.com\/es\/wp-json\/wp\/v2\/media\/16029"}],"wp:attachment":[{"href":"https:\/\/sabanadelamartours.com\/es\/wp-json\/wp\/v2\/media?parent=15835"}],"wp:term":[{"taxonomy":"product_brand","embeddable":true,"href":"https:\/\/sabanadelamartours.com\/es\/wp-json\/wp\/v2\/product_brand?post=15835"},{"taxonomy":"product_cat","embeddable":true,"href":"https:\/\/sabanadelamartours.com\/es\/wp-json\/wp\/v2\/product_cat?post=15835"},{"taxonomy":"product_tag","embeddable":true,"href":"https:\/\/sabanadelamartours.com\/es\/wp-json\/wp\/v2\/product_tag?post=15835"}],"curies":[{"name":"wp","href":"https:\/\/api.w.org\/{rel}","templated":true}]}}