{"id":15836,"date":"2025-12-18T13:23:38","date_gmt":"2025-12-18T13:23:38","guid":{"rendered":"https:\/\/sabanadelamartours.com\/?post_type=product&#038;p=15836"},"modified":"2026-02-14T02:54:15","modified_gmt":"2026-02-14T02:54:15","slug":"transporte-desde-el-aeropuerto-de-punta-cana","status":"publish","type":"product","link":"https:\/\/sabanadelamartours.com\/es\/visita\/transporte-desde-el-aeropuerto-de-punta-cana\/","title":{"rendered":"Transporte desde el aeropuerto de Punta Cana"},"content":{"rendered":"<p>Somos un operador tur\u00edstico. Con muchas experiencias en turismo. En punta cana. Y ofrecemos un servicio calido a nuestros clientes. Con su recogida en el aeropuerto. Con un cartel con su nombre y apellido. Donde los clientes los encontraran al salir del aeropuerto, los recibimos. Y les llevamos a su transporte. Y los seguimos llevando a su hotel y les ofrecemos una cerveza fr\u00eda. Una bebida de mama Juana. Agua o coca cola fr\u00eda tambi\u00e9n porque vivimos en un pa\u00eds caluroso y por eso ofrecemos a nuestros clientes agua y cerveza mama Juana. Coca Cola<\/p>","protected":false},"excerpt":{"rendered":"<div data-track=\"overview\" data-v-83a2b402=\"\">\n<section id=\"activity-overview\" class=\"activity-overview\" data-component=\"overview\" data-v-83a2b402=\"\" data-v-f3236c42=\"\">\n<p class=\"activity-overview__content\" data-test-id=\"activity-overview-content\" data-v-f3236c42=\"\">Sur profundo tour and travel S.R.L.<\/p>\n<\/section>\n<\/div>\n<div data-track=\"key-details\" data-v-83a2b402=\"\"><\/div>","protected":false},"featured_media":16034,"template":"","meta":[],"product_brand":[],"product_cat":[97],"product_tag":[101,102],"class_list":{"0":"post-15836","1":"product","2":"type-product","3":"status-publish","4":"has-post-thumbnail","6":"product_cat-dominican-republic","7":"product_tag-excursion","8":"product_tag-tour","10":"first","11":"instock","12":"shipping-taxable","13":"product-type-external"},"_links":{"self":[{"href":"https:\/\/sabanadelamartours.com\/es\/wp-json\/wp\/v2\/product\/15836","targetHints":{"allow":["GET"]}}],"collection":[{"href":"https:\/\/sabanadelamartours.com\/es\/wp-json\/wp\/v2\/product"}],"about":[{"href":"https:\/\/sabanadelamartours.com\/es\/wp-json\/wp\/v2\/types\/product"}],"version-history":[{"count":1,"href":"https:\/\/sabanadelamartours.com\/es\/wp-json\/wp\/v2\/product\/15836\/revisions"}],"predecessor-version":[{"id":19171,"href":"https:\/\/sabanadelamartours.com\/es\/wp-json\/wp\/v2\/product\/15836\/revisions\/19171"}],"wp:featuredmedia":[{"embeddable":true,"href":"https:\/\/sabanadelamartours.com\/es\/wp-json\/wp\/v2\/media\/16034"}],"wp:attachment":[{"href":"https:\/\/sabanadelamartours.com\/es\/wp-json\/wp\/v2\/media?parent=15836"}],"wp:term":[{"taxonomy":"product_brand","embeddable":true,"href":"https:\/\/sabanadelamartours.com\/es\/wp-json\/wp\/v2\/product_brand?post=15836"},{"taxonomy":"product_cat","embeddable":true,"href":"https:\/\/sabanadelamartours.com\/es\/wp-json\/wp\/v2\/product_cat?post=15836"},{"taxonomy":"product_tag","embeddable":true,"href":"https:\/\/sabanadelamartours.com\/es\/wp-json\/wp\/v2\/product_tag?post=15836"}],"curies":[{"name":"wp","href":"https:\/\/api.w.org\/{rel}","templated":true}]}}