{"id":15864,"date":"2025-12-18T13:24:51","date_gmt":"2025-12-18T13:24:51","guid":{"rendered":"https:\/\/sabanadelamartours.com\/?post_type=product&#038;p=15864"},"modified":"2026-02-14T02:56:19","modified_gmt":"2026-02-14T02:56:19","slug":"aventuras-sobre-cuatro-ruedas-3-horas","status":"publish","type":"product","link":"https:\/\/sabanadelamartours.com\/es\/visita\/aventuras-sobre-cuatro-ruedas-3-horas\/","title":{"rendered":"Aventuras sobre cuatro ruedas 3 horas"},"content":{"rendered":"<p>Emb\u00e1rquese en una emocionante aventura en quad por las salvajes y escarpadas pistas todoterreno de Puerto Plata. Esta excursi\u00f3n ofrece una forma \u00fanica de explorar zonas de dif\u00edcil acceso a pie, proporcionando una experiencia emocionante a los amantes de la aventura. Comience su viaje con una recogida en los puntos de encuentro designados y prep\u00e1rese para conducir su propio ATV, disfrutando de la libertad y la emoci\u00f3n que conlleva.<\/p>\n<p>Su aventura comienza a medida que navega a trav\u00e9s de peque\u00f1os pueblos y paisajes pintorescos, haciendo su camino hacia el r\u00edo Camu y el r\u00edo Yasica. Sienta la adrenalina de conducir a lo largo de estos hermosos r\u00edos, disfrutando de la belleza natural de los alrededores. A continuaci\u00f3n, dir\u00edjase a la playa de Bergant\u00edn, donde dispondr\u00e1 de 30 minutos para relajarse y tomar el sol. La excursi\u00f3n tambi\u00e9n incluye visitas a remotas plantaciones de ca\u00f1a de az\u00facar y cacao, que ofrecen una visi\u00f3n de las pr\u00e1cticas agr\u00edcolas locales.<\/p>\n<p>A lo largo del recorrido, experimentar\u00e1 lo mejor de los senderos todoterreno de Puerto Plata, desde playas arenosas hasta exuberantes plantaciones. La excursi\u00f3n concluye con el regreso al punto de recogida original, dej\u00e1ndole recuerdos inolvidables de su aventura en quad.<\/p>","protected":false},"excerpt":{"rendered":"<div data-track=\"overview\" data-v-83a2b402=\"\">\n<section id=\"activity-overview\" class=\"activity-overview\" data-component=\"overview\" data-v-83a2b402=\"\" data-v-f3236c42=\"\">\n<p class=\"activity-overview__content\" data-test-id=\"activity-overview-content\" data-v-f3236c42=\"\">Conduzca su propio quad por las escarpadas pistas todoterreno de Puerto Plata. Visita playas, r\u00edos y remotas plantaciones para vivir una aventura inolvidable.<\/p>\n<\/section>\n<\/div>\n<div data-track=\"key-details\" data-v-83a2b402=\"\"><\/div>","protected":false},"featured_media":16058,"template":"","meta":[],"product_brand":[],"product_cat":[97],"product_tag":[101,102],"class_list":{"0":"post-15864","1":"product","2":"type-product","3":"status-publish","4":"has-post-thumbnail","6":"product_cat-dominican-republic","7":"product_tag-excursion","8":"product_tag-tour","10":"first","11":"instock","12":"shipping-taxable","13":"product-type-external"},"_links":{"self":[{"href":"https:\/\/sabanadelamartours.com\/es\/wp-json\/wp\/v2\/product\/15864","targetHints":{"allow":["GET"]}}],"collection":[{"href":"https:\/\/sabanadelamartours.com\/es\/wp-json\/wp\/v2\/product"}],"about":[{"href":"https:\/\/sabanadelamartours.com\/es\/wp-json\/wp\/v2\/types\/product"}],"version-history":[{"count":1,"href":"https:\/\/sabanadelamartours.com\/es\/wp-json\/wp\/v2\/product\/15864\/revisions"}],"predecessor-version":[{"id":19174,"href":"https:\/\/sabanadelamartours.com\/es\/wp-json\/wp\/v2\/product\/15864\/revisions\/19174"}],"wp:featuredmedia":[{"embeddable":true,"href":"https:\/\/sabanadelamartours.com\/es\/wp-json\/wp\/v2\/media\/16058"}],"wp:attachment":[{"href":"https:\/\/sabanadelamartours.com\/es\/wp-json\/wp\/v2\/media?parent=15864"}],"wp:term":[{"taxonomy":"product_brand","embeddable":true,"href":"https:\/\/sabanadelamartours.com\/es\/wp-json\/wp\/v2\/product_brand?post=15864"},{"taxonomy":"product_cat","embeddable":true,"href":"https:\/\/sabanadelamartours.com\/es\/wp-json\/wp\/v2\/product_cat?post=15864"},{"taxonomy":"product_tag","embeddable":true,"href":"https:\/\/sabanadelamartours.com\/es\/wp-json\/wp\/v2\/product_tag?post=15864"}],"curies":[{"name":"wp","href":"https:\/\/api.w.org\/{rel}","templated":true}]}}