{"id":15897,"date":"2025-12-18T13:26:21","date_gmt":"2025-12-18T13:26:21","guid":{"rendered":"https:\/\/sabanadelamartours.com\/?post_type=product&#038;p=15897"},"modified":"2026-02-14T03:00:46","modified_gmt":"2026-02-14T03:00:46","slug":"3-en-1-los-haitises-w-montana-redonda-yanigua-cataratas","status":"publish","type":"product","link":"https:\/\/sabanadelamartours.com\/es\/visita\/3-en-1-los-haitises-w-montana-redonda-yanigua-cataratas\/","title":{"rendered":"3 en 1: Los Haitises con Monta\u00f1a Redonda y Cascadas de Yanigua"},"content":{"rendered":"<p>\u00bfEst\u00e1 buscando una excursi\u00f3n inolvidable para explorar la belleza natural de la Rep\u00fablica Dominicana? No busque m\u00e1s: nuestra excursi\u00f3n tres en uno desde Punta Cana le llevar\u00e1 a tres destinos incre\u00edbles que le dejar\u00e1n sin aliento.<\/p>\n<p>El primer lugar del itinerario es Monta\u00f1a Redonda: un destino de visita obligada en la Rep\u00fablica Dominicana por su impresionante belleza natural. Situada en Miches, en la provincia de El Seibo, se encuentra entre la impresionante Laguna Rinc\u00f3n y la Laguna Redonda. A una impresionante altura de unos 300 metros, Monta\u00f1a Redonda ofrece una magn\u00edfica vista de 360 grados de los alrededores. Desde all\u00ed podr\u00e1 admirar la pintoresca Bah\u00eda de Saman\u00e1, la Laguna Redonda, El Lim\u00f3n, Miches y El Seibo. No olvide hacerse una foto memorable en el \u00abColumpio m\u00e1s famoso\u00bb de todo el pa\u00eds.<\/p>\n<p>El siguiente es el Parque Nacional de Los Haitises, una zona virgen donde descubrir\u00e1 la belleza en bruto de los paisajes naturales de la Rep\u00fablica Dominicana. Desde sus exuberantes manglares y selvas hasta sus fascinantes yacimientos arqueol\u00f3gicos escondidos en cuevas, este parque es una aut\u00e9ntica maravilla de la naturaleza. Mant\u00e9n los ojos bien abiertos para ver especies de aves poco comunes que no encontrar\u00e1s en ning\u00fan otro lugar del mundo.<\/p>\n<p>Por \u00faltimo, visitar\u00e1 las Cascadas del Rancho Yanigua. Esta espectacular cascada es un escape ideal del ajetreo y el bullicio de las multitudes tur\u00edsticas de Punta Cana y est\u00e1 envuelta por una densa vegetaci\u00f3n que crea la ilusi\u00f3n de estar a kil\u00f3metros de distancia de la civilizaci\u00f3n, aunque no sea as\u00ed.<\/p>\n<p>No se pierda esta incre\u00edble excursi\u00f3n de ecoturismo que destaca lo mejor de las maravillas naturales de la Rep\u00fablica Dominicana. Desde parajes perfectamente curados como Round Mountain hasta naturaleza virgen como el Parque Nacional Los Haitises y naturaleza controlada en el Rancho Yanigua, esta excursi\u00f3n tiene algo para todos los gustos.<\/p>\n<p>Se ofrece un almuerzo t\u00edpico dominicano, as\u00ed como transporte desde su hotel. Si te alojas en un Airbnb, habr\u00e1 un lugar de recogida cercano.<\/p>","protected":false},"excerpt":{"rendered":"<div data-track=\"overview\" data-v-83a2b402=\"\">\n<section id=\"activity-overview\" class=\"activity-overview\" data-component=\"overview\" data-v-83a2b402=\"\" data-v-f3236c42=\"\">\n<p class=\"activity-overview__content\" data-test-id=\"activity-overview-content\" data-v-f3236c42=\"\">Viva una inolvidable excursi\u00f3n de ecoturismo 3 en 1 para visitar la Monta\u00f1a Redonda, el Parque Nacional de Los Haitises y las encantadoras Cascadas del Rancho Yanigua, que muestran la belleza natural del pa\u00eds.<\/p>\n<\/section>\n<\/div>\n<div data-track=\"key-details\" data-v-83a2b402=\"\"><\/div>","protected":false},"featured_media":16104,"template":"","meta":[],"product_brand":[],"product_cat":[97],"product_tag":[101,102],"class_list":{"0":"post-15897","1":"product","2":"type-product","3":"status-publish","4":"has-post-thumbnail","6":"product_cat-dominican-republic","7":"product_tag-excursion","8":"product_tag-tour","10":"first","11":"instock","12":"shipping-taxable","13":"product-type-external"},"_links":{"self":[{"href":"https:\/\/sabanadelamartours.com\/es\/wp-json\/wp\/v2\/product\/15897","targetHints":{"allow":["GET"]}}],"collection":[{"href":"https:\/\/sabanadelamartours.com\/es\/wp-json\/wp\/v2\/product"}],"about":[{"href":"https:\/\/sabanadelamartours.com\/es\/wp-json\/wp\/v2\/types\/product"}],"version-history":[{"count":1,"href":"https:\/\/sabanadelamartours.com\/es\/wp-json\/wp\/v2\/product\/15897\/revisions"}],"predecessor-version":[{"id":19179,"href":"https:\/\/sabanadelamartours.com\/es\/wp-json\/wp\/v2\/product\/15897\/revisions\/19179"}],"wp:featuredmedia":[{"embeddable":true,"href":"https:\/\/sabanadelamartours.com\/es\/wp-json\/wp\/v2\/media\/16104"}],"wp:attachment":[{"href":"https:\/\/sabanadelamartours.com\/es\/wp-json\/wp\/v2\/media?parent=15897"}],"wp:term":[{"taxonomy":"product_brand","embeddable":true,"href":"https:\/\/sabanadelamartours.com\/es\/wp-json\/wp\/v2\/product_brand?post=15897"},{"taxonomy":"product_cat","embeddable":true,"href":"https:\/\/sabanadelamartours.com\/es\/wp-json\/wp\/v2\/product_cat?post=15897"},{"taxonomy":"product_tag","embeddable":true,"href":"https:\/\/sabanadelamartours.com\/es\/wp-json\/wp\/v2\/product_tag?post=15897"}],"curies":[{"name":"wp","href":"https:\/\/api.w.org\/{rel}","templated":true}]}}