{"id":15977,"date":"2025-12-18T13:29:43","date_gmt":"2025-12-18T13:29:43","guid":{"rendered":"https:\/\/sabanadelamartours.com\/?post_type=product&#038;p=15977"},"modified":"2025-12-18T13:38:31","modified_gmt":"2025-12-18T13:38:31","slug":"airbnb-sabana-de-la-mar-kayak-tour-los-haitises","status":"publish","type":"product","link":"https:\/\/sabanadelamartours.com\/es\/visita\/airbnb-sabana-de-la-mar-kayak-tour-los-haitises\/","title":{"rendered":"Airbnb Sabana de la mar + Kayak Tour Los Haitises"},"content":{"rendered":"<p>Excursi\u00f3n en barco por 2 horas en el Parque Nacional Los Haitises y una habitaci\u00f3n privada limpia para 1 noche con 2 camas dobles y todas las necesidades b\u00e1sicas que necesita, excelente ubicaci\u00f3n, a s\u00f3lo 5 minutos en coche del puerto de Sabana de la Mar. Usted estar\u00e1 cerca del centro pero lejos del ruido en una zona tranquila y segura. Recepci\u00f3n 24 h con c\u00e1maras de seguridad en toda la zona.<\/p>\n<p>El espacio<\/p>\n<p>La habitaci\u00f3n est\u00e1 situada a s\u00f3lo 20 minutos en coche de muy famoso Parque Nacional Los Haitises en Sabana de la Mar. Cada a\u00f1o, miles de personas visitan Los Haitises. A s\u00f3lo 5 minutos en coche del puerto de Sabana de la Mar. La mejor manera de llegar a Saman\u00e1 (1 hora en ferry) o iniciar su excursi\u00f3n ... Avistamiento de ballenas, Parque Nacional Los Haitises, etc.<\/p>\n<p>Acceso para invitados<\/p>\n<p>-Parking gratuito en la zona - 24 h con c\u00e1maras de seguridad. -Zona tranquila. -Cerca del centro. -Tenemos ofertas especiales para nuestros hu\u00e9spedes para actividades en los alrededores.<\/p>\n<p>\u00a1Lea la nota!<\/p>\n<p>La hora de salida es a las 12.00. Si desea prolongar la hora de salida, se cobrar\u00e1 un cargo adicional equivalente a 30% de la tarifa de su habitaci\u00f3n por las prolongaciones hasta las 15:00.<\/p>","protected":false},"excerpt":{"rendered":"<div data-track=\"overview\" data-v-83a2b402=\"\">\n<section id=\"activity-overview\" class=\"activity-overview\" data-component=\"overview\" data-v-83a2b402=\"\" data-v-f3236c42=\"\">\n<p class=\"activity-overview__content\" data-test-id=\"activity-overview-content\" data-v-f3236c42=\"\">Este es un Paquete con Habitacion mas Excursi\u00f3n en Barco en el Parque Nacional Los Haitises. Transporte incluido desde Sabana de la mar. Manglares, Cuevas y mas.<\/p>\n<\/section>\n<\/div>\n<div data-track=\"key-details\" data-v-83a2b402=\"\"><\/div>","protected":false},"featured_media":16160,"template":"","meta":[],"product_brand":[],"product_cat":[97],"product_tag":[101,102],"class_list":{"0":"post-15977","1":"product","2":"type-product","3":"status-publish","4":"has-post-thumbnail","6":"product_cat-dominican-republic","7":"product_tag-excursion","8":"product_tag-tour","10":"first","11":"instock","12":"shipping-taxable","13":"product-type-external"},"_links":{"self":[{"href":"https:\/\/sabanadelamartours.com\/es\/wp-json\/wp\/v2\/product\/15977","targetHints":{"allow":["GET"]}}],"collection":[{"href":"https:\/\/sabanadelamartours.com\/es\/wp-json\/wp\/v2\/product"}],"about":[{"href":"https:\/\/sabanadelamartours.com\/es\/wp-json\/wp\/v2\/types\/product"}],"version-history":[{"count":0,"href":"https:\/\/sabanadelamartours.com\/es\/wp-json\/wp\/v2\/product\/15977\/revisions"}],"wp:featuredmedia":[{"embeddable":true,"href":"https:\/\/sabanadelamartours.com\/es\/wp-json\/wp\/v2\/media\/16160"}],"wp:attachment":[{"href":"https:\/\/sabanadelamartours.com\/es\/wp-json\/wp\/v2\/media?parent=15977"}],"wp:term":[{"taxonomy":"product_brand","embeddable":true,"href":"https:\/\/sabanadelamartours.com\/es\/wp-json\/wp\/v2\/product_brand?post=15977"},{"taxonomy":"product_cat","embeddable":true,"href":"https:\/\/sabanadelamartours.com\/es\/wp-json\/wp\/v2\/product_cat?post=15977"},{"taxonomy":"product_tag","embeddable":true,"href":"https:\/\/sabanadelamartours.com\/es\/wp-json\/wp\/v2\/product_tag?post=15977"}],"curies":[{"name":"wp","href":"https:\/\/api.w.org\/{rel}","templated":true}]}}