{"id":16077,"date":"2025-12-18T13:33:35","date_gmt":"2025-12-18T13:33:35","guid":{"rendered":"https:\/\/sabanadelamartours.com\/?post_type=product&#038;p=16077"},"modified":"2026-02-14T03:25:55","modified_gmt":"2026-02-14T03:25:55","slug":"excursion-privada-de-un-dia-a-boca-de-yuma","status":"publish","type":"product","link":"https:\/\/sabanadelamartours.com\/es\/visita\/excursion-privada-de-un-dia-a-boca-de-yuma\/","title":{"rendered":"Excursi\u00f3n privada de un d\u00eda a Boca de Yuma"},"content":{"rendered":"<p>Nuestra visita guiada privada sigue el camino de la historia dominicana, desde los antiguos ta\u00ednos y los conquistadores espa\u00f1oles hasta la cultura actual.<\/p>\n<p>Comenzaremos en la casa de Juan Ponce de Le\u00f3n, el primer conquistador espa\u00f1ol. Despu\u00e9s exploraremos una cueva que los ind\u00edgenas ta\u00ednos utilizaban como refugio y lugar sagrado.<\/p>\n<p>Tras una caminata por la selva, encontramos la fuente de las leyendas de la fuente de la juventud, un cenote rejuvenecedor.<\/p>\n<p>Ahora que somos inmortales, debemos comer como los h\u00e9roes de anta\u00f1o: langosta, mero, pargo, pizza al horno de ladrillo, lo que te apetezca (no incluido).<\/p>\n<p>Empezamos el d\u00eda en tierra, as\u00ed que es justo que lo acabemos en el mar. Navegaremos por el r\u00edo Yuma y luego nos adentraremos en el mar para contemplar la naturaleza y terminar el d\u00eda en la playa.<\/p>\n<div class=\"toggle-content__content toggle-content__content--expanded toggle-content__content--packable\" data-v-59485d64=\"\">\n<div data-test-id=\"activity-full-description-text\" data-v-5835c99c=\"\">Trae calzado con el que te sientas c\u00f3modo movi\u00e9ndote, \u00a1porque te mantendremos activo!<\/div>\n<\/div>\n<div class=\"toggle-content__label-placeholder\" data-v-59485d64=\"\"><\/div>","protected":false},"excerpt":{"rendered":"<div data-track=\"overview\" data-v-83a2b402=\"\">\n<section id=\"activity-overview\" class=\"activity-overview\" data-component=\"overview\" data-v-83a2b402=\"\" data-v-f3236c42=\"\">\n<p class=\"activity-overview__content\" data-test-id=\"activity-overview-content\" data-v-f3236c42=\"\">Explore Boca de Yuma: historia, cultura y naturaleza en la Rep\u00fablica Dominicana. Recorrido privado que revela joyas ocultas.<\/p>\n<\/section>\n<\/div>\n<div data-track=\"key-details\" data-v-83a2b402=\"\"><\/div>","protected":false},"featured_media":16270,"template":"","meta":[],"product_brand":[],"product_cat":[97],"product_tag":[101,102],"class_list":{"0":"post-16077","1":"product","2":"type-product","3":"status-publish","4":"has-post-thumbnail","6":"product_cat-dominican-republic","7":"product_tag-excursion","8":"product_tag-tour","10":"first","11":"instock","12":"shipping-taxable","13":"product-type-external"},"_links":{"self":[{"href":"https:\/\/sabanadelamartours.com\/es\/wp-json\/wp\/v2\/product\/16077","targetHints":{"allow":["GET"]}}],"collection":[{"href":"https:\/\/sabanadelamartours.com\/es\/wp-json\/wp\/v2\/product"}],"about":[{"href":"https:\/\/sabanadelamartours.com\/es\/wp-json\/wp\/v2\/types\/product"}],"version-history":[{"count":1,"href":"https:\/\/sabanadelamartours.com\/es\/wp-json\/wp\/v2\/product\/16077\/revisions"}],"predecessor-version":[{"id":19188,"href":"https:\/\/sabanadelamartours.com\/es\/wp-json\/wp\/v2\/product\/16077\/revisions\/19188"}],"wp:featuredmedia":[{"embeddable":true,"href":"https:\/\/sabanadelamartours.com\/es\/wp-json\/wp\/v2\/media\/16270"}],"wp:attachment":[{"href":"https:\/\/sabanadelamartours.com\/es\/wp-json\/wp\/v2\/media?parent=16077"}],"wp:term":[{"taxonomy":"product_brand","embeddable":true,"href":"https:\/\/sabanadelamartours.com\/es\/wp-json\/wp\/v2\/product_brand?post=16077"},{"taxonomy":"product_cat","embeddable":true,"href":"https:\/\/sabanadelamartours.com\/es\/wp-json\/wp\/v2\/product_cat?post=16077"},{"taxonomy":"product_tag","embeddable":true,"href":"https:\/\/sabanadelamartours.com\/es\/wp-json\/wp\/v2\/product_tag?post=16077"}],"curies":[{"name":"wp","href":"https:\/\/api.w.org\/{rel}","templated":true}]}}