{"id":16089,"date":"2025-12-18T13:34:00","date_gmt":"2025-12-18T13:34:00","guid":{"rendered":"https:\/\/sabanadelamartours.com\/?post_type=product&#038;p=16089"},"modified":"2026-02-14T03:27:25","modified_gmt":"2026-02-14T03:27:25","slug":"visita-historica-de-santo-domingo-en-la-ciudad-colonial","status":"publish","type":"product","link":"https:\/\/sabanadelamartours.com\/es\/visita\/visita-historica-de-santo-domingo-en-la-ciudad-colonial\/","title":{"rendered":"Santo Domingo: Recorrido hist\u00f3rico por la ciudad colonial"},"content":{"rendered":"<p>Enter yourself in the cultural and historical wealth of Santo Domingo with this tour in the colonial zone. Accompany your guide while exploring the most prominent and historical monuments of the colonial city, an area that has been recognized and preserved as a World Heritage by UNESCO.<\/p>\n<p>In this experience, we will thoroughly travel every emblematic point of the tourist area of Santo Domingo, providing detailed information and taking the necessary time to do so. We will be attentive to every small detail and provide guidance with the highest standards of professionalism and human quality that distinguish us.<\/p>\n<div class=\"toggle-content__content toggle-content__content--expanded toggle-content__content--packable\" data-v-59485d64=\"\">\n<div data-test-id=\"activity-full-description-text\" data-v-5835c99c=\"\">Our goal is to present our history and values to the world, offering an exceptional service for our clients to feel special to all Dominicans. We want your experience to be unforgettable in each of your excursions.<\/div>\n<\/div>\n<div class=\"toggle-content__label-placeholder\" data-v-59485d64=\"\"><\/div>","protected":false},"excerpt":{"rendered":"<div data-track=\"overview\" data-v-83a2b402=\"\">\n<section id=\"activity-overview\" class=\"activity-overview\" data-component=\"overview\" data-v-83a2b402=\"\" data-v-f3236c42=\"\">\n<p class=\"activity-overview__content\" data-test-id=\"activity-overview-content\" data-v-f3236c42=\"\">Ad\u00e9ntrese en la riqueza cultural e hist\u00f3rica de Santo Domingo con este recorrido por la zona colonial. Acompa\u00f1a a tu gu\u00eda mientras exploras los monumentos m\u00e1s destacados de la ciudad colonial.<\/p>\n<\/section>\n<\/div>\n<div data-track=\"key-details\" data-v-83a2b402=\"\"><\/div>","protected":false},"featured_media":16303,"template":"","meta":[],"product_brand":[],"product_cat":[97],"product_tag":[101,102],"class_list":{"0":"post-16089","1":"product","2":"type-product","3":"status-publish","4":"has-post-thumbnail","6":"product_cat-dominican-republic","7":"product_tag-excursion","8":"product_tag-tour","10":"first","11":"instock","12":"shipping-taxable","13":"product-type-external"},"_links":{"self":[{"href":"https:\/\/sabanadelamartours.com\/es\/wp-json\/wp\/v2\/product\/16089","targetHints":{"allow":["GET"]}}],"collection":[{"href":"https:\/\/sabanadelamartours.com\/es\/wp-json\/wp\/v2\/product"}],"about":[{"href":"https:\/\/sabanadelamartours.com\/es\/wp-json\/wp\/v2\/types\/product"}],"version-history":[{"count":1,"href":"https:\/\/sabanadelamartours.com\/es\/wp-json\/wp\/v2\/product\/16089\/revisions"}],"predecessor-version":[{"id":19190,"href":"https:\/\/sabanadelamartours.com\/es\/wp-json\/wp\/v2\/product\/16089\/revisions\/19190"}],"wp:featuredmedia":[{"embeddable":true,"href":"https:\/\/sabanadelamartours.com\/es\/wp-json\/wp\/v2\/media\/16303"}],"wp:attachment":[{"href":"https:\/\/sabanadelamartours.com\/es\/wp-json\/wp\/v2\/media?parent=16089"}],"wp:term":[{"taxonomy":"product_brand","embeddable":true,"href":"https:\/\/sabanadelamartours.com\/es\/wp-json\/wp\/v2\/product_brand?post=16089"},{"taxonomy":"product_cat","embeddable":true,"href":"https:\/\/sabanadelamartours.com\/es\/wp-json\/wp\/v2\/product_cat?post=16089"},{"taxonomy":"product_tag","embeddable":true,"href":"https:\/\/sabanadelamartours.com\/es\/wp-json\/wp\/v2\/product_tag?post=16089"}],"curies":[{"name":"wp","href":"https:\/\/api.w.org\/{rel}","templated":true}]}}