{"id":16301,"date":"2025-12-18T13:45:05","date_gmt":"2025-12-18T13:45:05","guid":{"rendered":"https:\/\/sabanadelamartours.com\/?post_type=product&#038;p=16301"},"modified":"2026-02-14T03:28:07","modified_gmt":"2026-02-14T03:28:07","slug":"traslado-vip-entre-el-aeropuerto-de-punta-cana-y-los-hoteles-de-bavaro","status":"publish","type":"product","link":"https:\/\/sabanadelamartours.com\/es\/visita\/traslado-vip-entre-el-aeropuerto-de-punta-cana-y-los-hoteles-de-bavaro\/","title":{"rendered":"Traslado VIP entre el aeropuerto de Punta Cana y los hoteles de B\u00e1varo"},"content":{"rendered":"<div class=\"toggle-content__content toggle-content__content--expanded toggle-content__content--packable\" data-v-59485d64=\"\">\n<div data-test-id=\"activity-full-description-text\" data-v-5835c99c=\"\">Reserve el traslado de su preferencia sin complicaciones, nosotros nos encargaremos de acompa\u00f1arlo durante su recorrido en la Rep\u00fablica Dominicana, usted no tiene de que preocuparse, somos expertos en traslados y esto ayuda a que usted reciba el servicio que se merece de la mano de un profesional, hacemos que sus viajes sean m\u00e1s seguros y relajantes, solo reserve con anticipaci\u00f3n para tener su servicio programado y su chofer listo para recogerlo en el aeropuerto de su preferencia en la Rep\u00fablica Dominicana, en Diamante estamos listos para su llegada.<\/div>\n<\/div>\n<div class=\"toggle-content__label-placeholder\" data-v-59485d64=\"\"><\/div>","protected":false},"excerpt":{"rendered":"<div data-track=\"overview\" data-v-83a2b402=\"\">\n<section id=\"activity-overview\" class=\"activity-overview\" data-component=\"overview\" data-v-83a2b402=\"\" data-v-f3236c42=\"\">\n<p class=\"activity-overview__content\" data-test-id=\"activity-overview-content\" data-v-f3236c42=\"\">Listo, reserve su traslado con antelaci\u00f3n, en diamond transportation nos encargamos de ofrecerle un servicio econ\u00f3mico y c\u00f3modo.<\/p>\n<\/section>\n<\/div>\n<div data-track=\"key-details\" data-v-83a2b402=\"\"><\/div>","protected":false},"featured_media":16312,"template":"","meta":[],"product_brand":[],"product_cat":[97],"product_tag":[101,102],"class_list":{"0":"post-16301","1":"product","2":"type-product","3":"status-publish","4":"has-post-thumbnail","6":"product_cat-dominican-republic","7":"product_tag-excursion","8":"product_tag-tour","10":"first","11":"instock","12":"shipping-taxable","13":"product-type-external"},"_links":{"self":[{"href":"https:\/\/sabanadelamartours.com\/es\/wp-json\/wp\/v2\/product\/16301","targetHints":{"allow":["GET"]}}],"collection":[{"href":"https:\/\/sabanadelamartours.com\/es\/wp-json\/wp\/v2\/product"}],"about":[{"href":"https:\/\/sabanadelamartours.com\/es\/wp-json\/wp\/v2\/types\/product"}],"version-history":[{"count":1,"href":"https:\/\/sabanadelamartours.com\/es\/wp-json\/wp\/v2\/product\/16301\/revisions"}],"predecessor-version":[{"id":19191,"href":"https:\/\/sabanadelamartours.com\/es\/wp-json\/wp\/v2\/product\/16301\/revisions\/19191"}],"wp:featuredmedia":[{"embeddable":true,"href":"https:\/\/sabanadelamartours.com\/es\/wp-json\/wp\/v2\/media\/16312"}],"wp:attachment":[{"href":"https:\/\/sabanadelamartours.com\/es\/wp-json\/wp\/v2\/media?parent=16301"}],"wp:term":[{"taxonomy":"product_brand","embeddable":true,"href":"https:\/\/sabanadelamartours.com\/es\/wp-json\/wp\/v2\/product_brand?post=16301"},{"taxonomy":"product_cat","embeddable":true,"href":"https:\/\/sabanadelamartours.com\/es\/wp-json\/wp\/v2\/product_cat?post=16301"},{"taxonomy":"product_tag","embeddable":true,"href":"https:\/\/sabanadelamartours.com\/es\/wp-json\/wp\/v2\/product_tag?post=16301"}],"curies":[{"name":"wp","href":"https:\/\/api.w.org\/{rel}","templated":true}]}}