{"id":16311,"date":"2025-12-18T13:45:30","date_gmt":"2025-12-18T13:45:30","guid":{"rendered":"https:\/\/sabanadelamartours.com\/?post_type=product&#038;p=16311"},"modified":"2026-02-14T03:05:06","modified_gmt":"2026-02-14T03:05:06","slug":"punta-cana-isla-catalina-excursion-privada-de-un-dia-con-snorkel-2","status":"publish","type":"product","link":"https:\/\/sabanadelamartours.com\/es\/visita\/punta-cana-isla-catalina-excursion-privada-de-un-dia-con-snorkel-2\/","title":{"rendered":"Punta Cana: Excursi\u00f3n privada de un d\u00eda a la Isla Catalina con snorkel"},"content":{"rendered":"<p>Enjoy a full-day private tour to Catalina Island from Punta Cana. Snorkel in the crystal-clear waters of the Caribbean Sea, relax on the beach, and savor a delicious Dominican-style buffet lunch with barbecue.<\/p>\n<p>Le recogeremos en su hotel y viajaremos a La Romana para embarcar hacia su lugar de buceo. Despu\u00e9s de una sesi\u00f3n informativa de orientaci\u00f3n, entre en el agua bajo la superficie para admirar los coloridos jardines de arrecifes de coral, as\u00ed como otra diversa vida marina, considerado uno de los mejores sitios de snorkel en la Rep\u00fablica Dominicana.<\/p>\n<div class=\"toggle-content__content toggle-content__content--expanded toggle-content__content--packable\" data-v-59485d64=\"\">\n<div data-test-id=\"activity-full-description-text\" data-v-5835c99c=\"\">Contin\u00fae su aventura con un delicioso almuerzo buffet al estilo dominicano con barbacoa y aproveche la barra libre. Disfrute de la playa y las aguas cristalinas de la Isla Catalina.<\/div>\n<\/div>\n<div class=\"toggle-content__label-placeholder\" data-v-59485d64=\"\"><\/div>","protected":false},"excerpt":{"rendered":"<div data-track=\"overview\" data-v-83a2b402=\"\">\n<section id=\"activity-overview\" class=\"activity-overview\" data-component=\"overview\" data-v-83a2b402=\"\" data-v-f3236c42=\"\">\n<p class=\"activity-overview__content\" data-test-id=\"activity-overview-content\" data-v-f3236c42=\"\">Emb\u00e1rquese en una excursi\u00f3n privada de un d\u00eda a la isla Catalina desde Punta Cana. Practique snorkel en las aguas cristalinas, rel\u00e1jese en la playa y disfrute de un delicioso almuerzo buffet al estilo dominicano con barbacoa.<\/p>\n<\/section>\n<\/div>\n<div data-track=\"key-details\" data-v-83a2b402=\"\"><\/div>","protected":false},"featured_media":16323,"template":"","meta":[],"product_brand":[],"product_cat":[97],"product_tag":[101,102],"class_list":{"0":"post-16311","1":"product","2":"type-product","3":"status-publish","4":"has-post-thumbnail","6":"product_cat-dominican-republic","7":"product_tag-excursion","8":"product_tag-tour","10":"first","11":"instock","12":"sale","13":"shipping-taxable","14":"product-type-external"},"_links":{"self":[{"href":"https:\/\/sabanadelamartours.com\/es\/wp-json\/wp\/v2\/product\/16311","targetHints":{"allow":["GET"]}}],"collection":[{"href":"https:\/\/sabanadelamartours.com\/es\/wp-json\/wp\/v2\/product"}],"about":[{"href":"https:\/\/sabanadelamartours.com\/es\/wp-json\/wp\/v2\/types\/product"}],"version-history":[{"count":2,"href":"https:\/\/sabanadelamartours.com\/es\/wp-json\/wp\/v2\/product\/16311\/revisions"}],"predecessor-version":[{"id":19186,"href":"https:\/\/sabanadelamartours.com\/es\/wp-json\/wp\/v2\/product\/16311\/revisions\/19186"}],"wp:featuredmedia":[{"embeddable":true,"href":"https:\/\/sabanadelamartours.com\/es\/wp-json\/wp\/v2\/media\/16323"}],"wp:attachment":[{"href":"https:\/\/sabanadelamartours.com\/es\/wp-json\/wp\/v2\/media?parent=16311"}],"wp:term":[{"taxonomy":"product_brand","embeddable":true,"href":"https:\/\/sabanadelamartours.com\/es\/wp-json\/wp\/v2\/product_brand?post=16311"},{"taxonomy":"product_cat","embeddable":true,"href":"https:\/\/sabanadelamartours.com\/es\/wp-json\/wp\/v2\/product_cat?post=16311"},{"taxonomy":"product_tag","embeddable":true,"href":"https:\/\/sabanadelamartours.com\/es\/wp-json\/wp\/v2\/product_tag?post=16311"}],"curies":[{"name":"wp","href":"https:\/\/api.w.org\/{rel}","templated":true}]}}