{"id":16322,"date":"2025-12-18T13:45:57","date_gmt":"2025-12-18T13:45:57","guid":{"rendered":"https:\/\/sabanadelamartours.com\/?post_type=product&#038;p=16322"},"modified":"2025-12-18T13:46:50","modified_gmt":"2025-12-18T13:46:50","slug":"day-trip-at-ocean-world-for-dominican-residents","status":"publish","type":"product","link":"https:\/\/sabanadelamartours.com\/es\/visita\/day-trip-at-ocean-world-for-dominican-residents\/","title":{"rendered":"Day trip at Ocean World for Dominican Residents"},"content":{"rendered":"<p>A Dominican Identity Card or birth certificate from the Dominican Republic is required and failure to present it will result in an additional charge at the entrance.<\/p>\n<p>\u00a1Hola amante de la aventura y la diversi\u00f3n acu\u00e1tica!<\/p>\n<p>Prep\u00e1rese para sumergirse en un d\u00eda lleno de emociones en nuestra emocionante excursi\u00f3n al parque acu\u00e1tico Ocean World. En esta excursi\u00f3n \u00fanica le espera una experiencia inolvidable llena de entretenimiento, naturaleza y relajaci\u00f3n.<\/p>\n<p>Comenzaremos nuestro viaje dej\u00e1ndonos sorprender por emocionantes espect\u00e1culos. Prep\u00e1rese para maravillarse ante la inteligencia y la gracia de los delfines, la simpat\u00eda de los leones marinos y el despliegue de color y destreza de las aves ex\u00f3ticas. Ser\u00e1 un momento m\u00e1gico que le conectar\u00e1 con la incre\u00edble diversidad de la vida marina.<\/p>\n<p>Despu\u00e9s, nos aventuraremos en una fascinante caminata por la exuberante selva tropical. En este para\u00edso verde, tendr\u00e1 la oportunidad \u00fanica de interactuar con las aves del amor, una experiencia que le llenar\u00e1 de alegr\u00eda y le acercar\u00e1 a la belleza natural que nos rodea. Descubra la vida salvaje en su h\u00e1bitat natural mientras observa peces e iguanas en su entorno natural.<\/p>","protected":false},"excerpt":{"rendered":"<div data-track=\"overview\" data-v-83a2b402=\"\">\n<section id=\"activity-overview\" class=\"activity-overview\" data-component=\"overview\" data-v-83a2b402=\"\" data-v-f3236c42=\"\">\n<p class=\"activity-overview__content\" data-test-id=\"activity-overview-content\" data-v-f3236c42=\"\">You will be able to see dolphin, sea lion and bird shows, walk through the tropical forest: interact with love birds, see fish and iguanas, snorkel in the snorkeling fish aquarium.<\/p>\n<\/section>\n<\/div>\n<div data-track=\"key-details\" data-v-83a2b402=\"\"><\/div>","protected":false},"featured_media":16339,"template":"","meta":[],"product_brand":[],"product_cat":[97],"product_tag":[101,102],"class_list":{"0":"post-16322","1":"product","2":"type-product","3":"status-publish","4":"has-post-thumbnail","6":"product_cat-dominican-republic","7":"product_tag-excursion","8":"product_tag-tour","10":"first","11":"instock","12":"shipping-taxable","13":"product-type-external"},"_links":{"self":[{"href":"https:\/\/sabanadelamartours.com\/es\/wp-json\/wp\/v2\/product\/16322","targetHints":{"allow":["GET"]}}],"collection":[{"href":"https:\/\/sabanadelamartours.com\/es\/wp-json\/wp\/v2\/product"}],"about":[{"href":"https:\/\/sabanadelamartours.com\/es\/wp-json\/wp\/v2\/types\/product"}],"version-history":[{"count":0,"href":"https:\/\/sabanadelamartours.com\/es\/wp-json\/wp\/v2\/product\/16322\/revisions"}],"wp:featuredmedia":[{"embeddable":true,"href":"https:\/\/sabanadelamartours.com\/es\/wp-json\/wp\/v2\/media\/16339"}],"wp:attachment":[{"href":"https:\/\/sabanadelamartours.com\/es\/wp-json\/wp\/v2\/media?parent=16322"}],"wp:term":[{"taxonomy":"product_brand","embeddable":true,"href":"https:\/\/sabanadelamartours.com\/es\/wp-json\/wp\/v2\/product_brand?post=16322"},{"taxonomy":"product_cat","embeddable":true,"href":"https:\/\/sabanadelamartours.com\/es\/wp-json\/wp\/v2\/product_cat?post=16322"},{"taxonomy":"product_tag","embeddable":true,"href":"https:\/\/sabanadelamartours.com\/es\/wp-json\/wp\/v2\/product_tag?post=16322"}],"curies":[{"name":"wp","href":"https:\/\/api.w.org\/{rel}","templated":true}]}}