{"id":16344,"date":"2025-12-18T13:46:51","date_gmt":"2025-12-18T13:46:51","guid":{"rendered":"https:\/\/sabanadelamartours.com\/?post_type=product&#038;p=16344"},"modified":"2026-01-09T05:45:14","modified_gmt":"2026-01-09T05:45:14","slug":"bayahibe-cenotes-buceo-godive-bayahibe","status":"publish","type":"product","link":"https:\/\/sabanadelamartours.com\/es\/visita\/bayahibe-cenotes-buceo-godive-bayahibe\/","title":{"rendered":"Bayahibe - Buceo en Cenotes - Godive Bayahibe"},"content":{"rendered":"<p>Nuestro transporte le recoger\u00e1 en su hotel. Recogeremos todo su equipo de buceo tras firmar los documentos necesarios. Atravesaremos el parque selv\u00e1tico y admiraremos los magn\u00edficos cactus, la fauna, la flora y miles de mariposas. Nuestro equipo transportar\u00e1 el equipo hasta la orilla del agua. Tras el briefing, comienza la inmersi\u00f3n en el magn\u00edfico cenote El Chicho, con sus formaciones de estalagtitas, estalagmitas, columnas... Un incre\u00edble juego de luces nos acompa\u00f1ar\u00e1 durante toda la inmersi\u00f3n. Al final de la experiencia, una sorpresa final le espera de vuelta en nuestro veh\u00edculo.<\/p>","protected":false},"excerpt":{"rendered":"<div data-track=\"overview\" data-v-83a2b402=\"\">\n<section id=\"activity-overview\" class=\"activity-overview\" data-component=\"overview\" data-v-83a2b402=\"\" data-v-f3236c42=\"\">\n<p class=\"activity-overview__content\" data-test-id=\"activity-overview-content\" data-v-f3236c42=\"\">Tras un paseo en coche por la selva, explore el magn\u00edfico cenote El Chicho. Incre\u00edble juego de luces y aguas transparentes.<\/p>\n<\/section>\n<\/div>\n<div data-track=\"key-details\" data-v-83a2b402=\"\"><\/div>","protected":false},"featured_media":16351,"template":"","meta":[],"product_brand":[],"product_cat":[97],"product_tag":[101,102],"class_list":{"0":"post-16344","1":"product","2":"type-product","3":"status-publish","4":"has-post-thumbnail","6":"product_cat-dominican-republic","7":"product_tag-excursion","8":"product_tag-tour","10":"first","11":"instock","12":"shipping-taxable","13":"product-type-external"},"_links":{"self":[{"href":"https:\/\/sabanadelamartours.com\/es\/wp-json\/wp\/v2\/product\/16344","targetHints":{"allow":["GET"]}}],"collection":[{"href":"https:\/\/sabanadelamartours.com\/es\/wp-json\/wp\/v2\/product"}],"about":[{"href":"https:\/\/sabanadelamartours.com\/es\/wp-json\/wp\/v2\/types\/product"}],"version-history":[{"count":1,"href":"https:\/\/sabanadelamartours.com\/es\/wp-json\/wp\/v2\/product\/16344\/revisions"}],"predecessor-version":[{"id":18726,"href":"https:\/\/sabanadelamartours.com\/es\/wp-json\/wp\/v2\/product\/16344\/revisions\/18726"}],"wp:featuredmedia":[{"embeddable":true,"href":"https:\/\/sabanadelamartours.com\/es\/wp-json\/wp\/v2\/media\/16351"}],"wp:attachment":[{"href":"https:\/\/sabanadelamartours.com\/es\/wp-json\/wp\/v2\/media?parent=16344"}],"wp:term":[{"taxonomy":"product_brand","embeddable":true,"href":"https:\/\/sabanadelamartours.com\/es\/wp-json\/wp\/v2\/product_brand?post=16344"},{"taxonomy":"product_cat","embeddable":true,"href":"https:\/\/sabanadelamartours.com\/es\/wp-json\/wp\/v2\/product_cat?post=16344"},{"taxonomy":"product_tag","embeddable":true,"href":"https:\/\/sabanadelamartours.com\/es\/wp-json\/wp\/v2\/product_tag?post=16344"}],"curies":[{"name":"wp","href":"https:\/\/api.w.org\/{rel}","templated":true}]}}