{"id":16379,"date":"2025-12-18T13:48:15","date_gmt":"2025-12-18T13:48:15","guid":{"rendered":"https:\/\/sabanadelamartours.com\/?post_type=product&#038;p=16379"},"modified":"2026-01-09T03:25:35","modified_gmt":"2026-01-09T03:25:35","slug":"sesion-de-fotos-en-playa-privada-de-punta-cana","status":"publish","type":"product","link":"https:\/\/sabanadelamartours.com\/es\/visita\/sesion-de-fotos-en-playa-privada-de-punta-cana\/","title":{"rendered":"Punta Cana: Aventura en tirolina con recogida en el hotel"},"content":{"rendered":"<p>Sobrevuele la selva tropical en algunas de las tirolinas m\u00e1s largas del Caribe con una emocionante excursi\u00f3n de aventura. Desl\u00edcese de una plataforma a otra por una red de 7 cables paralelos, que le permitir\u00e1n competir con su compa\u00f1ero para darle un toque extra de emoci\u00f3n.<\/p>\n<p>Disfrute de impresionantes vistas a\u00e9reas de la selva tropical y de su diversa flora y fauna. Esta emocionante excursi\u00f3n de 3 horas incluye 1 hora de tirolina, con c\u00f3moda recogida y regreso al hotel.<\/p>\n<div class=\"toggle-content__content toggle-content__content--expanded toggle-content__content--packable\" data-v-59485d64=\"\">\n<div data-test-id=\"activity-full-description-text\" data-v-5835c99c=\"\">No se lo pierda: reserve hoy mismo su aventura en tirolina y viva la m\u00e1xima emoci\u00f3n en la selva tropical.<\/div>\n<\/div>\n<div class=\"toggle-content__label-placeholder\" data-v-59485d64=\"\"><\/div>","protected":false},"excerpt":{"rendered":"<div data-track=\"overview\" data-v-83a2b402=\"\">\n<section id=\"activity-overview\" class=\"activity-overview\" data-component=\"overview\" data-v-83a2b402=\"\" data-v-f3236c42=\"\">\n<p class=\"activity-overview__content\" data-test-id=\"activity-overview-content\" data-v-f3236c42=\"\">Sobrevuele la selva tropical en algunas de las tirolinas m\u00e1s largas del Caribe con una emocionante excursi\u00f3n de aventura.<\/p>\n<\/section>\n<\/div>\n<div data-track=\"key-details\" data-v-83a2b402=\"\"><\/div>","protected":false},"featured_media":15123,"template":"","meta":[],"product_brand":[],"product_cat":[77],"product_tag":[101,102],"class_list":{"0":"post-16379","1":"product","2":"type-product","3":"status-publish","4":"has-post-thumbnail","6":"product_cat-uncategorized","7":"product_tag-excursion","8":"product_tag-tour","10":"first","11":"instock","12":"shipping-taxable","13":"product-type-external"},"_links":{"self":[{"href":"https:\/\/sabanadelamartours.com\/es\/wp-json\/wp\/v2\/product\/16379","targetHints":{"allow":["GET"]}}],"collection":[{"href":"https:\/\/sabanadelamartours.com\/es\/wp-json\/wp\/v2\/product"}],"about":[{"href":"https:\/\/sabanadelamartours.com\/es\/wp-json\/wp\/v2\/types\/product"}],"version-history":[{"count":1,"href":"https:\/\/sabanadelamartours.com\/es\/wp-json\/wp\/v2\/product\/16379\/revisions"}],"predecessor-version":[{"id":18664,"href":"https:\/\/sabanadelamartours.com\/es\/wp-json\/wp\/v2\/product\/16379\/revisions\/18664"}],"wp:featuredmedia":[{"embeddable":true,"href":"https:\/\/sabanadelamartours.com\/es\/wp-json\/wp\/v2\/media\/15123"}],"wp:attachment":[{"href":"https:\/\/sabanadelamartours.com\/es\/wp-json\/wp\/v2\/media?parent=16379"}],"wp:term":[{"taxonomy":"product_brand","embeddable":true,"href":"https:\/\/sabanadelamartours.com\/es\/wp-json\/wp\/v2\/product_brand?post=16379"},{"taxonomy":"product_cat","embeddable":true,"href":"https:\/\/sabanadelamartours.com\/es\/wp-json\/wp\/v2\/product_cat?post=16379"},{"taxonomy":"product_tag","embeddable":true,"href":"https:\/\/sabanadelamartours.com\/es\/wp-json\/wp\/v2\/product_tag?post=16379"}],"curies":[{"name":"wp","href":"https:\/\/api.w.org\/{rel}","templated":true}]}}