{"id":16505,"date":"2025-12-18T13:54:08","date_gmt":"2025-12-18T13:54:08","guid":{"rendered":"https:\/\/sabanadelamartours.com\/?post_type=product&#038;p=16505"},"modified":"2026-02-14T03:35:40","modified_gmt":"2026-02-14T03:35:40","slug":"santo-domingo-la-batalla-de-santo-domingo-atraccion-4d","status":"publish","type":"product","link":"https:\/\/sabanadelamartours.com\/es\/visita\/santo-domingo-la-batalla-de-santo-domingo-atraccion-4d\/","title":{"rendered":"Santo Domingo: La Batalla de Santo Domingo Atracci\u00f3n 4D"},"content":{"rendered":"<p>Emb\u00e1rcate en un impresionante viaje en el tiempo con \u201cLa batalla de Santo Domingo\u201d, una experiencia 4D sin igual que te sumerge en el coraz\u00f3n de la invasi\u00f3n de Santo Domingo por el infame pirata Sir Francis Drake en 1586. Esta innovadora atracci\u00f3n, reconocida con el prestigioso premio \u2018Das Goldene Stadttor\u2019 en el Festival de Cine ITB de Berl\u00edn 2016, es la primera de su clase y ofrece una cautivadora mezcla de entretenimiento y educaci\u00f3n.<\/p>\n<p>Prep\u00e1rate para ser testigo de la implacable b\u00fasqueda de Drake para conquistar la ciudad amurallada de Santo Domingo, desde su audaz viaje al Caribe hasta el apasionante asedio y la captura final de la ciudad. Gracias a la tecnolog\u00eda m\u00e1s avanzada y a unos efectos visuales asombrosos, te sumergir\u00e1s en las im\u00e1genes y los sonidos de esta batalla hist\u00f3rica y vivir\u00e1s cada emocionante momento desde la perspectiva de los valientes que defendieron su hogar.<\/p>\n<p>Pero \u201cLa Batalla de Santo Domingo\u201d no es s\u00f3lo espect\u00e1culo, sino que te sit\u00faa en el centro de la acci\u00f3n. Mientras recorres las calles y los lugares emblem\u00e1ticos de Santo Domingo, esquivar\u00e1s balas de ca\u00f1\u00f3n, evadir\u00e1s las espadas de los piratas y surcar\u00e1s los cielos de la ciudad asediada. Y mientras las llamas envuelven las calles y los edificios a tu alrededor, sentir\u00e1s el intenso calor en la cara, lo que a\u00f1ade una dimensi\u00f3n visceral a esta inolvidable aventura.<\/p>\n<div class=\"toggle-content__content toggle-content__content--expanded toggle-content__content--packable\" data-v-59485d64=\"\">\n<div data-test-id=\"activity-full-description-text\" data-v-5835c99c=\"\">Con su incomparable mezcla de emoci\u00f3n, educaci\u00f3n e inmersi\u00f3n sensorial, \u201cLa Batalla de Santo Domingo\u201d ofrece una experiencia sin igual. Tanto si es un aficionado a la historia, un buscador de aventuras o simplemente busca pasar un d\u00eda inolvidable, esta emocionante atracci\u00f3n en 4D promete dejarle sin aliento y con ganas de embarcarse en futuras aventuras a trav\u00e9s de los anales de la historia.<\/div>\n<\/div>\n<div class=\"toggle-content__label-placeholder\" data-v-59485d64=\"\"><\/div>\n<div data-v-59485d64=\"\"><\/div>","protected":false},"excerpt":{"rendered":"<div data-track=\"overview\" data-v-83a2b402=\"\">\n<section id=\"activity-overview\" class=\"activity-overview\" data-component=\"overview\" data-v-83a2b402=\"\" data-v-f3236c42=\"\">\n<p class=\"activity-overview__content\" data-test-id=\"activity-overview-content\" data-v-f3236c42=\"\">La Batalla de Santo Domingo 4D: \u00a1Historia inmersiva! Visuales de vanguardia, asientos din\u00e1micos y sonido envolvente te sumergen en el coraz\u00f3n de la batalla. Sienta, oiga y huela el pasado como nunca antes.<\/p>\n<\/section>\n<\/div>\n<div data-track=\"key-details\" data-v-83a2b402=\"\"><\/div>","protected":false},"featured_media":16536,"template":"","meta":[],"product_brand":[],"product_cat":[97],"product_tag":[101,102],"class_list":{"0":"post-16505","1":"product","2":"type-product","3":"status-publish","4":"has-post-thumbnail","6":"product_cat-dominican-republic","7":"product_tag-excursion","8":"product_tag-tour","10":"first","11":"instock","12":"shipping-taxable","13":"product-type-external"},"_links":{"self":[{"href":"https:\/\/sabanadelamartours.com\/es\/wp-json\/wp\/v2\/product\/16505","targetHints":{"allow":["GET"]}}],"collection":[{"href":"https:\/\/sabanadelamartours.com\/es\/wp-json\/wp\/v2\/product"}],"about":[{"href":"https:\/\/sabanadelamartours.com\/es\/wp-json\/wp\/v2\/types\/product"}],"version-history":[{"count":2,"href":"https:\/\/sabanadelamartours.com\/es\/wp-json\/wp\/v2\/product\/16505\/revisions"}],"predecessor-version":[{"id":19206,"href":"https:\/\/sabanadelamartours.com\/es\/wp-json\/wp\/v2\/product\/16505\/revisions\/19206"}],"wp:featuredmedia":[{"embeddable":true,"href":"https:\/\/sabanadelamartours.com\/es\/wp-json\/wp\/v2\/media\/16536"}],"wp:attachment":[{"href":"https:\/\/sabanadelamartours.com\/es\/wp-json\/wp\/v2\/media?parent=16505"}],"wp:term":[{"taxonomy":"product_brand","embeddable":true,"href":"https:\/\/sabanadelamartours.com\/es\/wp-json\/wp\/v2\/product_brand?post=16505"},{"taxonomy":"product_cat","embeddable":true,"href":"https:\/\/sabanadelamartours.com\/es\/wp-json\/wp\/v2\/product_cat?post=16505"},{"taxonomy":"product_tag","embeddable":true,"href":"https:\/\/sabanadelamartours.com\/es\/wp-json\/wp\/v2\/product_tag?post=16505"}],"curies":[{"name":"wp","href":"https:\/\/api.w.org\/{rel}","templated":true}]}}