{"id":16560,"date":"2025-12-18T13:57:02","date_gmt":"2025-12-18T13:57:02","guid":{"rendered":"https:\/\/sabanadelamartours.com\/?post_type=product&#038;p=16560"},"modified":"2026-01-09T09:34:49","modified_gmt":"2026-01-09T09:34:49","slug":"cayo-arena-experiencia-vip-en-catamaran-de-lujo","status":"publish","type":"product","link":"https:\/\/sabanadelamartours.com\/es\/visita\/cayo-arena-experiencia-vip-en-catamaran-de-lujo\/","title":{"rendered":"Cayo Arena: Experiencia VIP en catamar\u00e1n de lujo"},"content":{"rendered":"<p>Esta excursi\u00f3n a Cayo Arena ofrece un maravilloso recorrido con salida desde Puerto Plata, en c\u00f3modos autobuses con aire acondicionado y conductores experimentados, acompa\u00f1ados por gu\u00edas profesionales. Este viaje est\u00e1 lleno de hermosos paisajes y verdes monta\u00f1as hasta llegar a Punta Rusia, un pintoresco pueblo de pescadores en la costa de Puerto Plata.<\/p>\n<p>El recorrido terrestre termina en Playa Punta Rusia. Desde all\u00ed se aborda un hermoso catamar\u00e1n, para poder apreciar la flora y fauna de la ruta acu\u00e1tica y visitar el parque nacional, navegando a trav\u00e9s de los manglares, con una variedad de hermosos colores naturales.<\/p>\n<div class=\"toggle-content__content toggle-content__content--expanded toggle-content__content--packable\" data-v-59485d64=\"\">\n<div data-test-id=\"activity-full-description-text\" data-v-5835c99c=\"\">Si tiene suerte, podr\u00e1 ver el famoso manat\u00ed, tambi\u00e9n conocido como vaca marina. Tras 45 minutos, llegar\u00e1 a Cayo Arena. Aqu\u00ed tendr\u00e1 tiempo libre para hacer snorkel, observar muchas especies de peces de todos los colores, hacer fotos y disfrutar de un refrescante ba\u00f1o en aguas cristalinas.<\/div>\n<\/div>\n<div class=\"toggle-content__label-placeholder\" data-v-59485d64=\"\"><\/div>","protected":false},"excerpt":{"rendered":"<div data-track=\"overview\" data-v-83a2b402=\"\">\n<section id=\"activity-overview\" class=\"activity-overview\" data-component=\"overview\" data-v-83a2b402=\"\" data-v-f3236c42=\"\">\n<p class=\"activity-overview__content\" data-test-id=\"activity-overview-content\" data-v-f3236c42=\"\">Navegue en un catamar\u00e1n de lujo hasta la fascinante isla de Cayo Arena. Disfrute de canap\u00e9s servidos por el atento personal, utilice un bar flotante mientras se refresca en las aguas turquesas y da de comer a miles de peces tropicales. Incluye almuerzo de langosta.<\/p>\n<\/section>\n<\/div>\n<div data-track=\"key-details\" data-v-83a2b402=\"\"><\/div>","protected":false},"featured_media":16588,"template":"","meta":[],"product_brand":[],"product_cat":[97],"product_tag":[101,102],"class_list":{"0":"post-16560","1":"product","2":"type-product","3":"status-publish","4":"has-post-thumbnail","6":"product_cat-dominican-republic","7":"product_tag-excursion","8":"product_tag-tour","10":"first","11":"instock","12":"shipping-taxable","13":"product-type-external"},"_links":{"self":[{"href":"https:\/\/sabanadelamartours.com\/es\/wp-json\/wp\/v2\/product\/16560","targetHints":{"allow":["GET"]}}],"collection":[{"href":"https:\/\/sabanadelamartours.com\/es\/wp-json\/wp\/v2\/product"}],"about":[{"href":"https:\/\/sabanadelamartours.com\/es\/wp-json\/wp\/v2\/types\/product"}],"version-history":[{"count":1,"href":"https:\/\/sabanadelamartours.com\/es\/wp-json\/wp\/v2\/product\/16560\/revisions"}],"predecessor-version":[{"id":18738,"href":"https:\/\/sabanadelamartours.com\/es\/wp-json\/wp\/v2\/product\/16560\/revisions\/18738"}],"wp:featuredmedia":[{"embeddable":true,"href":"https:\/\/sabanadelamartours.com\/es\/wp-json\/wp\/v2\/media\/16588"}],"wp:attachment":[{"href":"https:\/\/sabanadelamartours.com\/es\/wp-json\/wp\/v2\/media?parent=16560"}],"wp:term":[{"taxonomy":"product_brand","embeddable":true,"href":"https:\/\/sabanadelamartours.com\/es\/wp-json\/wp\/v2\/product_brand?post=16560"},{"taxonomy":"product_cat","embeddable":true,"href":"https:\/\/sabanadelamartours.com\/es\/wp-json\/wp\/v2\/product_cat?post=16560"},{"taxonomy":"product_tag","embeddable":true,"href":"https:\/\/sabanadelamartours.com\/es\/wp-json\/wp\/v2\/product_tag?post=16560"}],"curies":[{"name":"wp","href":"https:\/\/api.w.org\/{rel}","templated":true}]}}