{"id":16574,"date":"2025-12-18T13:57:37","date_gmt":"2025-12-18T13:57:37","guid":{"rendered":"https:\/\/sabanadelamartours.com\/?post_type=product&#038;p=16574"},"modified":"2026-01-07T11:00:46","modified_gmt":"2026-01-07T11:00:46","slug":"desde-punta-cana-santuario-avistamiento-de-ballenas-excursion-de-un-dia-2","status":"publish","type":"product","link":"https:\/\/sabanadelamartours.com\/es\/visita\/desde-punta-cana-santuario-avistamiento-de-ballenas-excursion-de-un-dia-2\/","title":{"rendered":"Desde Punta Cana: Excursi\u00f3n de un d\u00eda a Santuario de Avistamiento de Ballenas"},"content":{"rendered":"<p>Disfrute de un crucero panor\u00e1mico con avistamiento de ballenas en Cayo Levantado. Salga de Punta Cana y disfrute de hermosas vistas de la costa desde el barco y haga una parada en la isla de Cayo Levantado para almorzar y explorar. Comience la excursi\u00f3n reuni\u00e9ndose con el gu\u00eda en su hotel o alojamiento de Punta Cana sobre las 6:30 de la ma\u00f1ana, y conduzca hasta el puerto de Sabana de La Mar. Suba a bordo del barco y comience la parte de la excursi\u00f3n dedicada a la observaci\u00f3n de ballenas. Observe las ballenas en su h\u00e1bitat natural desde el barco y disfrute viendo de cerca a estas magn\u00edficas criaturas. Observe especies marinas como las ballenas jorobadas, que migran a la zona cada a\u00f1o. Viaje a la isla de Cayo Levantado para hacer una parada y disfrutar de un almuerzo t\u00edpico dominicano con alimentos locales, y d\u00e9 un paseo por la isla, juegue al voleibol o rel\u00e1jese a la sombra. Regreso a Sabana de La Mar a las 4:30, y vuelta a Punta Cana desde all\u00ed.<\/p>","protected":false},"excerpt":{"rendered":"<div data-track=\"overview\" data-v-83a2b402=\"\">\n<section id=\"activity-overview\" class=\"activity-overview\" data-component=\"overview\" data-v-83a2b402=\"\" data-v-f3236c42=\"\">\n<p class=\"activity-overview__content\" data-test-id=\"activity-overview-content\" data-v-f3236c42=\"\">Disfrute de un avistamiento de ballenas en un crucero panor\u00e1mico con salida desde Punta Cana. Disfrute de hermosas vistas de la costa desde el barco y haga una parada en la isla de Cayo Levantado para almorzar y disfrutar de tiempo libre para explorar.<\/p>\n<\/section>\n<\/div>\n<div data-track=\"key-details\" data-v-83a2b402=\"\"><\/div>","protected":false},"featured_media":16601,"template":"","meta":[],"product_brand":[],"product_cat":[97],"product_tag":[101,102],"class_list":{"0":"post-16574","1":"product","2":"type-product","3":"status-publish","4":"has-post-thumbnail","6":"product_cat-dominican-republic","7":"product_tag-excursion","8":"product_tag-tour","10":"first","11":"instock","12":"shipping-taxable","13":"product-type-external"},"_links":{"self":[{"href":"https:\/\/sabanadelamartours.com\/es\/wp-json\/wp\/v2\/product\/16574","targetHints":{"allow":["GET"]}}],"collection":[{"href":"https:\/\/sabanadelamartours.com\/es\/wp-json\/wp\/v2\/product"}],"about":[{"href":"https:\/\/sabanadelamartours.com\/es\/wp-json\/wp\/v2\/types\/product"}],"version-history":[{"count":1,"href":"https:\/\/sabanadelamartours.com\/es\/wp-json\/wp\/v2\/product\/16574\/revisions"}],"predecessor-version":[{"id":18602,"href":"https:\/\/sabanadelamartours.com\/es\/wp-json\/wp\/v2\/product\/16574\/revisions\/18602"}],"wp:featuredmedia":[{"embeddable":true,"href":"https:\/\/sabanadelamartours.com\/es\/wp-json\/wp\/v2\/media\/16601"}],"wp:attachment":[{"href":"https:\/\/sabanadelamartours.com\/es\/wp-json\/wp\/v2\/media?parent=16574"}],"wp:term":[{"taxonomy":"product_brand","embeddable":true,"href":"https:\/\/sabanadelamartours.com\/es\/wp-json\/wp\/v2\/product_brand?post=16574"},{"taxonomy":"product_cat","embeddable":true,"href":"https:\/\/sabanadelamartours.com\/es\/wp-json\/wp\/v2\/product_cat?post=16574"},{"taxonomy":"product_tag","embeddable":true,"href":"https:\/\/sabanadelamartours.com\/es\/wp-json\/wp\/v2\/product_tag?post=16574"}],"curies":[{"name":"wp","href":"https:\/\/api.w.org\/{rel}","templated":true}]}}