{"id":16622,"date":"2025-12-18T13:59:55","date_gmt":"2025-12-18T13:59:55","guid":{"rendered":"https:\/\/sabanadelamartours.com\/?post_type=product&#038;p=16622"},"modified":"2025-12-18T14:01:42","modified_gmt":"2025-12-18T14:01:42","slug":"aprende-kitesurf-en-cabarete-en-agk-kite-school","status":"publish","type":"product","link":"https:\/\/sabanadelamartours.com\/es\/visita\/aprende-kitesurf-en-cabarete-en-agk-kite-school\/","title":{"rendered":"Aprende Kitesurf en Cabarete en AGK Kite School"},"content":{"rendered":"<p>\u00bfEst\u00e1s preparado para una aut\u00e9ntica aventura caribe\u00f1a? Disfrute del emocionante deporte del kitesurf en Cabarete, un destino de kitesurf de talla mundial. AGK Kite School, con sus experimentados y apasionados instructores, proporciona el entorno perfecto para aprender los fundamentos de este incre\u00edble deporte acu\u00e1tico.<\/p>\n<p>\u00bfPor qu\u00e9 la Escuela de Cometas AGK?<\/p>\n<p>Instructores de primera categor\u00eda comprometidos con su \u00e9xito. Condiciones ideales de aprendizaje en las c\u00e1lidas aguas de Cabarete y vientos constantes. Un ambiente seguro y de apoyo para que los principiantes progresen con confianza. Una variedad de paquetes de lecciones para adaptarse a sus necesidades y nivel de habilidad.<\/p>","protected":false},"excerpt":{"rendered":"<div data-track=\"overview\" data-v-83a2b402=\"\">\n<section id=\"activity-overview\" class=\"activity-overview\" data-component=\"overview\" data-v-83a2b402=\"\" data-v-f3236c42=\"\">\n<p class=\"activity-overview__content\" data-test-id=\"activity-overview-content\" data-v-f3236c42=\"\">Descubra la emoci\u00f3n del kitesurf con instructores expertos en la renombrada AGK Kite School de Cabarete. Domine los conceptos b\u00e1sicos y sienta la emoci\u00f3n de aprovechar el viento.<\/p>\n<\/section>\n<\/div>\n<div data-track=\"key-details\" data-v-83a2b402=\"\"><\/div>","protected":false},"featured_media":16662,"template":"","meta":[],"product_brand":[],"product_cat":[97],"product_tag":[101,102],"class_list":{"0":"post-16622","1":"product","2":"type-product","3":"status-publish","4":"has-post-thumbnail","6":"product_cat-dominican-republic","7":"product_tag-excursion","8":"product_tag-tour","10":"first","11":"instock","12":"shipping-taxable","13":"product-type-external"},"_links":{"self":[{"href":"https:\/\/sabanadelamartours.com\/es\/wp-json\/wp\/v2\/product\/16622","targetHints":{"allow":["GET"]}}],"collection":[{"href":"https:\/\/sabanadelamartours.com\/es\/wp-json\/wp\/v2\/product"}],"about":[{"href":"https:\/\/sabanadelamartours.com\/es\/wp-json\/wp\/v2\/types\/product"}],"version-history":[{"count":0,"href":"https:\/\/sabanadelamartours.com\/es\/wp-json\/wp\/v2\/product\/16622\/revisions"}],"wp:featuredmedia":[{"embeddable":true,"href":"https:\/\/sabanadelamartours.com\/es\/wp-json\/wp\/v2\/media\/16662"}],"wp:attachment":[{"href":"https:\/\/sabanadelamartours.com\/es\/wp-json\/wp\/v2\/media?parent=16622"}],"wp:term":[{"taxonomy":"product_brand","embeddable":true,"href":"https:\/\/sabanadelamartours.com\/es\/wp-json\/wp\/v2\/product_brand?post=16622"},{"taxonomy":"product_cat","embeddable":true,"href":"https:\/\/sabanadelamartours.com\/es\/wp-json\/wp\/v2\/product_cat?post=16622"},{"taxonomy":"product_tag","embeddable":true,"href":"https:\/\/sabanadelamartours.com\/es\/wp-json\/wp\/v2\/product_tag?post=16622"}],"curies":[{"name":"wp","href":"https:\/\/api.w.org\/{rel}","templated":true}]}}