{"id":16639,"date":"2025-12-18T14:00:21","date_gmt":"2025-12-18T14:00:21","guid":{"rendered":"https:\/\/sabanadelamartours.com\/?post_type=product&#038;p=16639"},"modified":"2026-01-09T10:02:28","modified_gmt":"2026-01-09T10:02:28","slug":"fiesta-en-barco-en-punta-cana-bebidas-gratis-y-transporte-inc","status":"publish","type":"product","link":"https:\/\/sabanadelamartours.com\/es\/visita\/fiesta-en-barco-en-punta-cana-bebidas-gratis-y-transporte-inc\/","title":{"rendered":"Fiesta en barco en Punta Cana\/Bebidas gratis y transporte inc."},"content":{"rendered":"<p>Suba a bordo de un hermoso catamar\u00e1n con destino a la costa de B\u00e1varo y disfrute de esta excursi\u00f3n en barco de medio d\u00eda que incluye snorkel, aperitivos, baile y bebidas ilimitadas. Sum\u00e9rjase en el sol tropical mientras contempla la pintoresca costa y refr\u00e9squese en el colorido mundo submarino con tiempo libre para nadar y bucear. Det\u00e9ngase en la orilla en la piscina natural para refrescarse en la hermosa.<\/p>\n<p>Disfrute de una tarde en un catamar\u00e1n con destino a la costa de B\u00e1var o y visite una piscina natural. Disfrute de esta excursi\u00f3n en barco de medio d\u00eda que incluye snorkel, aperitivos, baile y bebidas ilimitadas. Sum\u00e9rjase en el sol tropical mientras ve pasar la costa y refr\u00e9squese en el colorido mundo submarino con tiempo libre para nadar y bucear.<\/p>\n<p>Tiempo para nadar y hacer snorkel en el oc\u00e9ano, equipo incluido. Gu\u00edas para organizar juegos y actividades durante todo el recorrido.<\/p>","protected":false},"excerpt":{"rendered":"<div data-track=\"overview\" data-v-83a2b402=\"\">\n<section id=\"activity-overview\" class=\"activity-overview\" data-component=\"overview\" data-v-83a2b402=\"\" data-v-f3236c42=\"\">\n<p class=\"activity-overview__content\" data-test-id=\"activity-overview-content\" data-v-f3236c42=\"\">Suba a bordo de un hermoso catamar\u00e1n con destino a la costa de B\u00e1varo y disfrute de esta excursi\u00f3n en barco de medio d\u00eda que incluye snorkel, aperitivos, baile y bebidas ilimitadas.<\/p>\n<\/section>\n<\/div>\n<div data-track=\"key-details\" data-v-83a2b402=\"\"><\/div>","protected":false},"featured_media":16684,"template":"","meta":[],"product_brand":[],"product_cat":[97],"product_tag":[101,102],"class_list":{"0":"post-16639","1":"product","2":"type-product","3":"status-publish","4":"has-post-thumbnail","6":"product_cat-dominican-republic","7":"product_tag-excursion","8":"product_tag-tour","10":"first","11":"instock","12":"shipping-taxable","13":"product-type-external"},"_links":{"self":[{"href":"https:\/\/sabanadelamartours.com\/es\/wp-json\/wp\/v2\/product\/16639","targetHints":{"allow":["GET"]}}],"collection":[{"href":"https:\/\/sabanadelamartours.com\/es\/wp-json\/wp\/v2\/product"}],"about":[{"href":"https:\/\/sabanadelamartours.com\/es\/wp-json\/wp\/v2\/types\/product"}],"version-history":[{"count":1,"href":"https:\/\/sabanadelamartours.com\/es\/wp-json\/wp\/v2\/product\/16639\/revisions"}],"predecessor-version":[{"id":18746,"href":"https:\/\/sabanadelamartours.com\/es\/wp-json\/wp\/v2\/product\/16639\/revisions\/18746"}],"wp:featuredmedia":[{"embeddable":true,"href":"https:\/\/sabanadelamartours.com\/es\/wp-json\/wp\/v2\/media\/16684"}],"wp:attachment":[{"href":"https:\/\/sabanadelamartours.com\/es\/wp-json\/wp\/v2\/media?parent=16639"}],"wp:term":[{"taxonomy":"product_brand","embeddable":true,"href":"https:\/\/sabanadelamartours.com\/es\/wp-json\/wp\/v2\/product_brand?post=16639"},{"taxonomy":"product_cat","embeddable":true,"href":"https:\/\/sabanadelamartours.com\/es\/wp-json\/wp\/v2\/product_cat?post=16639"},{"taxonomy":"product_tag","embeddable":true,"href":"https:\/\/sabanadelamartours.com\/es\/wp-json\/wp\/v2\/product_tag?post=16639"}],"curies":[{"name":"wp","href":"https:\/\/api.w.org\/{rel}","templated":true}]}}