{"id":16683,"date":"2025-12-18T14:02:25","date_gmt":"2025-12-18T14:02:25","guid":{"rendered":"https:\/\/sabanadelamartours.com\/?post_type=product&#038;p=16683"},"modified":"2026-01-10T16:16:15","modified_gmt":"2026-01-10T16:16:15","slug":"avistamiento-de-cetaceos-cayo-levantado","status":"publish","type":"product","link":"https:\/\/sabanadelamartours.com\/es\/visita\/avistamiento-de-cetaceos-cayo-levantado\/","title":{"rendered":"Avistamiento de ballenas + Cayo Levantado"},"content":{"rendered":"<p>Nos reuniremos con usted en el Malec\u00f3n de Saman\u00e1 a las 8:30 AM (el punto de encuentro exacto y otros detalles se proporcionan en el mensaje de confirmaci\u00f3n). Primero iremos a observar las ballenas en su propio habitat. Despu\u00e9s de la observaci\u00f3n, iremos para un almuerzo t\u00edpico dominicano a la isla de Cayo Levantado. Despu\u00e9s del almuerzo tendr\u00e1 tiempo libre para disfrutar de la playa, pasear por la isla, jugar al voleibol o simplemente relajarse a la sombra. Alrededor de las 4:30 PM regresaremos a la comunidad de Samana donde terminara la experiencia.<\/p>\n<p>Otros aspectos a tener en cuenta<\/p>\n<p>Esta es una experiencia para ver de cerca a las ballenas. No se puede nadar ni tocarlas.<\/p>\n<p>En caso de que desee realizar un viaje privado y no unirse a un grupo, p\u00f3ngase en contacto con nosotros y le enviaremos los precios y otros detalles.<\/p>\n<div class=\"toggle-content__content toggle-content__content--expanded toggle-content__content--packable\" data-v-59485d64=\"\">\n<div data-test-id=\"activity-full-description-text\" data-v-5835c99c=\"\">Tambien tenemos opciones de avistamiento de ballenas desde Punta Cana, Sabana de la Mar\/Miches y otros lugares con Costo extra.<\/div>\n<\/div>\n<div class=\"toggle-content__label-placeholder\" data-v-59485d64=\"\"><\/div>","protected":false},"excerpt":{"rendered":"<div data-track=\"overview\" data-v-83a2b402=\"\">\n<section id=\"activity-overview\" class=\"activity-overview\" data-component=\"overview\" data-v-83a2b402=\"\" data-v-f3236c42=\"\">\n<p class=\"activity-overview__content\" data-test-id=\"activity-overview-content\" data-v-f3236c42=\"\">Disfrute del avistamiento de ballenas en un crucero panor\u00e1mico con salida de Saman\u00e1. Disfrute de hermosas vistas costeras desde el barco y haga una parada en la isla de Cayo Levantado para almorzar y disfrutar de tiempo libre para explorar.<\/p>\n<\/section>\n<\/div>\n<div data-track=\"key-details\" data-v-83a2b402=\"\"><\/div>","protected":false},"featured_media":16727,"template":"","meta":[],"product_brand":[],"product_cat":[97],"product_tag":[101,102],"class_list":{"0":"post-16683","1":"product","2":"type-product","3":"status-publish","4":"has-post-thumbnail","6":"product_cat-dominican-republic","7":"product_tag-excursion","8":"product_tag-tour","10":"first","11":"instock","12":"shipping-taxable","13":"product-type-external"},"_links":{"self":[{"href":"https:\/\/sabanadelamartours.com\/es\/wp-json\/wp\/v2\/product\/16683","targetHints":{"allow":["GET"]}}],"collection":[{"href":"https:\/\/sabanadelamartours.com\/es\/wp-json\/wp\/v2\/product"}],"about":[{"href":"https:\/\/sabanadelamartours.com\/es\/wp-json\/wp\/v2\/types\/product"}],"version-history":[{"count":1,"href":"https:\/\/sabanadelamartours.com\/es\/wp-json\/wp\/v2\/product\/16683\/revisions"}],"predecessor-version":[{"id":18810,"href":"https:\/\/sabanadelamartours.com\/es\/wp-json\/wp\/v2\/product\/16683\/revisions\/18810"}],"wp:featuredmedia":[{"embeddable":true,"href":"https:\/\/sabanadelamartours.com\/es\/wp-json\/wp\/v2\/media\/16727"}],"wp:attachment":[{"href":"https:\/\/sabanadelamartours.com\/es\/wp-json\/wp\/v2\/media?parent=16683"}],"wp:term":[{"taxonomy":"product_brand","embeddable":true,"href":"https:\/\/sabanadelamartours.com\/es\/wp-json\/wp\/v2\/product_brand?post=16683"},{"taxonomy":"product_cat","embeddable":true,"href":"https:\/\/sabanadelamartours.com\/es\/wp-json\/wp\/v2\/product_cat?post=16683"},{"taxonomy":"product_tag","embeddable":true,"href":"https:\/\/sabanadelamartours.com\/es\/wp-json\/wp\/v2\/product_tag?post=16683"}],"curies":[{"name":"wp","href":"https:\/\/api.w.org\/{rel}","templated":true}]}}