{"id":16700,"date":"2025-12-18T14:03:14","date_gmt":"2025-12-18T14:03:14","guid":{"rendered":"https:\/\/sabanadelamartours.com\/?post_type=product&#038;p=16700"},"modified":"2026-02-14T03:38:32","modified_gmt":"2026-02-14T03:38:32","slug":"atv-y-a-caballo-con-blue-cave-punta-cana","status":"publish","type":"product","link":"https:\/\/sabanadelamartours.com\/es\/visita\/atv-y-a-caballo-con-blue-cave-punta-cana\/","title":{"rendered":"ATV Y Cabalgata Con Cueva Azul :Punta Cana"},"content":{"rendered":"<p>Prep\u00e1rese para un d\u00eda lleno de emociones y descubrimientos con nuestra exclusiva excursi\u00f3n combinada. Conduzca un quad por paisajes espectaculares, monte a caballo por senderos pintorescos, explore la vida local en una aut\u00e9ntica casa t\u00edpica y sum\u00e9rjase en la m\u00e1gica belleza de una cueva oculta de aguas azules. Esta excursi\u00f3n es la mezcla perfecta de adrenalina, cultura y naturaleza que har\u00e1 que su aventura en la Rep\u00fablica Dominicana sea realmente memorable.<\/p>\n<p>Itinerario:<\/p>\n<p>Inicio del viaje:<\/p>\n<p>Su d\u00eda comienza con la recogida en su alojamiento y la c\u00e1lida bienvenida de nuestros expertos gu\u00edas. Tras una breve introducci\u00f3n y equipamiento, se subir\u00e1 a un quad para comenzar su emocionante viaje.<\/p>\n<p>Aventura en quad:<\/p>\n<p>Sienta la adrenalina al conducir su quad por caminos rurales y senderos escondidos. Disfruta de vistas panor\u00e1micas de la exuberante vegetaci\u00f3n y el paisaje tropical mientras recorres emocionantes rutas que ofrecen una aut\u00e9ntica conexi\u00f3n con la naturaleza.<\/p>\n<p>Paseos a caballo:<\/p>\n<p>Tras la emoci\u00f3n del quad, s\u00fabase a un noble caballo para dar un relajado paseo por encantadoras carreteras. Este tramo del recorrido le permitir\u00e1 disfrutar de la serenidad del campo y apreciar la belleza natural a un ritmo pausado, guiado por nuestros experimentados jinetes.<\/p>\n<p>Visita a una casa t\u00edpica:<\/p>\n<p>Sum\u00e9rjase en la cultura local con una visita a una casa t\u00edpica. Aqu\u00ed tendr\u00e1 la oportunidad de conocer a los residentes, aprender sobre sus tradiciones y probar delicias locales preparadas con cari\u00f1o. Esta parada ofrece una visi\u00f3n aut\u00e9ntica de la vida cotidiana y de la hospitalidad dominicana.<\/p>\n<p>Descubrimiento de la Cueva Azul:<\/p>\n<p>La joya oculta de su aventura es la cueva de aguas azules. Tras una corta caminata, le recibir\u00e1n las impresionantes aguas turquesas de la cueva, un lugar m\u00e1gico que invita a nadar y relajarse en su refrescante entorno. La belleza de este rinc\u00f3n escondido le dejar\u00e1 sin aliento.<\/p>\n<p>Regreso y despedida:<\/p>\n<div class=\"toggle-content__content toggle-content__content--expanded toggle-content__content--packable\" data-v-59485d64=\"\">\n<div data-test-id=\"activity-full-description-text\" data-v-5835c99c=\"\">Tras un d\u00eda lleno de emociones, regresar\u00e1 a su punto de partida con recuerdos imborrables de una jornada de aventura, cultura y belleza natural.<\/div>\n<\/div>\n<div class=\"toggle-content__label-placeholder\" data-v-59485d64=\"\"><\/div>","protected":false},"excerpt":{"rendered":"<div data-track=\"overview\" data-v-83a2b402=\"\">\n<section id=\"activity-overview\" class=\"activity-overview\" data-component=\"overview\" data-v-83a2b402=\"\" data-v-f3236c42=\"\">\n<p class=\"activity-overview__content\" data-test-id=\"activity-overview-content\" data-v-f3236c42=\"\">Emb\u00e1rquese en una experiencia \u00fanica llena de adrenalina y belleza natural con nuestra excursi\u00f3n combinada en quad y a caballo. Prep\u00e1rate para un d\u00eda emocionante que te llevar\u00e1 a trav\u00e9s de paisajes impresionantes.<\/p>\n<\/section>\n<\/div>\n<div data-track=\"key-details\" data-v-83a2b402=\"\"><\/div>","protected":false},"featured_media":16739,"template":"","meta":[],"product_brand":[],"product_cat":[97],"product_tag":[101,102],"class_list":{"0":"post-16700","1":"product","2":"type-product","3":"status-publish","4":"has-post-thumbnail","6":"product_cat-dominican-republic","7":"product_tag-excursion","8":"product_tag-tour","10":"first","11":"instock","12":"shipping-taxable","13":"product-type-external"},"_links":{"self":[{"href":"https:\/\/sabanadelamartours.com\/es\/wp-json\/wp\/v2\/product\/16700","targetHints":{"allow":["GET"]}}],"collection":[{"href":"https:\/\/sabanadelamartours.com\/es\/wp-json\/wp\/v2\/product"}],"about":[{"href":"https:\/\/sabanadelamartours.com\/es\/wp-json\/wp\/v2\/types\/product"}],"version-history":[{"count":1,"href":"https:\/\/sabanadelamartours.com\/es\/wp-json\/wp\/v2\/product\/16700\/revisions"}],"predecessor-version":[{"id":19211,"href":"https:\/\/sabanadelamartours.com\/es\/wp-json\/wp\/v2\/product\/16700\/revisions\/19211"}],"wp:featuredmedia":[{"embeddable":true,"href":"https:\/\/sabanadelamartours.com\/es\/wp-json\/wp\/v2\/media\/16739"}],"wp:attachment":[{"href":"https:\/\/sabanadelamartours.com\/es\/wp-json\/wp\/v2\/media?parent=16700"}],"wp:term":[{"taxonomy":"product_brand","embeddable":true,"href":"https:\/\/sabanadelamartours.com\/es\/wp-json\/wp\/v2\/product_brand?post=16700"},{"taxonomy":"product_cat","embeddable":true,"href":"https:\/\/sabanadelamartours.com\/es\/wp-json\/wp\/v2\/product_cat?post=16700"},{"taxonomy":"product_tag","embeddable":true,"href":"https:\/\/sabanadelamartours.com\/es\/wp-json\/wp\/v2\/product_tag?post=16700"}],"curies":[{"name":"wp","href":"https:\/\/api.w.org\/{rel}","templated":true}]}}