{"id":16798,"date":"2025-12-18T14:08:08","date_gmt":"2025-12-18T14:08:08","guid":{"rendered":"https:\/\/sabanadelamartours.com\/?post_type=product&#038;p=16798"},"modified":"2025-12-18T14:11:23","modified_gmt":"2025-12-18T14:11:23","slug":"cano-hondo-los-haitises-amanecer-o-atardecer-excursion-privada-en-kayak-con-lugarenos","status":"publish","type":"product","link":"https:\/\/sabanadelamartours.com\/es\/visita\/cano-hondo-los-haitises-amanecer-o-atardecer-excursion-privada-en-kayak-con-lugarenos\/","title":{"rendered":"Ca\u00f1o Hondo : Los Haitises Amanecer o Atardecer Excursi\u00f3n privada en kayak con lugare\u00f1os"},"content":{"rendered":"<div class=\"wpb-content-wrapper\"><div class=\"vc_row wpb_row st bg-holder\"><div class='container'><div class='row'>\n\t<div class=\"wpb_column column_container col-md-12\"><div class=\"vc_column-inner wpb_wrapper\">\n\t\t\t<div class=\"vc_btn3-container vc_btn3-inline vc_do_btn\" ><a class=\"vc_general vc_btn3 vc_btn3-size-md vc_btn3-shape-rounded vc_btn3-style-modern vc_btn3-color-green\" href=\"https:\/\/bookingadventures.tours\/booking.php?tour_id=5e23e6777c99f3e8cc360d181c266535\" title=\"\" target=\"_blank\" rel=\"noopener\">RESERVAR AHORA<\/a><\/div><div class=\"vc_empty_space\"   style=\"height: 32px\"><span class=\"vc_empty_space_inner\"><\/span><\/div><\/div>\n\t<\/div> \n<\/div><!--End .row--><\/div><!--End .container--><\/div>\n\t<div class=\"wpb_column column_container col-md-12\"><div class=\"vc_column-inner wpb_wrapper\">\n\t\t\t<\/div>\n\t<\/div> \n\n\t<div class=\"wpb_column column_container col-md-12\"><div class=\"vc_column-inner wpb_wrapper\">\n\t\t\t<\/div>\n\t<\/div> \n<div class=\"vc_row wpb_row st bg-holder\"><div class='container'><div class='row'>\n\t<div class=\"wpb_column column_container col-md-12\"><div class=\"vc_column-inner wpb_wrapper\">\n\t\t\t<\/div>\n\t<\/div> \n<\/div><!--End .row--><\/div><!--End .container--><\/div><div class=\"vc_row wpb_row st bg-holder\"><div class='container'><div class='row'>\n\t<div class=\"wpb_column column_container col-md-12\"><div class=\"vc_column-inner wpb_wrapper\">\n\t\t\t\n\t<div class=\"wpb_text_column wpb_content_element\" >\n\t\t<div class=\"wpb_wrapper\">\n\t\t\t<div class=\"vc_row wpb_row vc_row-fluid\">\n<div class=\"wpb_column vc_column_container vc_col-sm-12\">\n<div class=\"vc_column-inner\">\n<div class=\"wpb_wrapper\">\n<div class=\"mkdf-section-title-holder\">\n<div class=\"mkdf-st-inner\">\n<h5 class=\"mkdf-st-subtitle\">Amanecer y Atardecer Los Haitises<\/h5>\n<h3 class=\"mkdf-st-title\">Los Haitises Amanecer o Atardecer Excursi\u00f3n privada en kayak con lugare\u00f1os<\/h3>\n<\/div>\n<\/div>\n<\/div>\n<\/div>\n<\/div>\n<\/div>\n<div class=\"vc_row wpb_row vc_row-fluid\">\n<div class=\"wpb_column vc_column_container vc_col-sm-12\">\n<div class=\"vc_column-inner\">\n<div class=\"wpb_wrapper\">\n<div class=\"vc_empty_space\"><\/div>\n<\/div>\n<\/div>\n<\/div>\n<\/div>\n<div class=\"vc_row wpb_row vc_row-fluid\"><\/div>\n<div class=\"wpb_column vc_column_container vc_col-sm-12\">\n<div class=\"vc_column-inner\">\n<div class=\"wpb_wrapper\"><\/div>\n<\/div>\n<\/div>\n<div class=\"wpb_text_column wpb_content_element\">\n<div class=\"wpb_wrapper\"><\/div>\n<\/div>\n<h4><a id=\"overview\" class=\"aal_anchor\" href=\"https:\/\/bookingadventures.com.do\/dominicantour\/los-haitises-sunrise-or-sunset-private-kayak-excursion-with-locals\/#overview\" aria-hidden=\"true\" target=\"_blank\" rel=\"noopener\"><\/a><b><i>Visi\u00f3n general<\/i><\/b><\/h4>\n<p>Kayak Manglares en el Parque Nacional Los Haitises con un gu\u00eda local 3 Horas. El mejor momento cuando no hay visitantes en el Parque Nacional Los Haitises se establece en este viaje.  Visitando los Manglares en el R\u00edo Ca\u00f1o Hondo m\u00e1s una Vista General de la Bah\u00eda de San Lorenzo en el Parque Nacional Los Haitises, \u00e1rea de Sabana de la Mar Ca\u00f1o Hondo. En caso de viaje corto:\u00a0<a href=\"https:\/\/ticketswhales.com\/Tours-Excursions\/caves\/kayaking-in-los-haitises-with-tour-guide-from-cano-hondo-2\/\" target=\"_blank\" rel=\"noopener\"><em><strong>Kayak Los Haitises 2 Horas<\/strong><\/em><\/a><\/p>\n<ul>\n<li>La gu\u00eda proporciona instrucci\u00f3n y Supervisi\u00f3n.<\/li>\n<li>Kayaks y remos est\u00e1n disponibles Doble para dos personas y Simple para una sola persona.<\/li>\n<\/ul>\n<p>&nbsp;<\/p>\n<h4><a id=\"inclusions-exclusions\" class=\"aal_anchor\" href=\"https:\/\/bookingadventures.com.do\/dominicantour\/los-haitises-sunrise-or-sunset-private-kayak-excursion-with-locals\/#inclusions-exclusions\" aria-hidden=\"true\" target=\"_blank\" rel=\"noopener\"><\/a><b>Inclusiones y exclusiones<\/b><\/h4>\n<p>&nbsp;<\/p>\n<p><b>Incluye<\/b><\/p>\n<p>&nbsp;<\/p>\n<ol>\n<li>Viaje en kayak<\/li>\n<li>Todos los impuestos, tasas y gastos de tramitaci\u00f3n<\/li>\n<li>Impuestos locales<\/li>\n<li>Gu\u00eda local<\/li>\n<\/ol>\n<p><b>Exclusiones<\/b><\/p>\n<ol>\n<li>Propinas<\/li>\n<li>Transferencia<\/li>\n<li>El almuerzo no est\u00e1 incluido<\/li>\n<li>Bebidas alcoh\u00f3licas<\/li>\n<\/ol>\n<p>&nbsp;<\/p>\n<h4><a id=\"departure-return\" class=\"aal_anchor\" href=\"https:\/\/bookingadventures.com.do\/dominicantour\/los-haitises-sunrise-or-sunset-private-kayak-excursion-with-locals\/#departure-return\" aria-hidden=\"true\" target=\"_blank\" rel=\"noopener\"><\/a><em><strong>Salida y regreso<\/strong><\/em><\/h4>\n<p>El viajero obtendr\u00e1 un punto de encuentro tras el proceso de reserva. Los tours comienzan y terminan en nuestros puntos de encuentro.<\/p>\n<p>&nbsp;<\/p>\n<h4><a id=\"what-to-expect\" class=\"aal_anchor\" href=\"https:\/\/bookingadventures.com.do\/dominicantour\/los-haitises-sunrise-or-sunset-private-kayak-excursion-with-locals\/#what-to-expect\" aria-hidden=\"true\" target=\"_blank\" rel=\"noopener\"><\/a><b><i>\u00bfQu\u00e9 esperar?<\/i><\/b><\/h4>\n<p>&nbsp;<\/p>\n<p><em><strong>Consigue tus entradas<\/strong><\/em>\u00a0para visitar 3 horas en Kayak el Bosque del R\u00edo Cano Hondo (Manglares), Islas Rocosas, Observaci\u00f3n de Aves, Amanecer y Atardecer con el gu\u00eda local.<\/p>\n<p>Cuando tengamos todo tipo de equipo requerido para su seguridad (Chalecos salvavidas, etc) la acci\u00f3n comenzar\u00e1 Kayak desde el puerto del R\u00edo Ca\u00f1o Hondo.<\/p>\n<p>La excursi\u00f3n, organizada por \u201cBooking Adventures\u201d comienza en el punto de encuentro fijado con el gu\u00eda tur\u00edstico. Tomando kayaks y atravesando manglares, pasando por antiguas cuevas de piratas y adentr\u00e1ndose en bosques protegidos en esta pintoresca reserva partiendo desde la zona de Hoteles Ca\u00f1o Hondo o desde Sabana de la Mar,<\/p>\n<div class=\"body-description secondary\">\n<p>Ven con Booking Adventures y empieza a comprobar algunos manglares llenos de p\u00e1jaros, colinas ondulantes de exuberante vegetaci\u00f3n y cuevas de\u00a0<em><strong>Parque Nacional de Los Haitises<\/strong><\/em>. Hacer una excursi\u00f3n en kayak desde el r\u00edo Ca\u00f1o Hondo, Sabana de la Mar. Atraviese los manglares y desembarque en la abierta bah\u00eda de San Lorenzo, desde donde podr\u00e1 fotografiar el escarpado paisaje forestal. Mire hacia el agua para divisar\u00a0<em><strong>Manat\u00edes<\/strong><\/em>, crust\u00e1ceos y\u00a0<em><strong>delfines.<\/strong><\/em><\/p>\n<p>El nombre del parque nacional procede de sus habitantes originales, los indios ta\u00ednos. En su lengua, \u201cHaitises\u201d se traduce como tierras altas o colinas, una referencia a las escarpadas formaciones geol\u00f3gicas con calizas de la costa. Ad\u00e9ntrese en el parque para explorar cuevas como la de\u00a0<em><strong>Cueva de la Arena<\/strong><\/em>\u00a0y\u00a0<strong><em>Cueva de la L\u00ednea.<\/em><\/strong>\u00a0Las cuevas de la reserva fueron utilizadas como refugio por los indios ta\u00ednos y, m\u00e1s tarde, para ocultar a los piratas. Busque los dibujos de los indios que decoran algunas de las paredes.<\/p>\n<p>En caso de que le guste este viaje corto tenemos una segunda opci\u00f3n:\u00a0<a href=\"https:\/\/ticketswhales.com\/Tours-Excursions\/caves\/kayaking-in-los-haitises-with-tour-guide-from-cano-hondo-2\/\" target=\"_blank\" rel=\"noopener\">Kayak en Los Haitises 2 Horas\u00a0<\/a><\/p>\n<p>El Tour termina en el punto de partida en el Parque Nacional Los Haitises. Recomendamos este viaje a las 6: 00 am en caso de que le gustar\u00eda ver\u00a0<em><strong>Manat\u00edes<\/strong><\/em>, crust\u00e1ceos y\u00a0<em><strong>delfines.<\/strong><\/em><\/p>\n<\/div>\n<p><em><strong>6 DE LA MA\u00d1ANA<\/strong><\/em>\u00a0 y las 16:00 son las mejores horas secretas para estar solo en el Parque Nacional Los Haitises. Disfrutar de la naturaleza y de las aguas tranquilas.<\/p>\n<h4><a id=\"what-you-should-bring\" class=\"aal_anchor\" href=\"https:\/\/bookingadventures.com.do\/dominicantour\/los-haitises-sunrise-or-sunset-private-kayak-excursion-with-locals\/#what-you-should-bring\" aria-hidden=\"true\" target=\"_blank\" rel=\"noopener\"><\/a><em><strong>\u00bfQu\u00e9 debe llevar?<\/strong><\/em><\/h4>\n<ul>\n<li>C\u00e1mara<\/li>\n<li>Brotes repelentes<\/li>\n<li>crema solar<\/li>\n<li>Sombrero<\/li>\n<li>Pantalones c\u00f3modos<\/li>\n<li>Sandalias<\/li>\n<li>Ropa de ba\u00f1o<\/li>\n<\/ul>\n<p>&nbsp;<\/p>\n<h4><a id=\"hotel-pickup\" class=\"aal_anchor\" href=\"https:\/\/bookingadventures.com.do\/dominicantour\/los-haitises-sunrise-or-sunset-private-kayak-excursion-with-locals\/#hotel-pickup\" aria-hidden=\"true\" target=\"_blank\" rel=\"noopener\"><\/a><b><i>Recogida en el hotel<\/i><\/b><\/h4>\n<p>Para esta excursi\u00f3n no se ofrece recogida en el hotel.<\/p>\n<p>&nbsp;<\/p>\n<p><b>Nota:<\/b>\u00a0si realiza la reserva dentro de las 24 horas anteriores a la hora de salida del tour\/excursi\u00f3n, podemos organizar la recogida en el hotel con cargo adicional. Una vez realizada la compra, le enviaremos toda la informaci\u00f3n de contacto (n\u00famero de tel\u00e9fono, direcci\u00f3n de correo electr\u00f3nico, etc.) para que nuestro gu\u00eda local organice la recogida.<\/p>\n<h4><a id=\"additional-info-confirmation\" class=\"aal_anchor\" href=\"https:\/\/bookingadventures.com.do\/dominicantour\/los-haitises-sunrise-or-sunset-private-kayak-excursion-with-locals\/#additional-info-confirmation\" aria-hidden=\"true\" target=\"_blank\" rel=\"noopener\"><\/a><b><i>Informaci\u00f3n adicional Confirmaci\u00f3n<\/i><\/b><\/h4>\n<ol>\n<li>Las entradas son el recibo despu\u00e9s de pagar este Tour. Usted puede showthe pago en su tel\u00e9fono.<\/li>\n<li>El punto de encuentro se recibir\u00e1 despu\u00e9s del proceso de reserva.<\/li>\n<li>Los ni\u00f1os deben ir acompa\u00f1ados de un adulto.<\/li>\n<li>No accesible en silla de ruedas<\/li>\n<li>Los beb\u00e9s deben sentarse en el regazo<\/li>\n<li>No recomendado para viajeros con problemas de espalda<\/li>\n<li>No recomendado para embarazadas<\/li>\n<li>Sin problemas cardiacos ni otras enfermedades graves<\/li>\n<li>La mayor\u00eda de los viajeros pueden participar<\/li>\n<\/ol>\n\n\t\t<\/div>\n\t<\/div>\n<div class=\"vc_empty_space\"   style=\"height: 32px\"><span class=\"vc_empty_space_inner\"><\/span><\/div><\/div>\n\t<\/div> \n<\/div><!--End .row--><\/div><!--End .container--><\/div><div class=\"vc_row wpb_row st bg-holder\"><div class='container'><div class='row'>\n\t<div class=\"wpb_column column_container col-md-12\"><div class=\"vc_column-inner wpb_wrapper\">\n\t\t\t\n\t<div class=\"wpb_video_widget wpb_content_element vc_clearfix   vc_video-aspect-ratio-169 vc_video-el-width-100 vc_video-align-left\" >\n\t\t<div class=\"wpb_wrapper\">\n\t\t\t<h2 class=\"wpb_heading wpb_video_heading\">Los Haitises Kayak <\/h2>\n\t\t\t<div class=\"wpb_video_wrapper\"><iframe title=\"Excursi\u00f3n en kayak y espeleolog\u00eda en el Parque Nacional de Los Haitises, Rep\u00fablica Dominicana\" width=\"500\" height=\"281\" src=\"https:\/\/www.youtube.com\/embed\/ucU1uwB57wQ?feature=oembed\" frameborder=\"0\" allow=\"accelerometer; autoplay; clipboard-write; encrypted-media; gyroscope; picture-in-picture; web-share\" referrerpolicy=\"strict-origin-when-cross-origin\" allowfullscreen><\/iframe><\/div>\n\t\t<\/div>\n\t<\/div>\n<div class=\"vc_btn3-container vc_btn3-inline vc_do_btn\" ><a class=\"vc_general vc_btn3 vc_btn3-size-md vc_btn3-shape-rounded vc_btn3-style-modern vc_btn3-color-green\" href=\"https:\/\/bookingadventures.tours\/booking.php?tour_id=5e23e6777c99f3e8cc360d181c266535\" title=\"\" target=\"_blank\" rel=\"noopener\">RESERVAR AHORA<\/a><\/div><\/div>\n\t<\/div> \n<\/div><!--End .row--><\/div><!--End .container--><\/div>\n<\/div>","protected":false},"excerpt":{"rendered":"<div>Recogida en Hoteles Cano Hondo: Si estas planeando visitar Los Haitises de una manera romantica ademas de estar solo en la naturaleza y hospedarte a la hora del amanecer o atardecer. Este es el mejor viaje privado para usted.<\/div>\n<div><\/div>\n<div>Salida del sol de 5:30 am a 8:30 am Viaje.<\/div>\n<div><\/div>\n<div>Puesta de sol de 16:00 a 19:00 Viaje.<\/div>\n<div><\/div>\n<div>Seleccione la fecha del Tour:<\/div>","protected":false},"featured_media":16814,"template":"","meta":[],"product_brand":[],"product_cat":[218,184,219,220,221,158,117],"product_tag":[109,111,222,223,224,225,226,167,173,227,228,182,128,129],"class_list":{"0":"post-16798","1":"product","2":"type-product","3":"status-publish","4":"has-post-thumbnail","6":"product_cat-hiking","7":"product_cat-1-sabana-de-la-mar","8":"product_cat-hiking-los-haitises","9":"product_cat-kayaking","10":"product_cat-kayaking-los-haitises","11":"product_cat-tours-excursions-los-haitises-national-park","12":"product_cat-tours-excursions-samana-bay-dominican-republic","13":"product_tag-cano-hondo","14":"product_tag-cano-hondo-hotel","15":"product_tag-day-tour-cano-hondo","16":"product_tag-kayak-dominican-republic","17":"product_tag-kayaking-dominican-republic","18":"product_tag-kayaking-los-haitises","19":"product_tag-kayaks","20":"product_tag-los-haitises","21":"product_tag-los-haitises-national-park","22":"product_tag-los-haitises-tours","23":"product_tag-private-tours-samana","24":"product_tag-sabana-de-la-mar","25":"product_tag-samana-bay","26":"product_tag-samana-excursions","28":"first","29":"instock","30":"sale","31":"sold-individually","32":"shipping-taxable","33":"product-type-external"},"_links":{"self":[{"href":"https:\/\/sabanadelamartours.com\/es\/wp-json\/wp\/v2\/product\/16798","targetHints":{"allow":["GET"]}}],"collection":[{"href":"https:\/\/sabanadelamartours.com\/es\/wp-json\/wp\/v2\/product"}],"about":[{"href":"https:\/\/sabanadelamartours.com\/es\/wp-json\/wp\/v2\/types\/product"}],"version-history":[{"count":0,"href":"https:\/\/sabanadelamartours.com\/es\/wp-json\/wp\/v2\/product\/16798\/revisions"}],"wp:featuredmedia":[{"embeddable":true,"href":"https:\/\/sabanadelamartours.com\/es\/wp-json\/wp\/v2\/media\/16814"}],"wp:attachment":[{"href":"https:\/\/sabanadelamartours.com\/es\/wp-json\/wp\/v2\/media?parent=16798"}],"wp:term":[{"taxonomy":"product_brand","embeddable":true,"href":"https:\/\/sabanadelamartours.com\/es\/wp-json\/wp\/v2\/product_brand?post=16798"},{"taxonomy":"product_cat","embeddable":true,"href":"https:\/\/sabanadelamartours.com\/es\/wp-json\/wp\/v2\/product_cat?post=16798"},{"taxonomy":"product_tag","embeddable":true,"href":"https:\/\/sabanadelamartours.com\/es\/wp-json\/wp\/v2\/product_tag?post=16798"}],"curies":[{"name":"wp","href":"https:\/\/api.w.org\/{rel}","templated":true}]}}