{"id":16877,"date":"2025-12-18T14:11:24","date_gmt":"2025-12-18T14:11:24","guid":{"rendered":"https:\/\/sabanadelamartours.com\/?post_type=product&#038;p=16877"},"modified":"2026-01-09T04:04:08","modified_gmt":"2026-01-09T04:04:08","slug":"punta-cana-party-boat-booze-cruise-con-traslados-al-hotel","status":"publish","type":"product","link":"https:\/\/sabanadelamartours.com\/es\/visita\/punta-cana-party-boat-booze-cruise-con-traslados-al-hotel\/","title":{"rendered":"Bah\u00eda de las \u00c1guilas: Excursi\u00f3n de un d\u00eda a la playa en barco"},"content":{"rendered":"<p>Comience el d\u00eda con una c\u00f3moda recogida en su alojamiento de Barahona. Aqu\u00ed, su gu\u00eda amable y profesional le estar\u00e1 esperando y despu\u00e9s de un breve encuentro y saludo, usted tomar\u00e1 un paseo esc\u00e9nico a lo largo de la carretera costera con vistas panor\u00e1micas.<\/p>\n<p>Pasar\u00e1 por Los Patos, muy conocido entre los lugare\u00f1os como uno de los mejores lugares de ba\u00f1o de la zona. Contin\u00fae su viaje hasta el peque\u00f1o puerto y pueblo pesquero de Cabo Rojo. En el puerto le espera su barco, listo para llevarle a descubrir la isla.<\/p>\n<p>Disfrute de un paseo en barco por aguas cristalinas durante 15 minutos mientras contempla las pintorescas vistas de la isla. Una vez finalizado el paseo en barco, llegar\u00e1 a la Bah\u00eda de las \u00c1guilas. La Bah\u00eda de las \u00c1guilas es un tramo de 8 km de playa de pura arena blanca situada en un Parque Nacional. Disfrute de un paisaje costero excepcional como nunca ha visto, con aguas cristalinas de tonos turquesa y azul \u00f3palo. Aqu\u00ed tambi\u00e9n tendr\u00e1 tiempo para nadar, bucear o explorar este para\u00edso ecol\u00f3gico intacto. El almuerzo en un restaurante famoso por sus platos t\u00edpicos est\u00e1 disponible con suplemento.<\/p>\n<div class=\"toggle-content__content toggle-content__content--expanded toggle-content__content--packable\" data-v-59485d64=\"\">\n<div data-test-id=\"activity-full-description-text\" data-v-5835c99c=\"\">Al final de un d\u00eda lleno de aventuras podr\u00e1 relajarse con un traslado de vuelta a su alojamiento en Barahona.<\/div>\n<\/div>\n<div class=\"toggle-content__label-placeholder\" data-v-59485d64=\"\"><\/div>","protected":false},"excerpt":{"rendered":"<div data-track=\"overview\" data-v-83a2b402=\"\">\n<section id=\"activity-overview\" class=\"activity-overview\" data-component=\"overview\" data-v-83a2b402=\"\" data-v-f3236c42=\"\">\n<p class=\"activity-overview__content\" data-test-id=\"activity-overview-content\" data-v-f3236c42=\"\">Disfrute de una de las playas m\u00e1s bellas del mundo: Bah\u00eda de las \u00c1guilas. Con un gu\u00eda profesional disfrutar\u00e1 de un d\u00eda de diversi\u00f3n bajo el sol, nadando y disfrutando de unas vistas paradis\u00edacas de la isla.<\/p>\n<\/section>\n<\/div>\n<div data-track=\"key-details\" data-v-83a2b402=\"\"><\/div>","protected":false},"featured_media":15496,"template":"","meta":[],"product_brand":[],"product_cat":[216],"product_tag":[101,102],"class_list":{"0":"post-16877","1":"product","2":"type-product","3":"status-publish","4":"has-post-thumbnail","6":"product_cat-dominican","7":"product_tag-excursion","8":"product_tag-tour","10":"first","11":"instock","12":"shipping-taxable","13":"product-type-external"},"_links":{"self":[{"href":"https:\/\/sabanadelamartours.com\/es\/wp-json\/wp\/v2\/product\/16877","targetHints":{"allow":["GET"]}}],"collection":[{"href":"https:\/\/sabanadelamartours.com\/es\/wp-json\/wp\/v2\/product"}],"about":[{"href":"https:\/\/sabanadelamartours.com\/es\/wp-json\/wp\/v2\/types\/product"}],"version-history":[{"count":1,"href":"https:\/\/sabanadelamartours.com\/es\/wp-json\/wp\/v2\/product\/16877\/revisions"}],"predecessor-version":[{"id":18682,"href":"https:\/\/sabanadelamartours.com\/es\/wp-json\/wp\/v2\/product\/16877\/revisions\/18682"}],"wp:featuredmedia":[{"embeddable":true,"href":"https:\/\/sabanadelamartours.com\/es\/wp-json\/wp\/v2\/media\/15496"}],"wp:attachment":[{"href":"https:\/\/sabanadelamartours.com\/es\/wp-json\/wp\/v2\/media?parent=16877"}],"wp:term":[{"taxonomy":"product_brand","embeddable":true,"href":"https:\/\/sabanadelamartours.com\/es\/wp-json\/wp\/v2\/product_brand?post=16877"},{"taxonomy":"product_cat","embeddable":true,"href":"https:\/\/sabanadelamartours.com\/es\/wp-json\/wp\/v2\/product_cat?post=16877"},{"taxonomy":"product_tag","embeddable":true,"href":"https:\/\/sabanadelamartours.com\/es\/wp-json\/wp\/v2\/product_tag?post=16877"}],"curies":[{"name":"wp","href":"https:\/\/api.w.org\/{rel}","templated":true}]}}