{"id":16878,"date":"2025-12-18T14:11:24","date_gmt":"2025-12-18T14:11:24","guid":{"rendered":"https:\/\/sabanadelamartours.com\/?post_type=product&#038;p=16878"},"modified":"2026-01-09T13:03:37","modified_gmt":"2026-01-09T13:03:37","slug":"samana-privado-los-haitises-expedicion-cuevas-manglares","status":"publish","type":"product","link":"https:\/\/sabanadelamartours.com\/es\/visita\/samana-privado-los-haitises-expedicion-cuevas-manglares\/","title":{"rendered":"Saman\u00e1: Expedici\u00f3n Privada Los Haitises Cuevas y Manglares"},"content":{"rendered":"<p>This unparalleled tour offers you the chance to discover the largest nature preserve in the Dominican Republic. Witness the jewel of the ecotourism trips on the Caribbean.<\/p>\n<p>How many national parks have the Dominican Republic? Where is Los Haitises National Park? What\u2019s the meaning of Haitises? Which kind of nature can you find in Los Haitises? Which is the connection between Jurassic Park movie and Los Haitises? Why you should go soon to Los Haitises?.<\/p>\n<p>Descubrir\u00e1 el hermoso escenario natural de ensue\u00f1o de los bosques marinos y de manglares de la Bah\u00eda de San Lorenzo. Un d\u00eda inolvidable de aventura que te sumergir\u00e1 en la verdadera esencia de lo que la Rep\u00fablica Dominicana tiene que dar.<\/p>\n<div class=\"toggle-content__content toggle-content__content--expanded toggle-content__content--packable\" data-v-59485d64=\"\">\n<div data-test-id=\"activity-full-description-text\" data-v-5835c99c=\"\">Prep\u00e1rese para conocer la Rep\u00fablica Dominicana desde una perspectiva diferente. Un carism\u00e1tico gu\u00eda local te revelar\u00e1 datos interesantes sobre el Parque Nacional de Los Haitises.<\/div>\n<\/div>","protected":false},"excerpt":{"rendered":"<div data-track=\"overview\" data-v-83a2b402=\"\">\n<section id=\"activity-overview\" class=\"activity-overview\" data-component=\"overview\" data-v-83a2b402=\"\" data-v-f3236c42=\"\">\n<p class=\"activity-overview__content\" data-test-id=\"activity-overview-content\" data-v-f3236c42=\"\">Take a trip to the largest nature preserve in the Dominican Republic. Explore unique caves with lush mangrove forests by boat, and visit the secluded town Sabana de La Mar in the Cano Hondo areas.<\/p>\n<\/section>\n<\/div>\n<div data-track=\"key-details\" data-v-83a2b402=\"\"><\/div>","protected":false},"featured_media":16907,"template":"","meta":[],"product_brand":[],"product_cat":[97,103],"product_tag":[101,102],"class_list":{"0":"post-16878","1":"product","2":"type-product","3":"status-publish","4":"has-post-thumbnail","6":"product_cat-dominican-republic","7":"product_cat-los-haitises","8":"product_tag-excursion","9":"product_tag-tour","11":"first","12":"instock","13":"shipping-taxable","14":"product-type-external"},"_links":{"self":[{"href":"https:\/\/sabanadelamartours.com\/es\/wp-json\/wp\/v2\/product\/16878","targetHints":{"allow":["GET"]}}],"collection":[{"href":"https:\/\/sabanadelamartours.com\/es\/wp-json\/wp\/v2\/product"}],"about":[{"href":"https:\/\/sabanadelamartours.com\/es\/wp-json\/wp\/v2\/types\/product"}],"version-history":[{"count":1,"href":"https:\/\/sabanadelamartours.com\/es\/wp-json\/wp\/v2\/product\/16878\/revisions"}],"predecessor-version":[{"id":18752,"href":"https:\/\/sabanadelamartours.com\/es\/wp-json\/wp\/v2\/product\/16878\/revisions\/18752"}],"wp:featuredmedia":[{"embeddable":true,"href":"https:\/\/sabanadelamartours.com\/es\/wp-json\/wp\/v2\/media\/16907"}],"wp:attachment":[{"href":"https:\/\/sabanadelamartours.com\/es\/wp-json\/wp\/v2\/media?parent=16878"}],"wp:term":[{"taxonomy":"product_brand","embeddable":true,"href":"https:\/\/sabanadelamartours.com\/es\/wp-json\/wp\/v2\/product_brand?post=16878"},{"taxonomy":"product_cat","embeddable":true,"href":"https:\/\/sabanadelamartours.com\/es\/wp-json\/wp\/v2\/product_cat?post=16878"},{"taxonomy":"product_tag","embeddable":true,"href":"https:\/\/sabanadelamartours.com\/es\/wp-json\/wp\/v2\/product_tag?post=16878"}],"curies":[{"name":"wp","href":"https:\/\/api.w.org\/{rel}","templated":true}]}}