{"id":16923,"date":"2025-12-18T14:13:37","date_gmt":"2025-12-18T14:13:37","guid":{"rendered":"https:\/\/sabanadelamartours.com\/?post_type=product&#038;p=16923"},"modified":"2025-12-18T14:16:27","modified_gmt":"2025-12-18T14:16:27","slug":"aventura-exotica-a-isla-saona-paraiso-en-la-piscina-natural","status":"publish","type":"product","link":"https:\/\/sabanadelamartours.com\/es\/visita\/aventura-exotica-a-isla-saona-paraiso-en-la-piscina-natural\/","title":{"rendered":"Aventura Ex\u00f3tica a Isla Saona: Para\u00edso en la Piscina Natural"},"content":{"rendered":"<h2>Aventura Ex\u00f3tica a Isla Saona: Para\u00edso en la Piscina Natural<\/h2>\n<p>Disfrute de la encantadora belleza de la isla Saona en una inolvidable excursi\u00f3n con salida de Santo Domingo, perfectamente adaptada para quienes aprecian la naturaleza y la cultura. Su aventura comienza con un c\u00f3modo traslado al encantador pueblo pesquero de Bayahibe, donde embarcar\u00e1 en un lujoso catamar\u00e1n o en una lancha r\u00e1pida que zarpar\u00e1 hacia la impresionante isla. Mientras surca las aguas color zafiro del Mar Caribe, sum\u00e9rjase en las impresionantes vistas de la costa y participe en animadas actividades a bordo, creando un ambiente alegre entre compa\u00f1eros exploradores.<\/p>\n<p>A su llegada a la isla Saona, ser\u00e1 recibido por playas de arena blanca que se extienden sin fin, besadas por las olas azules. T\u00f3mese un momento para relajarse en el para\u00edso mientras hunde los dedos de los pies en la suave arena, o sum\u00e9rjase en las tentadoras aguas para descubrir la vibrante vida marina que prospera bajo la superficie. Experimente la emoci\u00f3n de nadar en las famosas piscinas naturales de la isla, donde el ecosistema \u00fanico ofrece una rara visi\u00f3n de las maravillas de la naturaleza.<\/p>\n<p>La excursi\u00f3n no s\u00f3lo saciar\u00e1 su sed de aventura, sino que tambi\u00e9n mimar\u00e1 su paladar. Disfrute de un delicioso almuerzo tradicional dominicano servido en la playa, con una gran variedad de opciones que incluyen marisco fresco, suculentas carnes y sabrosos acompa\u00f1amientos, todo preparado para deleitar su paladar mientras toma el sol.<\/p>\n<p>Este viaje es la mezcla por excelencia de estimulante aventura, serena relajaci\u00f3n y ricas experiencias culturales, todo ello condensado en un solo d\u00eda bajo el sol. Aproveche la oportunidad de crear recuerdos imborrables en este para\u00edso tropical. Reserve ya su plaza en este incre\u00edble viaje al para\u00edso.<\/p>\n<div id=\"gtx-trans\" style=\"position: absolute; left: 358px; top: 61.9062px;\">\n<div class=\"gtx-trans-icon\"><\/div>\n<\/div>","protected":false},"excerpt":{"rendered":"<div data-track=\"overview\" data-v-83a2b402=\"\">\n<section id=\"activity-overview\" class=\"activity-overview\" data-component=\"overview\" data-v-83a2b402=\"\" data-v-f3236c42=\"\">\n<p class=\"activity-overview__content\" data-test-id=\"activity-overview-content\" data-v-f3236c42=\"\">Explore la impresionante isla Saona desde Santo Domingo en una excursi\u00f3n que incluye un delicioso almuerzo. Disfrute de un d\u00eda completo de aventura que comienza con un c\u00f3modo traslado a Bayahibe.<\/p>\n<\/section>\n<\/div>\n<div data-track=\"key-details\" data-v-83a2b402=\"\"><\/div>","protected":false},"featured_media":16962,"template":"","meta":[],"product_brand":[],"product_cat":[97,98],"product_tag":[101,102],"class_list":{"0":"post-16923","1":"product","2":"type-product","3":"status-publish","4":"has-post-thumbnail","6":"product_cat-dominican-republic","7":"product_cat-saona-island","8":"product_tag-excursion","9":"product_tag-tour","11":"first","12":"instock","13":"sale","14":"shipping-taxable","15":"product-type-external"},"_links":{"self":[{"href":"https:\/\/sabanadelamartours.com\/es\/wp-json\/wp\/v2\/product\/16923","targetHints":{"allow":["GET"]}}],"collection":[{"href":"https:\/\/sabanadelamartours.com\/es\/wp-json\/wp\/v2\/product"}],"about":[{"href":"https:\/\/sabanadelamartours.com\/es\/wp-json\/wp\/v2\/types\/product"}],"version-history":[{"count":0,"href":"https:\/\/sabanadelamartours.com\/es\/wp-json\/wp\/v2\/product\/16923\/revisions"}],"wp:featuredmedia":[{"embeddable":true,"href":"https:\/\/sabanadelamartours.com\/es\/wp-json\/wp\/v2\/media\/16962"}],"wp:attachment":[{"href":"https:\/\/sabanadelamartours.com\/es\/wp-json\/wp\/v2\/media?parent=16923"}],"wp:term":[{"taxonomy":"product_brand","embeddable":true,"href":"https:\/\/sabanadelamartours.com\/es\/wp-json\/wp\/v2\/product_brand?post=16923"},{"taxonomy":"product_cat","embeddable":true,"href":"https:\/\/sabanadelamartours.com\/es\/wp-json\/wp\/v2\/product_cat?post=16923"},{"taxonomy":"product_tag","embeddable":true,"href":"https:\/\/sabanadelamartours.com\/es\/wp-json\/wp\/v2\/product_tag?post=16923"}],"curies":[{"name":"wp","href":"https:\/\/api.w.org\/{rel}","templated":true}]}}