{"id":16960,"date":"2025-12-18T14:15:57","date_gmt":"2025-12-18T14:15:57","guid":{"rendered":"https:\/\/sabanadelamartours.com\/?post_type=product&#038;p=16960"},"modified":"2026-01-09T13:13:12","modified_gmt":"2026-01-09T13:13:12","slug":"desde-puerto-plata-santo-domingo-visita-completa","status":"publish","type":"product","link":"https:\/\/sabanadelamartours.com\/es\/visita\/desde-puerto-plata-santo-domingo-visita-completa\/","title":{"rendered":"Desde Puerto Plata: Visita Completa Santo Domingo"},"content":{"rendered":"<p>Este recorrido le har\u00e1 retroceder en el tiempo y le mostrar\u00e1 el Santo Domingo de los tiempos de la colonia espa\u00f1ola. Admirar\u00e1 la arquitectura del siglo XVI y sentir\u00e1 el ambiente de los siglos pasados. Para no dejarse abrumar por los monumentos, tambi\u00e9n explorar\u00e1 los cenotes en el paisaje tropical, se acercar\u00e1 al gigantesco Faro de Col\u00f3n y subir\u00e1 al telef\u00e9rico que sobrevuela la ciudad.<\/p>\n<p>Empezar\u00e1 temprano por la ma\u00f1ana (sobre las 6 h) y tomar\u00e1 un desayuno envasado por el camino. El traslado a la capital durar\u00e1 unas 3,5h.<\/p>\n<p>Una vez en Santo Domingo, ver\u00e1 primero el famoso bulevar del Malec\u00f3n, junto al mar Caribe. Luego seguir\u00e1 hacia la parte este de la ciudad, donde echar\u00e1 un vistazo al enorme Monumento a Col\u00f3n. Cerca se encuentran los hermosos cenotes Los Tres Ojos. Explorar\u00e1s las cuevas de piedra caliza y dar\u00e1s un paseo en una peque\u00f1a embarcaci\u00f3n por el interior de la caverna.<\/p>\n<p>Su siguiente atracci\u00f3n ser\u00e1 el telef\u00e9rico que sobrevuela la ciudad, conectando diferentes barrios de la capital. Te sorprender\u00e1 ver c\u00f3mo var\u00edan las condiciones de vida de la poblaci\u00f3n local...<\/p>\n<p>Hacia el mediod\u00eda te dirigir\u00e1s a la ciudad vieja, para dar un paseo de aproximadamente 1 hora. Seguir\u00e1 la ruta del primer gobernador de Santo Domingo, Nicol\u00e1s de Ovando. Los edificios de su \u00e9poca fueron las primeras creaciones espa\u00f1olas en el Nuevo Mundo. Santo Domingo era entonces la capital de todas las colonias espa\u00f1olas. Descubrir\u00e1 los monumentos m\u00e1s importantes: Alc\u00e1zar de Col\u00f3n, Casas Reales, Fortaleza Ozama, Catedral, Monasterio de Santo Domingo y otros.<\/p>\n<p>Tras la visita, disfrute de un almuerzo dominicano en forma de sabroso buf\u00e9 con refresco incluido. A continuaci\u00f3n, dispondr\u00e1 de tiempo libre para explorar el casco antiguo por su cuenta. Es la ocasi\u00f3n perfecta para hacer algunas compras de recuerdos o simplemente pasear.<\/p>\n<p>Saldremos de la ciudad hacia las 16.00-17.00 y volveremos a la costa norte hacia las 20.00-21.00.<\/p>","protected":false},"excerpt":{"rendered":"<div data-track=\"overview\" data-v-83a2b402=\"\">\n<section id=\"activity-overview\" class=\"activity-overview\" data-component=\"overview\" data-v-83a2b402=\"\" data-v-f3236c42=\"\">\n<p class=\"activity-overview__content\" data-test-id=\"activity-overview-content\" data-v-f3236c42=\"\">Descubra la ciudad m\u00e1s grande y antigua de la Rep\u00fablica Dominicana: la capital, Santo Domingo. Realice una excursi\u00f3n de un d\u00eda y explore a fondo la ciudad colonial y sus principales atracciones. Sienta el ambiente de los viejos tiempos.<\/p>\n<\/section>\n<\/div>\n<div data-track=\"key-details\" data-v-83a2b402=\"\"><\/div>","protected":false},"featured_media":17004,"template":"","meta":[],"product_brand":[],"product_cat":[97],"product_tag":[101,102],"class_list":{"0":"post-16960","1":"product","2":"type-product","3":"status-publish","4":"has-post-thumbnail","6":"product_cat-dominican-republic","7":"product_tag-excursion","8":"product_tag-tour","10":"first","11":"instock","12":"shipping-taxable","13":"product-type-external"},"_links":{"self":[{"href":"https:\/\/sabanadelamartours.com\/es\/wp-json\/wp\/v2\/product\/16960","targetHints":{"allow":["GET"]}}],"collection":[{"href":"https:\/\/sabanadelamartours.com\/es\/wp-json\/wp\/v2\/product"}],"about":[{"href":"https:\/\/sabanadelamartours.com\/es\/wp-json\/wp\/v2\/types\/product"}],"version-history":[{"count":1,"href":"https:\/\/sabanadelamartours.com\/es\/wp-json\/wp\/v2\/product\/16960\/revisions"}],"predecessor-version":[{"id":18759,"href":"https:\/\/sabanadelamartours.com\/es\/wp-json\/wp\/v2\/product\/16960\/revisions\/18759"}],"wp:featuredmedia":[{"embeddable":true,"href":"https:\/\/sabanadelamartours.com\/es\/wp-json\/wp\/v2\/media\/17004"}],"wp:attachment":[{"href":"https:\/\/sabanadelamartours.com\/es\/wp-json\/wp\/v2\/media?parent=16960"}],"wp:term":[{"taxonomy":"product_brand","embeddable":true,"href":"https:\/\/sabanadelamartours.com\/es\/wp-json\/wp\/v2\/product_brand?post=16960"},{"taxonomy":"product_cat","embeddable":true,"href":"https:\/\/sabanadelamartours.com\/es\/wp-json\/wp\/v2\/product_cat?post=16960"},{"taxonomy":"product_tag","embeddable":true,"href":"https:\/\/sabanadelamartours.com\/es\/wp-json\/wp\/v2\/product_tag?post=16960"}],"curies":[{"name":"wp","href":"https:\/\/api.w.org\/{rel}","templated":true}]}}