{"id":16990,"date":"2025-12-18T14:17:25","date_gmt":"2025-12-18T14:17:25","guid":{"rendered":"https:\/\/sabanadelamartours.com\/?post_type=product&#038;p=16990"},"modified":"2026-01-09T13:14:26","modified_gmt":"2026-01-09T13:14:26","slug":"traslado-miches-los-haitises-paseo-en-barco","status":"publish","type":"product","link":"https:\/\/sabanadelamartours.com\/es\/visita\/traslado-miches-los-haitises-paseo-en-barco\/","title":{"rendered":"Miches: Los Haitises, Traslado, Paseo a pie y en barco."},"content":{"rendered":"<p>Viaje al remoto noreste de la Rep\u00fablica Dominicana, al Parque Nacional de Los Haitises. Recorra el r\u00edo Ca\u00f1o Hondo , San Lorenzo y el Cayo de los P\u00e1jaros y contemple el oc\u00e9ano Atl\u00e1ntico desde la cima de la monta\u00f1a. Obtenga traslados de ida y vuelta al hotel y almuerzo para que pueda relajarse entre sus aventuras.<\/p>\n<p>Comience la excursi\u00f3n en barco por el r\u00edo Ca\u00f1o Hondo, un torrente que atraviesa el mayor manglar del Caribe. A pie, atraviese el paisaje \u00fanico de Los Haitises, con su meseta c\u00e1rstica de piedra caliza, colinas c\u00f3nicas, sumideros y cavernas.<\/p>\n<p>Explore los islotes y manglares de la bah\u00eda de San Lorenzo y observe aves en vuelo rasante en el Cayo de los P\u00e1jaros, entre la Boca del Infierno y El Naranjo Arriba. Det\u00e9ngase en numerosos mogotes y atolones repartidos por la costa que rodea el parque, e identifique decenas de aves aut\u00f3ctonas por el camino.<\/p>\n<p>Conozca los \u00e1rboles cupey y las aves que pueblan sus ramas horizontales, as\u00ed como los banianos silvestres y los almendros tropicales. Observe crust\u00e1ceos, peces y aves aut\u00f3ctonos que se alimentan de las impecables aguas del r\u00edo y de la exuberante vegetaci\u00f3n.<\/p>\n<p>Contin\u00fae por terreno m\u00e1s rocoso, donde visitar\u00e1 dos cavernas decoradas con petroglifos y tallas en la pared: las huellas dejadas por los ta\u00ednos que vivieron all\u00ed hace mucho tiempo. Est\u00e9 atento a los murci\u00e9lagos y otras aves nocturnas que viven en estas cuevas.<\/p>\n<div class=\"toggle-content__content toggle-content__content--expanded toggle-content__content--packable\" data-v-59485d64=\"\">\n<div data-test-id=\"activity-full-description-text\" data-v-5835c99c=\"\">Por \u00faltimo, tome el autob\u00fas de vuelta a su destino en Miches<\/div>\n<\/div>\n<div class=\"toggle-content__label-placeholder\" data-v-59485d64=\"\"><\/div>","protected":false},"excerpt":{"rendered":"<div data-track=\"overview\" data-v-83a2b402=\"\">\n<section id=\"activity-overview\" class=\"activity-overview\" data-component=\"overview\" data-v-83a2b402=\"\" data-v-f3236c42=\"\">\n<p class=\"activity-overview__content\" data-test-id=\"activity-overview-content\" data-v-f3236c42=\"\">Explora Parque Nacional Los Haitises y visita lugares locales partiendo de Miches. Disfrute de la naturaleza en peque\u00f1os grupos visita a este incre\u00edble parque, visitar cuevas, manglares y las islas alrededor.<\/p>\n<\/section>\n<\/div>\n<div data-track=\"key-details\" data-v-83a2b402=\"\"><\/div>","protected":false},"featured_media":17035,"template":"","meta":[],"product_brand":[],"product_cat":[97,103],"product_tag":[101,102],"class_list":{"0":"post-16990","1":"product","2":"type-product","3":"status-publish","4":"has-post-thumbnail","6":"product_cat-dominican-republic","7":"product_cat-los-haitises","8":"product_tag-excursion","9":"product_tag-tour","11":"first","12":"instock","13":"sale","14":"shipping-taxable","15":"product-type-external"},"_links":{"self":[{"href":"https:\/\/sabanadelamartours.com\/es\/wp-json\/wp\/v2\/product\/16990","targetHints":{"allow":["GET"]}}],"collection":[{"href":"https:\/\/sabanadelamartours.com\/es\/wp-json\/wp\/v2\/product"}],"about":[{"href":"https:\/\/sabanadelamartours.com\/es\/wp-json\/wp\/v2\/types\/product"}],"version-history":[{"count":1,"href":"https:\/\/sabanadelamartours.com\/es\/wp-json\/wp\/v2\/product\/16990\/revisions"}],"predecessor-version":[{"id":18760,"href":"https:\/\/sabanadelamartours.com\/es\/wp-json\/wp\/v2\/product\/16990\/revisions\/18760"}],"wp:featuredmedia":[{"embeddable":true,"href":"https:\/\/sabanadelamartours.com\/es\/wp-json\/wp\/v2\/media\/17035"}],"wp:attachment":[{"href":"https:\/\/sabanadelamartours.com\/es\/wp-json\/wp\/v2\/media?parent=16990"}],"wp:term":[{"taxonomy":"product_brand","embeddable":true,"href":"https:\/\/sabanadelamartours.com\/es\/wp-json\/wp\/v2\/product_brand?post=16990"},{"taxonomy":"product_cat","embeddable":true,"href":"https:\/\/sabanadelamartours.com\/es\/wp-json\/wp\/v2\/product_cat?post=16990"},{"taxonomy":"product_tag","embeddable":true,"href":"https:\/\/sabanadelamartours.com\/es\/wp-json\/wp\/v2\/product_tag?post=16990"}],"curies":[{"name":"wp","href":"https:\/\/api.w.org\/{rel}","templated":true}]}}