{"id":17095,"date":"2025-12-18T14:22:32","date_gmt":"2025-12-18T14:22:32","guid":{"rendered":"https:\/\/sabanadelamartours.com\/?post_type=product&#038;p=17095"},"modified":"2026-01-09T14:15:08","modified_gmt":"2026-01-09T14:15:08","slug":"vip-daypass-atvs-tirolinas-paseos-a-caballo-hotel-crucero","status":"publish","type":"product","link":"https:\/\/sabanadelamartours.com\/es\/visita\/vip-daypass-atvs-tirolinas-paseos-a-caballo-hotel-crucero\/","title":{"rendered":"VIP DayPass | ATV's, Tirolinas, Paseos a Caballo| Hotel &amp; Crucero"},"content":{"rendered":"<p>\u00bfEst\u00e1 buscando un d\u00eda lleno de diversi\u00f3n en la campi\u00f1a dominicana? \u00a1No busque m\u00e1s! Explore y experimente nuestra impresionante campi\u00f1a desde la perspectiva de las aves en 8 tirolinas certificadas por la ACCT. Conduzca fuera de la carretera en su propio ATV todo terreno, a trav\u00e9s del cauce de un r\u00edo y a lo largo de aldeas locales mientras observa la vida cotidiana de los habitantes. Le esperan unas vistas impresionantes durante un relajado paseo a caballo. Conozca a nuestros animales y aprenda sobre plantas tropicales mientras pasea por nuestro jard\u00edn y termine el d\u00eda con un chapuz\u00f3n en nuestra piscina mientras se lanza en tirolina. Al final del d\u00eda le serviremos un merecido almuerzo a base de arroz, jud\u00edas, pollo, pl\u00e1tano y mucho m\u00e1s.<\/p>\n<div class=\"toggle-content__content toggle-content__content--expanded toggle-content__content--packable\" data-v-59485d64=\"\">\n<div data-test-id=\"activity-full-description-text\" data-v-5835c99c=\"\">Esta excursi\u00f3n est\u00e1 disponible para hu\u00e9spedes de hoteles y cruceros.<\/div>\n<\/div>\n<div class=\"toggle-content__label-placeholder\" data-v-59485d64=\"\"><\/div>","protected":false},"excerpt":{"rendered":"<div data-track=\"overview\" data-v-83a2b402=\"\">\n<section id=\"activity-overview\" class=\"activity-overview\" data-component=\"overview\" data-v-83a2b402=\"\" data-v-f3236c42=\"\">\n<p class=\"activity-overview__content\" data-test-id=\"activity-overview-content\" data-v-f3236c42=\"\">Dir\u00edjase a un parque de aventuras para pasar el d\u00eda y disfrutar de una amplia gama de actividades, como tirolina, conducci\u00f3n de veh\u00edculos todo terreno, paseos a caballo y una visita a un jard\u00edn. Despu\u00e9s de abrir el apetito, disfrute de un delicioso almuerzo tradicional dominicano.<\/p>\n<\/section>\n<\/div>\n<div data-track=\"key-details\" data-v-83a2b402=\"\"><\/div>","protected":false},"featured_media":17132,"template":"","meta":[],"product_brand":[],"product_cat":[97],"product_tag":[101,102],"class_list":{"0":"post-17095","1":"product","2":"type-product","3":"status-publish","4":"has-post-thumbnail","6":"product_cat-dominican-republic","7":"product_tag-excursion","8":"product_tag-tour","10":"first","11":"instock","12":"shipping-taxable","13":"product-type-external"},"_links":{"self":[{"href":"https:\/\/sabanadelamartours.com\/es\/wp-json\/wp\/v2\/product\/17095","targetHints":{"allow":["GET"]}}],"collection":[{"href":"https:\/\/sabanadelamartours.com\/es\/wp-json\/wp\/v2\/product"}],"about":[{"href":"https:\/\/sabanadelamartours.com\/es\/wp-json\/wp\/v2\/types\/product"}],"version-history":[{"count":1,"href":"https:\/\/sabanadelamartours.com\/es\/wp-json\/wp\/v2\/product\/17095\/revisions"}],"predecessor-version":[{"id":18765,"href":"https:\/\/sabanadelamartours.com\/es\/wp-json\/wp\/v2\/product\/17095\/revisions\/18765"}],"wp:featuredmedia":[{"embeddable":true,"href":"https:\/\/sabanadelamartours.com\/es\/wp-json\/wp\/v2\/media\/17132"}],"wp:attachment":[{"href":"https:\/\/sabanadelamartours.com\/es\/wp-json\/wp\/v2\/media?parent=17095"}],"wp:term":[{"taxonomy":"product_brand","embeddable":true,"href":"https:\/\/sabanadelamartours.com\/es\/wp-json\/wp\/v2\/product_brand?post=17095"},{"taxonomy":"product_cat","embeddable":true,"href":"https:\/\/sabanadelamartours.com\/es\/wp-json\/wp\/v2\/product_cat?post=17095"},{"taxonomy":"product_tag","embeddable":true,"href":"https:\/\/sabanadelamartours.com\/es\/wp-json\/wp\/v2\/product_tag?post=17095"}],"curies":[{"name":"wp","href":"https:\/\/api.w.org\/{rel}","templated":true}]}}