{"id":17120,"date":"2025-12-18T14:23:51","date_gmt":"2025-12-18T14:23:51","guid":{"rendered":"https:\/\/sabanadelamartours.com\/?post_type=product&#038;p=17120"},"modified":"2026-01-09T14:17:02","modified_gmt":"2026-01-09T14:17:02","slug":"los-haitises-playa-esmeralda-montana-redonda","status":"publish","type":"product","link":"https:\/\/sabanadelamartours.com\/es\/visita\/los-haitises-playa-esmeralda-montana-redonda\/","title":{"rendered":"Los Haitises y Playa Esmeralda + Montana Redonda"},"content":{"rendered":"<p>Take a small group trip to Los Haitises national park staring from Punta Cana. Boat ride at the mangroves in Cano Hondo river. By foot, traverse the unique landscape of Los Haitises with its limestone karst plateau, conical hills, sinkholes, and caverns.<\/p>\n<p>Explore los islotes y manglares de la bah\u00eda de San Lorenzo y observe aves en vuelo rasante en el Cayo de los P\u00e1jaros, entre la Boca del Infierno y El Naranjo Arriba. Det\u00e9ngase en numerosos mogotes y atolones repartidos por la costa que rodea el parque, e identifique decenas de aves aut\u00f3ctonas por el camino.<\/p>\n<p>Conozca los \u00e1rboles cupey y las aves que pueblan sus ramas horizontales, as\u00ed como los banianos silvestres y los almendros tropicales. Observe crust\u00e1ceos, peces y aves aut\u00f3ctonos que se alimentan de las impecables aguas del r\u00edo y de la exuberante vegetaci\u00f3n.<\/p>\n<p>Contin\u00fae por terreno m\u00e1s rocoso, donde visitar\u00e1 dos cavernas decoradas con petroglifos y tallas en la pared: las huellas dejadas por los ta\u00ednos que vivieron all\u00ed hace mucho tiempo. Est\u00e9 atento a los murci\u00e9lagos y otras aves nocturnas que viven en estas cuevas.<\/p>\n<p>After this visiting local Cuisine restaurant for lunch and travel to Esmeralda beach for Free time. Esmeralda bay is one of the last Birgin Beaches in the Dominican Republic. Take time to explore!<\/p>\n<div class=\"toggle-content__content toggle-content__content--expanded toggle-content__content--packable\" data-v-59485d64=\"\">\n<div data-test-id=\"activity-full-description-text\" data-v-5835c99c=\"\">Using Safari to the mountain hills up to Montana Redonda for feel amazed with the views to the ocean and mountains around the nature. Find the best views in a special location between Laguna Lim\u00f3n and Laguna Redonda and see as far as the Bay of Samana, the Cordillera Oriental, and the Atlantic Ocean.<\/div>\n<\/div>\n<div class=\"toggle-content__label-placeholder\" data-v-59485d64=\"\"><\/div>","protected":false},"excerpt":{"rendered":"<div data-track=\"overview\" data-v-83a2b402=\"\">\n<section id=\"activity-overview\" class=\"activity-overview\" data-component=\"overview\" data-v-83a2b402=\"\" data-v-f3236c42=\"\">\n<p class=\"activity-overview__content\" data-test-id=\"activity-overview-content\" data-v-f3236c42=\"\">Visiting Los Haitises Park , Mangroves and islands by Boat trip and hiking the caves. After Lunch with locals visit one of the most virgin beaches around the east cost &amp; Safari to Montana redonda<\/p>\n<\/section>\n<\/div>\n<div data-track=\"key-details\" data-v-83a2b402=\"\"><\/div>","protected":false},"featured_media":17149,"template":"","meta":[],"product_brand":[],"product_cat":[97,103],"product_tag":[101,102],"class_list":{"0":"post-17120","1":"product","2":"type-product","3":"status-publish","4":"has-post-thumbnail","6":"product_cat-dominican-republic","7":"product_cat-los-haitises","8":"product_tag-excursion","9":"product_tag-tour","11":"first","12":"instock","13":"sale","14":"shipping-taxable","15":"product-type-external"},"_links":{"self":[{"href":"https:\/\/sabanadelamartours.com\/es\/wp-json\/wp\/v2\/product\/17120","targetHints":{"allow":["GET"]}}],"collection":[{"href":"https:\/\/sabanadelamartours.com\/es\/wp-json\/wp\/v2\/product"}],"about":[{"href":"https:\/\/sabanadelamartours.com\/es\/wp-json\/wp\/v2\/types\/product"}],"version-history":[{"count":1,"href":"https:\/\/sabanadelamartours.com\/es\/wp-json\/wp\/v2\/product\/17120\/revisions"}],"predecessor-version":[{"id":18767,"href":"https:\/\/sabanadelamartours.com\/es\/wp-json\/wp\/v2\/product\/17120\/revisions\/18767"}],"wp:featuredmedia":[{"embeddable":true,"href":"https:\/\/sabanadelamartours.com\/es\/wp-json\/wp\/v2\/media\/17149"}],"wp:attachment":[{"href":"https:\/\/sabanadelamartours.com\/es\/wp-json\/wp\/v2\/media?parent=17120"}],"wp:term":[{"taxonomy":"product_brand","embeddable":true,"href":"https:\/\/sabanadelamartours.com\/es\/wp-json\/wp\/v2\/product_brand?post=17120"},{"taxonomy":"product_cat","embeddable":true,"href":"https:\/\/sabanadelamartours.com\/es\/wp-json\/wp\/v2\/product_cat?post=17120"},{"taxonomy":"product_tag","embeddable":true,"href":"https:\/\/sabanadelamartours.com\/es\/wp-json\/wp\/v2\/product_tag?post=17120"}],"curies":[{"name":"wp","href":"https:\/\/api.w.org\/{rel}","templated":true}]}}